{"id":1022,"date":"2018-12-06T17:18:40","date_gmt":"2018-12-06T22:18:40","guid":{"rendered":"http:\/\/mcmillanvantage.com\/?page_id=13"},"modified":"2025-08-27T16:02:43","modified_gmt":"2025-08-27T20:02:43","slug":"en-vedette","status":"publish","type":"page","link":"https:\/\/mcmillanvantage.com\/fr\/en-vedette\/","title":{"rendered":"En Vedette"},"content":{"rendered":"\n<hr class=\"wp-block-separator has-css-opacity is-style-wide\"\/>\n\n\n\n<div style=\"height:32px\" aria-hidden=\"true\" class=\"wp-block-spacer\"><\/div>\n\n\n\n<div id=\"bds-feed-block_581d3a1667cfda97f21eaa6a116d4cde\" class=\"bds-block bds-feed-block\">\n\t<div class=\"bds-grid bds-loop bds-loop-mode--term bds-loop-post-type--post bds-loop-taxonomy--category has-3-columns has-default-style\">\n\n\t\t\n\t\t<article\nclass=\"post-2645 post type-post status-publish format-standard has-post-thumbnail hentry category-en-vedette category-insight bds-site-content-item\" id=\"post-2645\">\n\t\t<div class=\"ast-post-format- blog-layout-1 ast-no-date-box\">\r\n\t<div class=\"post-content ast-grid-common-col\" >\r\n\t\t<div class=\"ast-blog-featured-section post-thumb ast-grid-common-col ast-float\"><a href=\"https:\/\/mcmillanvantage.com\/fr\/2022\/10\/21\/ce-que-vous-devez-savoir-a-propos-du-nouveau-conseil-des-ministres-a-quebec\/\" ><div class=\"post-thumb-img-content post-thumb\"><a href=\"https:\/\/mcmillanvantage.com\/fr\/2022\/10\/21\/ce-que-vous-devez-savoir-a-propos-du-nouveau-conseil-des-ministres-a-quebec\/\" ><img loading=\"lazy\" decoding=\"async\" width=\"1200\" height=\"628\" src=\"https:\/\/mcmillanvantage.com\/fr\/wp-content\/uploads\/sites\/3\/2022\/10\/McMillan-Vantage-SPOTLIGHT-Quebec-Cabinet-1200x628.png\" class=\"attachment-bds_child_theme_thumb size-bds_child_theme_thumb wp-post-image\" alt=\"\" srcset=\"https:\/\/mcmillanvantage.com\/fr\/wp-content\/uploads\/sites\/3\/2022\/10\/McMillan-Vantage-SPOTLIGHT-Quebec-Cabinet.png 1200w, https:\/\/mcmillanvantage.com\/fr\/wp-content\/uploads\/sites\/3\/2022\/10\/McMillan-Vantage-SPOTLIGHT-Quebec-Cabinet-300x157.png 300w, https:\/\/mcmillanvantage.com\/fr\/wp-content\/uploads\/sites\/3\/2022\/10\/McMillan-Vantage-SPOTLIGHT-Quebec-Cabinet-1024x536.png 1024w, https:\/\/mcmillanvantage.com\/fr\/wp-content\/uploads\/sites\/3\/2022\/10\/McMillan-Vantage-SPOTLIGHT-Quebec-Cabinet-768x402.png 768w\" sizes=\"auto, (max-width: 1200px) 100vw, 1200px\" \/><\/a><\/div><\/a><\/div>\t\t<header class=\"entry-header\">\r\n\t\t\t<h2 class=\"entry-title balance-text\" ><a href=\"https:\/\/mcmillanvantage.com\/fr\/2022\/10\/21\/ce-que-vous-devez-savoir-a-propos-du-nouveau-conseil-des-ministres-a-quebec\/\" rel=\"bookmark\">Ce que vous devez savoir \u00e0 propos du nouveau conseil des ministres \u00e0 Qu\u00e9bec<\/a><\/h2>\t\t\t<div class=\"entry-meta\"><span class=\"posted-on\"><span class=\"published\" itemprop=\"datePublished\"> 10\/21\/2022<\/span><span class=\"updated\" itemprop=\"dateModified\"> 10\/21\/2022<\/span><\/span><\/div>\t\t<\/header><!-- .entry-header -->\r\n\t\t\t\t<div class=\"entry-content clear\"\r\n\t\t\t\t>\r\n\t\t\t<p>Le premier ministre Fran\u00e7ois Legault a pr\u00e9sent\u00e9 son nouveau conseil des ministres alors qu\u2019il entreprend un deuxi\u00e8me mandat avec une majorit\u00e9 encore plus forte. M.&nbsp;Legault&hellip;<\/p>\n<p class=\"read-more\"><a class=\"\" href=\"https:\/\/mcmillanvantage.com\/fr\/2022\/10\/21\/ce-que-vous-devez-savoir-a-propos-du-nouveau-conseil-des-ministres-a-quebec\/\"><span class=\"screen-reader-text\">Ce que vous devez savoir \u00e0 propos du nouveau conseil des ministres \u00e0 Qu\u00e9bec<\/span>Lire plus<\/a><\/span><\/p>\n\t\t<\/div><!-- .entry-content .clear -->\r\n\t<\/div><!-- .post-content -->\r\n<\/div> <!-- .blog-layout-1 -->\r\n\t<\/article><!-- #post-## -->\n<article\nclass=\"post-2643 post type-post status-publish format-standard has-post-thumbnail hentry category-en-vedette category-insight bds-site-content-item\" id=\"post-2643\">\n\t\t<div class=\"ast-post-format- blog-layout-1 ast-no-date-box\">\r\n\t<div class=\"post-content ast-grid-common-col\" >\r\n\t\t<div class=\"ast-blog-featured-section post-thumb ast-grid-common-col ast-float\"><a href=\"https:\/\/mcmillanvantage.com\/fr\/2022\/10\/07\/qui-a-gagne-une-analyse-des-resultats-des-elections-au-quebec-quel-est-la-suite-et-ce-que-cela-peut-signifier-pour-vous\/\" ><div class=\"post-thumb-img-content post-thumb\"><a href=\"https:\/\/mcmillanvantage.com\/fr\/2022\/10\/07\/qui-a-gagne-une-analyse-des-resultats-des-elections-au-quebec-quel-est-la-suite-et-ce-que-cela-peut-signifier-pour-vous\/\" ><img loading=\"lazy\" decoding=\"async\" width=\"1200\" height=\"628\" src=\"https:\/\/mcmillanvantage.com\/fr\/wp-content\/uploads\/sites\/3\/2022\/10\/McMillan-Vantage-SPOTLIGHT-Quebec-Election-1-1200x628.png\" class=\"attachment-bds_child_theme_thumb size-bds_child_theme_thumb wp-post-image\" alt=\"\" srcset=\"https:\/\/mcmillanvantage.com\/fr\/wp-content\/uploads\/sites\/3\/2022\/10\/McMillan-Vantage-SPOTLIGHT-Quebec-Election-1.png 1200w, https:\/\/mcmillanvantage.com\/fr\/wp-content\/uploads\/sites\/3\/2022\/10\/McMillan-Vantage-SPOTLIGHT-Quebec-Election-1-300x157.png 300w, https:\/\/mcmillanvantage.com\/fr\/wp-content\/uploads\/sites\/3\/2022\/10\/McMillan-Vantage-SPOTLIGHT-Quebec-Election-1-1024x536.png 1024w, https:\/\/mcmillanvantage.com\/fr\/wp-content\/uploads\/sites\/3\/2022\/10\/McMillan-Vantage-SPOTLIGHT-Quebec-Election-1-768x402.png 768w\" sizes=\"auto, (max-width: 1200px) 100vw, 1200px\" \/><\/a><\/div><\/a><\/div>\t\t<header class=\"entry-header\">\r\n\t\t\t<h2 class=\"entry-title balance-text\" ><a href=\"https:\/\/mcmillanvantage.com\/fr\/2022\/10\/07\/qui-a-gagne-une-analyse-des-resultats-des-elections-au-quebec-quel-est-la-suite-et-ce-que-cela-peut-signifier-pour-vous\/\" rel=\"bookmark\">Qui a gagn\u00e9? Une analyse des r\u00e9sultats des \u00e9lections au Qu\u00e9bec, quel est la suite et ce que cela peut signifier pour vous<\/a><\/h2>\t\t\t<div class=\"entry-meta\"><span class=\"posted-on\"><span class=\"published\" itemprop=\"datePublished\"> 10\/07\/2022<\/span><span class=\"updated\" itemprop=\"dateModified\"> 10\/07\/2022<\/span><\/span><\/div>\t\t<\/header><!-- .entry-header -->\r\n\t\t\t\t<div class=\"entry-content clear\"\r\n\t\t\t\t>\r\n\t\t\t<p>\u00ab&nbsp;Continuons&nbsp;\u00bb \u00e9tait le slogan \u00e9lectoral du premier ministre Fran\u00e7ois Legault, et les Qu\u00e9b\u00e9cois lui ont donn\u00e9 ce qu\u2019il voulait, r\u00e9\u00e9lisant la Coalition avenir Qu\u00e9bec (CAQ)&hellip;<\/p>\n<p class=\"read-more\"><a class=\"\" href=\"https:\/\/mcmillanvantage.com\/fr\/2022\/10\/07\/qui-a-gagne-une-analyse-des-resultats-des-elections-au-quebec-quel-est-la-suite-et-ce-que-cela-peut-signifier-pour-vous\/\"><span class=\"screen-reader-text\">Qui a gagn\u00e9? Une analyse des r\u00e9sultats des \u00e9lections au Qu\u00e9bec, quel est la suite et ce que cela peut signifier pour vous<\/span>Lire plus<\/a><\/span><\/p>\n\t\t<\/div><!-- .entry-content .clear -->\r\n\t<\/div><!-- .post-content -->\r\n<\/div> <!-- .blog-layout-1 -->\r\n\t<\/article><!-- #post-## -->\n<article\nclass=\"post-606 post type-post status-publish format-standard has-post-thumbnail hentry category-en-vedette tag-cdnpoli tag-covid tag-lequite tag-pandemie bds-site-content-item\" id=\"post-606\">\n\t\t<div class=\"ast-post-format- blog-layout-1 ast-no-date-box\">\r\n\t<div class=\"post-content ast-grid-common-col\" >\r\n\t\t<div class=\"ast-blog-featured-section post-thumb ast-grid-common-col ast-float\"><a href=\"https:\/\/mcmillanvantage.com\/fr\/2021\/07\/09\/repercussions-durables-de-la-pandemie\/\" ><div class=\"post-thumb-img-content post-thumb\"><a href=\"https:\/\/mcmillanvantage.com\/fr\/2021\/07\/09\/repercussions-durables-de-la-pandemie\/\" ><img loading=\"lazy\" decoding=\"async\" width=\"1024\" height=\"512\" src=\"https:\/\/mcmillanvantage.com\/fr\/wp-content\/uploads\/sites\/3\/2021\/07\/Lasting-Impacts-of-the-Pandemic-FR.jpg\" class=\"attachment-bds_child_theme_thumb size-bds_child_theme_thumb wp-post-image\" alt=\"\" srcset=\"https:\/\/mcmillanvantage.com\/fr\/wp-content\/uploads\/sites\/3\/2021\/07\/Lasting-Impacts-of-the-Pandemic-FR.jpg 1024w, https:\/\/mcmillanvantage.com\/fr\/wp-content\/uploads\/sites\/3\/2021\/07\/Lasting-Impacts-of-the-Pandemic-FR-300x150.jpg 300w, https:\/\/mcmillanvantage.com\/fr\/wp-content\/uploads\/sites\/3\/2021\/07\/Lasting-Impacts-of-the-Pandemic-FR-768x384.jpg 768w\" sizes=\"auto, (max-width: 1024px) 100vw, 1024px\" \/><\/a><\/div><\/a><\/div>\t\t<header class=\"entry-header\">\r\n\t\t\t<h2 class=\"entry-title balance-text\" ><a href=\"https:\/\/mcmillanvantage.com\/fr\/2021\/07\/09\/repercussions-durables-de-la-pandemie\/\" rel=\"bookmark\">R\u00e9percussions durables de la pand\u00e9mie<\/a><\/h2>\t\t\t<div class=\"entry-meta\"><span class=\"posted-on\"><span class=\"published\" itemprop=\"datePublished\"> 07\/09\/2021<\/span><span class=\"updated\" itemprop=\"dateModified\"> 02\/15\/2022<\/span><\/span><\/div>\t\t<\/header><!-- .entry-header -->\r\n\t\t\t\t<div class=\"entry-content clear\"\r\n\t\t\t\t>\r\n\t\t\t<p>Maintenant que la journ\u00e9e du Canada est pass\u00e9e, la perspective Vantage prend un peu de recul pour se pencher sur six tendances, r\u00e9percussions ou questions&hellip;<\/p>\n<p class=\"read-more\"><a class=\"\" href=\"https:\/\/mcmillanvantage.com\/fr\/2021\/07\/09\/repercussions-durables-de-la-pandemie\/\"><span class=\"screen-reader-text\">R\u00e9percussions durables de la pand\u00e9mie<\/span>Lire plus<\/a><\/span><\/p>\n\t\t<\/div><!-- .entry-content .clear -->\r\n\t<\/div><!-- .post-content -->\r\n<\/div> <!-- .blog-layout-1 -->\r\n\t<\/article><!-- #post-## -->\n<article\nclass=\"post-596 post type-post status-publish format-standard hentry category-en-vedette category-insight bds-site-content-item\" id=\"post-596\">\n\t\t<div class=\"ast-post-format- ast-no-thumb blog-layout-1 ast-no-date-box\">\r\n\t<div class=\"post-content ast-grid-common-col\" >\r\n\t\t<div class=\"ast-blog-featured-section post-thumb ast-grid-common-col ast-float\"><a href=\"https:\/\/mcmillanvantage.com\/fr\/2021\/05\/26\/projet-de-loi-96\/\" ><\/a><\/div>\t\t<header class=\"entry-header\">\r\n\t\t\t<h2 class=\"entry-title balance-text\" ><a href=\"https:\/\/mcmillanvantage.com\/fr\/2021\/05\/26\/projet-de-loi-96\/\" rel=\"bookmark\">Projet de loi 96 \u2013 10 principaux impacts de la r\u00e9vision de la charte de la langue fran\u00e7aise pour votre entreprise et moment pr\u00e9vu de la mise en oeuvre des modifications<\/a><\/h2>\t\t\t<div class=\"entry-meta\"><span class=\"posted-on\"><span class=\"published\" itemprop=\"datePublished\"> 05\/26\/2021<\/span><span class=\"updated\" itemprop=\"dateModified\"> 02\/15\/2022<\/span><\/span><\/div>\t\t<\/header><!-- .entry-header -->\r\n\t\t\t\t<div class=\"entry-content clear\"\r\n\t\t\t\t>\r\n\t\t\t<p>Des modifications \u00e0 la Charte de la langue fran\u00e7aise sont imminentes, ce n\u2019est qu\u2019une question de temps avant qu\u2019elles ne surviennent. M\u00eame si elle n\u2019est&hellip;<\/p>\n<p class=\"read-more\"><a class=\"\" href=\"https:\/\/mcmillanvantage.com\/fr\/2021\/05\/26\/projet-de-loi-96\/\"><span class=\"screen-reader-text\">Projet de loi 96 \u2013 10 principaux impacts de la r\u00e9vision de la charte de la langue fran\u00e7aise pour votre entreprise et moment pr\u00e9vu de la mise en oeuvre des modifications<\/span>Lire plus<\/a><\/span><\/p>\n\t\t<\/div><!-- .entry-content .clear -->\r\n\t<\/div><!-- .post-content -->\r\n<\/div> <!-- .blog-layout-1 -->\r\n\t<\/article><!-- #post-## -->\n<article\nclass=\"post-592 post type-post status-publish format-standard has-post-thumbnail hentry category-en-vedette category-featured category-insight bds-site-content-item\" id=\"post-592\">\n\t\t<div class=\"ast-post-format- blog-layout-1 ast-no-date-box\">\r\n\t<div class=\"post-content ast-grid-common-col\" >\r\n\t\t<div class=\"ast-blog-featured-section post-thumb ast-grid-common-col ast-float\"><a href=\"https:\/\/mcmillanvantage.com\/fr\/2021\/03\/31\/le-gouvernement-du-quebec-depose-un-budget-retenu-alors-que-la-caq-se-prepare-a-sa-campagne-de-reelection\/\" ><div class=\"post-thumb-img-content post-thumb\"><a href=\"https:\/\/mcmillanvantage.com\/fr\/2021\/03\/31\/le-gouvernement-du-quebec-depose-un-budget-retenu-alors-que-la-caq-se-prepare-a-sa-campagne-de-reelection\/\" ><img loading=\"lazy\" decoding=\"async\" width=\"1024\" height=\"512\" src=\"https:\/\/mcmillanvantage.com\/fr\/wp-content\/uploads\/sites\/3\/2021\/03\/Quebec-Releases-Restrained-final2-FR.jpg\" class=\"attachment-bds_child_theme_thumb size-bds_child_theme_thumb wp-post-image\" alt=\"\" srcset=\"https:\/\/mcmillanvantage.com\/fr\/wp-content\/uploads\/sites\/3\/2021\/03\/Quebec-Releases-Restrained-final2-FR.jpg 1024w, https:\/\/mcmillanvantage.com\/fr\/wp-content\/uploads\/sites\/3\/2021\/03\/Quebec-Releases-Restrained-final2-FR-300x150.jpg 300w, https:\/\/mcmillanvantage.com\/fr\/wp-content\/uploads\/sites\/3\/2021\/03\/Quebec-Releases-Restrained-final2-FR-768x384.jpg 768w\" sizes=\"auto, (max-width: 1024px) 100vw, 1024px\" \/><\/a><\/div><\/a><\/div>\t\t<header class=\"entry-header\">\r\n\t\t\t<h2 class=\"entry-title balance-text\" ><a href=\"https:\/\/mcmillanvantage.com\/fr\/2021\/03\/31\/le-gouvernement-du-quebec-depose-un-budget-retenu-alors-que-la-caq-se-prepare-a-sa-campagne-de-reelection\/\" rel=\"bookmark\">Le gouvernement du Qu\u00e9bec d\u00e9pose un budget retenu alors que la CAQ se pr\u00e9pare \u00e0 sa campagne de r\u00e9\u00e9lection<\/a><\/h2>\t\t\t<div class=\"entry-meta\"><span class=\"posted-on\"><span class=\"published\" itemprop=\"datePublished\"> 03\/31\/2021<\/span><span class=\"updated\" itemprop=\"dateModified\"> 02\/15\/2022<\/span><\/span><\/div>\t\t<\/header><!-- .entry-header -->\r\n\t\t\t\t<div class=\"entry-content clear\"\r\n\t\t\t\t>\r\n\t\t\t<p>Nous associons souvent l\u2019avant-dernier \u00e9pisode \u00e0 une grande excitation ou \u00e0 un suspense qui vous tient en haleine. L\u2019avant-dernier budget du mandat de quatre ans&hellip;<\/p>\n<p class=\"read-more\"><a class=\"\" href=\"https:\/\/mcmillanvantage.com\/fr\/2021\/03\/31\/le-gouvernement-du-quebec-depose-un-budget-retenu-alors-que-la-caq-se-prepare-a-sa-campagne-de-reelection\/\"><span class=\"screen-reader-text\">Le gouvernement du Qu\u00e9bec d\u00e9pose un budget retenu alors que la CAQ se pr\u00e9pare \u00e0 sa campagne de r\u00e9\u00e9lection<\/span>Lire plus<\/a><\/span><\/p>\n\t\t<\/div><!-- .entry-content .clear -->\r\n\t<\/div><!-- .post-content -->\r\n<\/div> <!-- .blog-layout-1 -->\r\n\t<\/article><!-- #post-## -->\n<article\nclass=\"post-590 post type-post status-publish format-standard has-post-thumbnail hentry category-en-vedette category-insight bds-site-content-item\" id=\"post-590\">\n\t\t<div class=\"ast-post-format- blog-layout-1 ast-no-date-box\">\r\n\t<div class=\"post-content ast-grid-common-col\" >\r\n\t\t<div class=\"ast-blog-featured-section post-thumb ast-grid-common-col ast-float\"><a href=\"https:\/\/mcmillanvantage.com\/fr\/2021\/03\/23\/reforme-du-lobbying-une-impression-de-deja-vu-la-commissaire-au-lobbying-du-canada-recommande-une-fois-encore-de-resserrer-les-obligations-incombant-aux-lobbyistes\/\" ><div class=\"post-thumb-img-content post-thumb\"><a href=\"https:\/\/mcmillanvantage.com\/fr\/2021\/03\/23\/reforme-du-lobbying-une-impression-de-deja-vu-la-commissaire-au-lobbying-du-canada-recommande-une-fois-encore-de-resserrer-les-obligations-incombant-aux-lobbyistes\/\" ><img loading=\"lazy\" decoding=\"async\" width=\"1024\" height=\"512\" src=\"https:\/\/mcmillanvantage.com\/fr\/wp-content\/uploads\/sites\/3\/2021\/03\/0321-43-Lobbying-Reform-Deja-Vu-FR-V3.jpg\" class=\"attachment-bds_child_theme_thumb size-bds_child_theme_thumb wp-post-image\" alt=\"\" srcset=\"https:\/\/mcmillanvantage.com\/fr\/wp-content\/uploads\/sites\/3\/2021\/03\/0321-43-Lobbying-Reform-Deja-Vu-FR-V3.jpg 1024w, https:\/\/mcmillanvantage.com\/fr\/wp-content\/uploads\/sites\/3\/2021\/03\/0321-43-Lobbying-Reform-Deja-Vu-FR-V3-300x150.jpg 300w, https:\/\/mcmillanvantage.com\/fr\/wp-content\/uploads\/sites\/3\/2021\/03\/0321-43-Lobbying-Reform-Deja-Vu-FR-V3-768x384.jpg 768w\" sizes=\"auto, (max-width: 1024px) 100vw, 1024px\" \/><\/a><\/div><\/a><\/div>\t\t<header class=\"entry-header\">\r\n\t\t\t<h2 class=\"entry-title balance-text\" ><a href=\"https:\/\/mcmillanvantage.com\/fr\/2021\/03\/23\/reforme-du-lobbying-une-impression-de-deja-vu-la-commissaire-au-lobbying-du-canada-recommande-une-fois-encore-de-resserrer-les-obligations-incombant-aux-lobbyistes\/\" rel=\"bookmark\">R\u00e9forme du lobbying, une impression de d\u00e9j\u00e0 vu? La Commissaire au lobbying du Canada recommande une fois encore de resserrer les obligations incombant aux lobbyistes<\/a><\/h2>\t\t\t<div class=\"entry-meta\"><span class=\"posted-on\"><span class=\"published\" itemprop=\"datePublished\"> 03\/23\/2021<\/span><span class=\"updated\" itemprop=\"dateModified\"> 02\/15\/2022<\/span><\/span><\/div>\t\t<\/header><!-- .entry-header -->\r\n\t\t\t\t<div class=\"entry-content clear\"\r\n\t\t\t\t>\r\n\t\t\t<p>Le mois dernier, la Commissaire au lobbying du Canada (la \u00ab\u00a0Commissaire\u00a0\u00bb) a publi\u00e9 un rapport intitul\u00e9 \u00ab\u00a0Am\u00e9liorer la Loi sur le lobbying \u2013\u00a0 Recommandations pr\u00e9liminaires\u00a0\u00bb.&hellip;<\/p>\n<p class=\"read-more\"><a class=\"\" href=\"https:\/\/mcmillanvantage.com\/fr\/2021\/03\/23\/reforme-du-lobbying-une-impression-de-deja-vu-la-commissaire-au-lobbying-du-canada-recommande-une-fois-encore-de-resserrer-les-obligations-incombant-aux-lobbyistes\/\"><span class=\"screen-reader-text\">R\u00e9forme du lobbying, une impression de d\u00e9j\u00e0 vu? La Commissaire au lobbying du Canada recommande une fois encore de resserrer les obligations incombant aux lobbyistes<\/span>Lire plus<\/a><\/span><\/p>\n\t\t<\/div><!-- .entry-content .clear -->\r\n\t<\/div><!-- .post-content -->\r\n<\/div> <!-- .blog-layout-1 -->\r\n\t<\/article><!-- #post-## -->\n\n\t<\/div>\n\n\t\n\t\t<p class=\"bds-more-link\"><a href=\"https:\/\/mcmillanvantage.com\/fr\/news\/\" target=\"\">See More<\/a><\/p>\n\t\n\t\n<\/div>\n","protected":false},"excerpt":{"rendered":"","protected":false},"author":1,"featured_media":0,"parent":0,"menu_order":35,"comment_status":"closed","ping_status":"closed","template":"","meta":{"_acf_changed":false,"site-sidebar-layout":"default","site-content-layout":"default","ast-global-header-display":"","ast-main-header-display":"","ast-hfb-above-header-display":"","ast-hfb-below-header-display":"","ast-hfb-mobile-header-display":"","site-post-title":"","ast-breadcrumbs-content":"","ast-featured-img":"","footer-sml-layout":"","theme-transparent-header-meta":"","adv-header-id-meta":"","stick-header-meta":"","header-above-stick-meta":"","header-main-stick-meta":"","header-below-stick-meta":"","footnotes":""},"class_list":["post-1022","page","type-page","status-publish","hentry","bds-site-content-item"],"acf":[],"yoast_head":"<!-- This site is optimized with the Yoast SEO plugin v26.3 - https:\/\/yoast.com\/wordpress\/plugins\/seo\/ -->\n<title>En Vedette - McMillan Vantage<\/title>\n<meta name=\"robots\" content=\"index, follow, max-snippet:-1, max-image-preview:large, max-video-preview:-1\" \/>\n<link rel=\"canonical\" href=\"https:\/\/mcmillanvantage.com\/fr\/en-vedette\/\" \/>\n<meta property=\"og:locale\" content=\"fr_CA\" \/>\n<meta property=\"og:type\" content=\"article\" \/>\n<meta property=\"og:title\" content=\"En Vedette - McMillan Vantage\" \/>\n<meta property=\"og:url\" content=\"https:\/\/mcmillanvantage.com\/fr\/en-vedette\/\" \/>\n<meta property=\"og:site_name\" content=\"McMillan Vantage\" \/>\n<meta property=\"article:modified_time\" content=\"2025-08-27T20:02:43+00:00\" \/>\n<meta name=\"twitter:card\" content=\"summary_large_image\" \/>\n<script type=\"application\/ld+json\" class=\"yoast-schema-graph\">{\"@context\":\"https:\/\/schema.org\",\"@graph\":[{\"@type\":\"WebPage\",\"@id\":\"https:\/\/mcmillanvantage.com\/fr\/en-vedette\/\",\"url\":\"https:\/\/mcmillanvantage.com\/fr\/en-vedette\/\",\"name\":\"En Vedette - McMillan Vantage\",\"isPartOf\":{\"@id\":\"https:\/\/mcmillanvantage.com\/fr\/#website\"},\"datePublished\":\"2018-12-06T22:18:40+00:00\",\"dateModified\":\"2025-08-27T20:02:43+00:00\",\"breadcrumb\":{\"@id\":\"https:\/\/mcmillanvantage.com\/fr\/en-vedette\/#breadcrumb\"},\"inLanguage\":\"fr-CA\",\"potentialAction\":[{\"@type\":\"ReadAction\",\"target\":[\"https:\/\/mcmillanvantage.com\/fr\/en-vedette\/\"]}]},{\"@type\":\"BreadcrumbList\",\"@id\":\"https:\/\/mcmillanvantage.com\/fr\/en-vedette\/#breadcrumb\",\"itemListElement\":[{\"@type\":\"ListItem\",\"position\":1,\"name\":\"Home\",\"item\":\"https:\/\/mcmillanvantage.com\/fr\/\"},{\"@type\":\"ListItem\",\"position\":2,\"name\":\"En Vedette\"}]},{\"@type\":\"WebSite\",\"@id\":\"https:\/\/mcmillanvantage.com\/fr\/#website\",\"url\":\"https:\/\/mcmillanvantage.com\/fr\/\",\"name\":\"McMillan Vantage\",\"description\":\"\",\"publisher\":{\"@id\":\"https:\/\/mcmillanvantage.com\/fr\/#organization\"},\"potentialAction\":[{\"@type\":\"SearchAction\",\"target\":{\"@type\":\"EntryPoint\",\"urlTemplate\":\"https:\/\/mcmillanvantage.com\/fr\/?s={search_term_string}\"},\"query-input\":{\"@type\":\"PropertyValueSpecification\",\"valueRequired\":true,\"valueName\":\"search_term_string\"}}],\"inLanguage\":\"fr-CA\"},{\"@type\":\"Organization\",\"@id\":\"https:\/\/mcmillanvantage.com\/fr\/#organization\",\"name\":\"McMillan Vantage\",\"url\":\"https:\/\/mcmillanvantage.com\/fr\/\",\"logo\":{\"@type\":\"ImageObject\",\"inLanguage\":\"fr-CA\",\"@id\":\"https:\/\/mcmillanvantage.com\/fr\/#\/schema\/logo\/image\/\",\"url\":\"https:\/\/mcmillanvantage.com\/fr\/wp-content\/uploads\/sites\/3\/2023\/02\/mv-logo-web.svg\",\"contentUrl\":\"https:\/\/mcmillanvantage.com\/fr\/wp-content\/uploads\/sites\/3\/2023\/02\/mv-logo-web.svg\",\"width\":255,\"height\":40,\"caption\":\"McMillan Vantage\"},\"image\":{\"@id\":\"https:\/\/mcmillanvantage.com\/fr\/#\/schema\/logo\/image\/\"},\"sameAs\":[\"https:\/\/www.linkedin.com\/company\/mcmillanvantage\"]}]}<\/script>\n<!-- \/ Yoast SEO plugin. -->","yoast_head_json":{"title":"En Vedette - McMillan Vantage","robots":{"index":"index","follow":"follow","max-snippet":"max-snippet:-1","max-image-preview":"max-image-preview:large","max-video-preview":"max-video-preview:-1"},"canonical":"https:\/\/mcmillanvantage.com\/fr\/en-vedette\/","og_locale":"fr_CA","og_type":"article","og_title":"En Vedette - McMillan Vantage","og_url":"https:\/\/mcmillanvantage.com\/fr\/en-vedette\/","og_site_name":"McMillan Vantage","article_modified_time":"2025-08-27T20:02:43+00:00","twitter_card":"summary_large_image","schema":{"@context":"https:\/\/schema.org","@graph":[{"@type":"WebPage","@id":"https:\/\/mcmillanvantage.com\/fr\/en-vedette\/","url":"https:\/\/mcmillanvantage.com\/fr\/en-vedette\/","name":"En Vedette - McMillan Vantage","isPartOf":{"@id":"https:\/\/mcmillanvantage.com\/fr\/#website"},"datePublished":"2018-12-06T22:18:40+00:00","dateModified":"2025-08-27T20:02:43+00:00","breadcrumb":{"@id":"https:\/\/mcmillanvantage.com\/fr\/en-vedette\/#breadcrumb"},"inLanguage":"fr-CA","potentialAction":[{"@type":"ReadAction","target":["https:\/\/mcmillanvantage.com\/fr\/en-vedette\/"]}]},{"@type":"BreadcrumbList","@id":"https:\/\/mcmillanvantage.com\/fr\/en-vedette\/#breadcrumb","itemListElement":[{"@type":"ListItem","position":1,"name":"Home","item":"https:\/\/mcmillanvantage.com\/fr\/"},{"@type":"ListItem","position":2,"name":"En Vedette"}]},{"@type":"WebSite","@id":"https:\/\/mcmillanvantage.com\/fr\/#website","url":"https:\/\/mcmillanvantage.com\/fr\/","name":"McMillan Vantage","description":"","publisher":{"@id":"https:\/\/mcmillanvantage.com\/fr\/#organization"},"potentialAction":[{"@type":"SearchAction","target":{"@type":"EntryPoint","urlTemplate":"https:\/\/mcmillanvantage.com\/fr\/?s={search_term_string}"},"query-input":{"@type":"PropertyValueSpecification","valueRequired":true,"valueName":"search_term_string"}}],"inLanguage":"fr-CA"},{"@type":"Organization","@id":"https:\/\/mcmillanvantage.com\/fr\/#organization","name":"McMillan Vantage","url":"https:\/\/mcmillanvantage.com\/fr\/","logo":{"@type":"ImageObject","inLanguage":"fr-CA","@id":"https:\/\/mcmillanvantage.com\/fr\/#\/schema\/logo\/image\/","url":"https:\/\/mcmillanvantage.com\/fr\/wp-content\/uploads\/sites\/3\/2023\/02\/mv-logo-web.svg","contentUrl":"https:\/\/mcmillanvantage.com\/fr\/wp-content\/uploads\/sites\/3\/2023\/02\/mv-logo-web.svg","width":255,"height":40,"caption":"McMillan Vantage"},"image":{"@id":"https:\/\/mcmillanvantage.com\/fr\/#\/schema\/logo\/image\/"},"sameAs":["https:\/\/www.linkedin.com\/company\/mcmillanvantage"]}]}},"_links":{"self":[{"href":"https:\/\/mcmillanvantage.com\/fr\/wp-json\/wp\/v2\/pages\/1022","targetHints":{"allow":["GET"]}}],"collection":[{"href":"https:\/\/mcmillanvantage.com\/fr\/wp-json\/wp\/v2\/pages"}],"about":[{"href":"https:\/\/mcmillanvantage.com\/fr\/wp-json\/wp\/v2\/types\/page"}],"author":[{"embeddable":true,"href":"https:\/\/mcmillanvantage.com\/fr\/wp-json\/wp\/v2\/users\/1"}],"replies":[{"embeddable":true,"href":"https:\/\/mcmillanvantage.com\/fr\/wp-json\/wp\/v2\/comments?post=1022"}],"version-history":[{"count":0,"href":"https:\/\/mcmillanvantage.com\/fr\/wp-json\/wp\/v2\/pages\/1022\/revisions"}],"wp:attachment":[{"href":"https:\/\/mcmillanvantage.com\/fr\/wp-json\/wp\/v2\/media?parent=1022"}],"curies":[{"name":"wp","href":"https:\/\/api.w.org\/{rel}","templated":true}]}}