{"id":1023,"date":"2018-12-06T17:18:55","date_gmt":"2018-12-06T22:18:55","guid":{"rendered":"http:\/\/mcmillanvantage.com\/?page_id=15"},"modified":"2024-03-05T11:26:26","modified_gmt":"2024-03-05T16:26:26","slug":"contactez","status":"publish","type":"page","link":"https:\/\/mcmillanvantage.com\/fr\/contactez\/","title":{"rendered":"pour nous joindre"},"content":{"rendered":"\n<hr class=\"wp-block-separator has-css-opacity is-style-wide\"\/>\n\n\n\n<div class=\"wp-block-group alignfull has-ast-global-color-6-background-color has-background is-layout-constrained wp-block-group-is-layout-constrained\"><div class=\"wp-block-group__inner-container\">\n<div class=\"wp-block-columns is-layout-flex wp-container-core-columns-is-layout-28f84493 wp-block-columns-is-layout-flex\">\n<div class=\"wp-block-column is-layout-flow wp-block-column-is-layout-flow\">\n<h2 class=\"wp-block-heading\" id=\"counsel\" style=\"font-size:1.2rem\"><strong>Prestation de conseils<\/strong>&nbsp;<\/h2>\n\n\n\n<p>Vous aimeriez travailler avec notre \u00e9quipe? Nous serions heureux d\u2019en discuter avec vous et d\u2019en apprendre davantage sur votre organisation.&nbsp;<\/p>\n\n\n\n<p>Pour plus d\u2019information sur le travail avec McMillan Vantage,&nbsp;veuillez communiquer avec nous en \u00e9crivant \u00e0 <a href=\"mailto:info@mcmillanvantage.com\">info@mcmillanvantage.com<\/a><\/p>\n<\/div>\n\n\n\n<div class=\"wp-block-column is-layout-flow wp-block-column-is-layout-flow\">\n<h2 class=\"wp-block-heading\" id=\"careers\" style=\"font-size:1.2rem\"><strong>Carri\u00e8res<\/strong><\/h2>\n\n\n\n<p>Vous aimeriez vous joindre \u00e0 notre \u00e9quipe dynamique et avant-gardiste? Nous acceptons avec plaisir les candidatures de personnes talentueuses et qualifi\u00e9es qui veulent se joindre \u00e0 l\u2019\u00e9quipe McMillan Vantage.<\/p>\n\n\n\n<p>Pour plus d\u2019information sur les possibilit\u00e9s de carri\u00e8re actuelles chez&nbsp;McMillan Vantage, veuillez communiquer avec nous en \u00e9crivant \u00e0 <a href=\"mailto:info@mcmillanvantage.com\">info@mcmillanvantage.com<\/a>.<\/p>\n\n\n\n<p>Dans le cadre de son processus de recrutement, McMillan Vantage s\u2019engage \u00e0 fournir de l\u2019aide aux candidat.e.s en situation de handicap, notamment des mesures d\u2019accommodement qui tiennent compte de leurs besoins en mati\u00e8re d\u2019accessibilit\u00e9. Si vous avez besoin d\u2019une mesure d\u2019accommodement \u00e0 un moment quelconque du processus de recrutement ou si vous avez besoin d\u2019aide pour soumettre une candidature, veuillez envoyer un courriel ou composer le 1.888.622.4624 et demander \u00e0&nbsp;\u00eatre mis en communication&nbsp;avec Alison Peters, directrice nationale du recrutement, et vous pourrez lui soumettre votre demande d\u2019accommodement.<\/p>\n<\/div>\n\n\n\n<div class=\"wp-block-column is-layout-flow wp-block-column-is-layout-flow\">\n<h2 class=\"wp-block-heading\" id=\"media\" style=\"font-size:1.2rem\"><strong>M\u00e9dias<\/strong>&nbsp;<\/h2>\n\n\n\n<p>Vous avez besoin d\u2019un.e porte-parole en relations gouvernementales ou en communications strat\u00e9giques? Nous avons tout un \u00e9ventail d\u2019expert.e.s pr\u00eat.e.s \u00e0 vous faire part de leurs perspectives.<\/p>\n\n\n\n<p>Pour les demandes de renseignements des m\u00e9dias, veuillez communiquer avec D\u2019arci McFadden, vice-pr\u00e9sidente, en t\u00e9l\u00e9phonant au 647.293.7160 ou en \u00e9crivant \u00e0&nbsp;<a href=\"mailto:Darci.McFadden@mcmillanvantage.ca\">Darci.McFadden@mcmillanvantage.ca<\/a>.<\/p>\n<\/div>\n<\/div>\n<\/div><\/div>\n\n\n\n<div class=\"wp-block-group is-layout-constrained wp-block-group-is-layout-constrained\"><div class=\"wp-block-group__inner-container\">\n<h2 class=\"wp-block-heading\" id=\"our-locations\" style=\"font-size:40px;font-style:normal;font-weight:300;text-transform:uppercase\">Nos bureaux<\/h2>\n\n\n\n<hr class=\"wp-block-separator has-css-opacity is-style-wide\"\/>\n\n\n\n<div class=\"wp-block-columns has-ast-global-color-5-background-color has-background is-layout-flex wp-container-core-columns-is-layout-28f84493 wp-block-columns-is-layout-flex\">\n<div class=\"wp-block-column has-angled-bottom-border is-layout-flow wp-block-column-is-layout-flow\">\n<div style=\"height:1rem\" aria-hidden=\"true\" class=\"wp-block-spacer\"><\/div>\n\n\n\n<h3 class=\"wp-block-heading has-ast-global-color-2-color has-text-color\" id=\"vancouver-bc\"><strong>Vancouver \/ BC<\/strong><\/h3>\n\n\n\n<p>Royal Centre, bureau 1500<br>1055 West Georgia Street, P.O. Box 11117<br>Vancouver (Colombie-Britannique)<br>Canada V6E 4N7<br>T\u00e9l\u00e9phone : 1 888 603 7720<\/p>\n\n\n\n<p class=\"has-arrow-style\"><a href=\"https:\/\/goo.gl\/maps\/9SjhTCFFp8t1Suf5A\" target=\"_blank\" rel=\"noreferrer noopener\">Carte<\/a><\/p>\n<\/div>\n\n\n\n<div class=\"wp-block-column has-angled-bottom-border is-layout-flow wp-block-column-is-layout-flow\">\n<div style=\"height:1rem\" aria-hidden=\"true\" class=\"wp-block-spacer\"><\/div>\n\n\n\n<h3 class=\"wp-block-heading has-ast-global-color-2-color has-text-color\" id=\"toronto-on\"><strong>Toronto \/ ON<\/strong><\/h3>\n\n\n\n<p>Brookfield Place, bureau 4400<br>181 Bay Street<br>Toronto (Ontario)<br>Canada M5J 2T3<br>T\u00e9l\u00e9phone : 1 888 603 7720<\/p>\n\n\n\n<p class=\"has-arrow-style\"><a href=\"https:\/\/goo.gl\/maps\/6e3xkJpN1a6XMx5x6\" target=\"_blank\" rel=\"noreferrer noopener\">Carte<\/a><\/p>\n<\/div>\n\n\n\n<div class=\"wp-block-column has-angled-bottom-border is-layout-flow wp-block-column-is-layout-flow\">\n<div style=\"height:1rem\" aria-hidden=\"true\" class=\"wp-block-spacer\"><\/div>\n\n\n\n<h3 class=\"wp-block-heading has-ast-global-color-2-color has-text-color\" id=\"montreal-qc\"><strong>Montr\u00e9al \/ QC<\/strong><\/h3>\n\n\n\n<p>1000, rue Sherbrooke Ouest<br>Bureau 2700<br>Montr\u00e9al (Qu\u00e9bec)<br>Canada H3A 3G4<br>T\u00e9l\u00e9phone : 1 888 603 7720<\/p>\n\n\n\n<p class=\"has-arrow-style\"><a href=\"https:\/\/goo.gl\/maps\/e4kxXt6W4Njk2Dph9\" target=\"_blank\" rel=\"noreferrer noopener\">Carte<\/a><\/p>\n<\/div>\n<\/div>\n\n\n\n<div class=\"wp-block-columns has-ast-global-color-5-background-color has-background is-layout-flex wp-container-core-columns-is-layout-28f84493 wp-block-columns-is-layout-flex\">\n<div class=\"wp-block-column has-angled-bottom-border is-layout-flow wp-block-column-is-layout-flow\">\n<div style=\"height:1rem\" aria-hidden=\"true\" class=\"wp-block-spacer\"><\/div>\n\n\n\n<h3 class=\"wp-block-heading has-ast-global-color-2-color has-text-color\" id=\"calgary-ab\"><strong>Calgary \/ AB<\/strong><\/h3>\n\n\n\n<p>TD Canada Trust Tower, bureau 1700<br>421 7th Avenue S.W.<br>Calgary (Alberta)<br>Canada T2P 4K9<br>T\u00e9l\u00e9phone : 1 888 603 7720<\/p>\n\n\n\n<p class=\"has-arrow-style\"><a href=\"https:\/\/goo.gl\/maps\/ve2K5HPhZzUQm3RQ7\" target=\"_blank\" rel=\"noreferrer noopener\">Carte<\/a><\/p>\n<\/div>\n\n\n\n<div class=\"wp-block-column has-angled-bottom-border is-layout-flow wp-block-column-is-layout-flow\">\n<div style=\"height:1rem\" aria-hidden=\"true\" class=\"wp-block-spacer\"><\/div>\n\n\n\n<h3 class=\"wp-block-heading has-ast-global-color-2-color has-text-color\" id=\"ottawa-on\"><strong>Ottawa \/ ON<\/strong><\/h3>\n\n\n\n<p>World Exchange Plaza, bureau 2000<br>45 O\u2019Connor Street<br>Ottawa (Ontario)<br>Canada K1P 1A4<br>T\u00e9l\u00e9phone : 1 888 603 7720<\/p>\n\n\n\n<p class=\"has-arrow-style\"><a href=\"https:\/\/goo.gl\/maps\/Mv2ts63CMHvDmKcA7\" target=\"_blank\" rel=\"noreferrer noopener\">Carte<\/a><\/p>\n<\/div>\n\n\n\n<div class=\"wp-block-column has-angled-bottom-border is-layout-flow wp-block-column-is-layout-flow\">\n<div style=\"height:16px\" aria-hidden=\"true\" class=\"wp-block-spacer\"><\/div>\n<\/div>\n<\/div>\n<\/div><\/div>\n\n\n\n<p><\/p>\n","protected":false},"excerpt":{"rendered":"<p>Prestation de conseils&nbsp; Vous aimeriez travailler avec notre \u00e9quipe? Nous serions heureux d\u2019en discuter avec vous et d\u2019en apprendre davantage sur votre organisation.&nbsp; Pour plus&hellip;<\/p>\n<p class=\"read-more\"><a class=\"\" href=\"https:\/\/mcmillanvantage.com\/fr\/contactez\/\"><span class=\"screen-reader-text\">pour nous joindre<\/span>Lire plus<\/a><\/span><\/p>\n","protected":false},"author":1,"featured_media":2316,"parent":0,"menu_order":24,"comment_status":"closed","ping_status":"closed","template":"","meta":{"_acf_changed":false,"site-sidebar-layout":"default","site-content-layout":"default","ast-global-header-display":"","ast-main-header-display":"","ast-hfb-above-header-display":"","ast-hfb-below-header-display":"","ast-hfb-mobile-header-display":"","site-post-title":"","ast-breadcrumbs-content":"","ast-featured-img":"disabled","footer-sml-layout":"","theme-transparent-header-meta":"","adv-header-id-meta":"","stick-header-meta":"","header-above-stick-meta":"","header-main-stick-meta":"","header-below-stick-meta":"","footnotes":""},"class_list":["post-1023","page","type-page","status-publish","has-post-thumbnail","hentry"],"acf":[],"yoast_head":"<!-- This site is optimized with the Yoast SEO plugin v26.3 - https:\/\/yoast.com\/wordpress\/plugins\/seo\/ -->\n<title>pour nous joindre - McMillan Vantage<\/title>\n<meta name=\"description\" content=\"Contact McMillan Vantage Policy Group team with any questions or inquiries. We have offices in Ottawa, Toronto, Montr\u00e9al, Calgary, Vancouver and Hong Kong.\" \/>\n<meta name=\"robots\" content=\"index, follow, max-snippet:-1, max-image-preview:large, max-video-preview:-1\" \/>\n<link rel=\"canonical\" href=\"https:\/\/mcmillanvantage.com\/fr\/contactez\/\" \/>\n<meta property=\"og:locale\" content=\"fr_CA\" \/>\n<meta property=\"og:type\" content=\"article\" \/>\n<meta property=\"og:title\" content=\"pour nous joindre - McMillan Vantage\" \/>\n<meta property=\"og:description\" content=\"Contact McMillan Vantage Policy Group team with any questions or inquiries. We have offices in Ottawa, Toronto, Montr\u00e9al, Calgary, Vancouver and Hong Kong.\" \/>\n<meta property=\"og:url\" content=\"https:\/\/mcmillanvantage.com\/fr\/contactez\/\" \/>\n<meta property=\"og:site_name\" content=\"McMillan Vantage\" \/>\n<meta property=\"article:modified_time\" content=\"2024-03-05T16:26:26+00:00\" \/>\n<meta property=\"og:image\" content=\"https:\/\/mcmillanvantage.com\/fr\/wp-content\/uploads\/sites\/3\/2022\/02\/Illustrations-expertise-v3.png\" \/>\n\t<meta property=\"og:image:width\" content=\"1200\" \/>\n\t<meta property=\"og:image:height\" content=\"700\" \/>\n\t<meta property=\"og:image:type\" content=\"image\/png\" \/>\n<meta name=\"twitter:card\" content=\"summary_large_image\" \/>\n<meta name=\"twitter:label1\" content=\"Estimation du temps de lecture\" \/>\n\t<meta name=\"twitter:data1\" content=\"2 minutes\" \/>\n<script type=\"application\/ld+json\" class=\"yoast-schema-graph\">{\"@context\":\"https:\/\/schema.org\",\"@graph\":[{\"@type\":\"WebPage\",\"@id\":\"https:\/\/mcmillanvantage.com\/fr\/contactez\/\",\"url\":\"https:\/\/mcmillanvantage.com\/fr\/contactez\/\",\"name\":\"pour nous joindre - McMillan Vantage\",\"isPartOf\":{\"@id\":\"https:\/\/mcmillanvantage.com\/fr\/#website\"},\"primaryImageOfPage\":{\"@id\":\"https:\/\/mcmillanvantage.com\/fr\/contactez\/#primaryimage\"},\"image\":{\"@id\":\"https:\/\/mcmillanvantage.com\/fr\/contactez\/#primaryimage\"},\"thumbnailUrl\":\"https:\/\/mcmillanvantage.com\/fr\/wp-content\/uploads\/sites\/3\/2022\/02\/Illustrations-expertise-v3.png\",\"datePublished\":\"2018-12-06T22:18:55+00:00\",\"dateModified\":\"2024-03-05T16:26:26+00:00\",\"description\":\"Contact McMillan Vantage Policy Group team with any questions or inquiries. We have offices in Ottawa, Toronto, Montr\u00e9al, Calgary, Vancouver and Hong Kong.\",\"breadcrumb\":{\"@id\":\"https:\/\/mcmillanvantage.com\/fr\/contactez\/#breadcrumb\"},\"inLanguage\":\"fr-CA\",\"potentialAction\":[{\"@type\":\"ReadAction\",\"target\":[\"https:\/\/mcmillanvantage.com\/fr\/contactez\/\"]}]},{\"@type\":\"ImageObject\",\"inLanguage\":\"fr-CA\",\"@id\":\"https:\/\/mcmillanvantage.com\/fr\/contactez\/#primaryimage\",\"url\":\"https:\/\/mcmillanvantage.com\/fr\/wp-content\/uploads\/sites\/3\/2022\/02\/Illustrations-expertise-v3.png\",\"contentUrl\":\"https:\/\/mcmillanvantage.com\/fr\/wp-content\/uploads\/sites\/3\/2022\/02\/Illustrations-expertise-v3.png\",\"width\":1200,\"height\":700,\"caption\":\"illustration of figures surrounding shapes\"},{\"@type\":\"BreadcrumbList\",\"@id\":\"https:\/\/mcmillanvantage.com\/fr\/contactez\/#breadcrumb\",\"itemListElement\":[{\"@type\":\"ListItem\",\"position\":1,\"name\":\"Home\",\"item\":\"https:\/\/mcmillanvantage.com\/fr\/\"},{\"@type\":\"ListItem\",\"position\":2,\"name\":\"pour nous joindre\"}]},{\"@type\":\"WebSite\",\"@id\":\"https:\/\/mcmillanvantage.com\/fr\/#website\",\"url\":\"https:\/\/mcmillanvantage.com\/fr\/\",\"name\":\"McMillan Vantage\",\"description\":\"\",\"publisher\":{\"@id\":\"https:\/\/mcmillanvantage.com\/fr\/#organization\"},\"potentialAction\":[{\"@type\":\"SearchAction\",\"target\":{\"@type\":\"EntryPoint\",\"urlTemplate\":\"https:\/\/mcmillanvantage.com\/fr\/?s={search_term_string}\"},\"query-input\":{\"@type\":\"PropertyValueSpecification\",\"valueRequired\":true,\"valueName\":\"search_term_string\"}}],\"inLanguage\":\"fr-CA\"},{\"@type\":\"Organization\",\"@id\":\"https:\/\/mcmillanvantage.com\/fr\/#organization\",\"name\":\"McMillan Vantage\",\"url\":\"https:\/\/mcmillanvantage.com\/fr\/\",\"logo\":{\"@type\":\"ImageObject\",\"inLanguage\":\"fr-CA\",\"@id\":\"https:\/\/mcmillanvantage.com\/fr\/#\/schema\/logo\/image\/\",\"url\":\"https:\/\/mcmillanvantage.com\/fr\/wp-content\/uploads\/sites\/3\/2023\/02\/mv-logo-web.svg\",\"contentUrl\":\"https:\/\/mcmillanvantage.com\/fr\/wp-content\/uploads\/sites\/3\/2023\/02\/mv-logo-web.svg\",\"width\":255,\"height\":40,\"caption\":\"McMillan Vantage\"},\"image\":{\"@id\":\"https:\/\/mcmillanvantage.com\/fr\/#\/schema\/logo\/image\/\"},\"sameAs\":[\"https:\/\/www.linkedin.com\/company\/mcmillanvantage\"]}]}<\/script>\n<!-- \/ Yoast SEO plugin. -->","yoast_head_json":{"title":"pour nous joindre - McMillan Vantage","description":"Contact McMillan Vantage Policy Group team with any questions or inquiries. We have offices in Ottawa, Toronto, Montr\u00e9al, Calgary, Vancouver and Hong Kong.","robots":{"index":"index","follow":"follow","max-snippet":"max-snippet:-1","max-image-preview":"max-image-preview:large","max-video-preview":"max-video-preview:-1"},"canonical":"https:\/\/mcmillanvantage.com\/fr\/contactez\/","og_locale":"fr_CA","og_type":"article","og_title":"pour nous joindre - McMillan Vantage","og_description":"Contact McMillan Vantage Policy Group team with any questions or inquiries. We have offices in Ottawa, Toronto, Montr\u00e9al, Calgary, Vancouver and Hong Kong.","og_url":"https:\/\/mcmillanvantage.com\/fr\/contactez\/","og_site_name":"McMillan Vantage","article_modified_time":"2024-03-05T16:26:26+00:00","og_image":[{"width":1200,"height":700,"url":"https:\/\/mcmillanvantage.com\/fr\/wp-content\/uploads\/sites\/3\/2022\/02\/Illustrations-expertise-v3.png","type":"image\/png"}],"twitter_card":"summary_large_image","twitter_misc":{"Estimation du temps de lecture":"2 minutes"},"schema":{"@context":"https:\/\/schema.org","@graph":[{"@type":"WebPage","@id":"https:\/\/mcmillanvantage.com\/fr\/contactez\/","url":"https:\/\/mcmillanvantage.com\/fr\/contactez\/","name":"pour nous joindre - McMillan Vantage","isPartOf":{"@id":"https:\/\/mcmillanvantage.com\/fr\/#website"},"primaryImageOfPage":{"@id":"https:\/\/mcmillanvantage.com\/fr\/contactez\/#primaryimage"},"image":{"@id":"https:\/\/mcmillanvantage.com\/fr\/contactez\/#primaryimage"},"thumbnailUrl":"https:\/\/mcmillanvantage.com\/fr\/wp-content\/uploads\/sites\/3\/2022\/02\/Illustrations-expertise-v3.png","datePublished":"2018-12-06T22:18:55+00:00","dateModified":"2024-03-05T16:26:26+00:00","description":"Contact McMillan Vantage Policy Group team with any questions or inquiries. We have offices in Ottawa, Toronto, Montr\u00e9al, Calgary, Vancouver and Hong Kong.","breadcrumb":{"@id":"https:\/\/mcmillanvantage.com\/fr\/contactez\/#breadcrumb"},"inLanguage":"fr-CA","potentialAction":[{"@type":"ReadAction","target":["https:\/\/mcmillanvantage.com\/fr\/contactez\/"]}]},{"@type":"ImageObject","inLanguage":"fr-CA","@id":"https:\/\/mcmillanvantage.com\/fr\/contactez\/#primaryimage","url":"https:\/\/mcmillanvantage.com\/fr\/wp-content\/uploads\/sites\/3\/2022\/02\/Illustrations-expertise-v3.png","contentUrl":"https:\/\/mcmillanvantage.com\/fr\/wp-content\/uploads\/sites\/3\/2022\/02\/Illustrations-expertise-v3.png","width":1200,"height":700,"caption":"illustration of figures surrounding shapes"},{"@type":"BreadcrumbList","@id":"https:\/\/mcmillanvantage.com\/fr\/contactez\/#breadcrumb","itemListElement":[{"@type":"ListItem","position":1,"name":"Home","item":"https:\/\/mcmillanvantage.com\/fr\/"},{"@type":"ListItem","position":2,"name":"pour nous joindre"}]},{"@type":"WebSite","@id":"https:\/\/mcmillanvantage.com\/fr\/#website","url":"https:\/\/mcmillanvantage.com\/fr\/","name":"McMillan Vantage","description":"","publisher":{"@id":"https:\/\/mcmillanvantage.com\/fr\/#organization"},"potentialAction":[{"@type":"SearchAction","target":{"@type":"EntryPoint","urlTemplate":"https:\/\/mcmillanvantage.com\/fr\/?s={search_term_string}"},"query-input":{"@type":"PropertyValueSpecification","valueRequired":true,"valueName":"search_term_string"}}],"inLanguage":"fr-CA"},{"@type":"Organization","@id":"https:\/\/mcmillanvantage.com\/fr\/#organization","name":"McMillan Vantage","url":"https:\/\/mcmillanvantage.com\/fr\/","logo":{"@type":"ImageObject","inLanguage":"fr-CA","@id":"https:\/\/mcmillanvantage.com\/fr\/#\/schema\/logo\/image\/","url":"https:\/\/mcmillanvantage.com\/fr\/wp-content\/uploads\/sites\/3\/2023\/02\/mv-logo-web.svg","contentUrl":"https:\/\/mcmillanvantage.com\/fr\/wp-content\/uploads\/sites\/3\/2023\/02\/mv-logo-web.svg","width":255,"height":40,"caption":"McMillan Vantage"},"image":{"@id":"https:\/\/mcmillanvantage.com\/fr\/#\/schema\/logo\/image\/"},"sameAs":["https:\/\/www.linkedin.com\/company\/mcmillanvantage"]}]}},"_links":{"self":[{"href":"https:\/\/mcmillanvantage.com\/fr\/wp-json\/wp\/v2\/pages\/1023","targetHints":{"allow":["GET"]}}],"collection":[{"href":"https:\/\/mcmillanvantage.com\/fr\/wp-json\/wp\/v2\/pages"}],"about":[{"href":"https:\/\/mcmillanvantage.com\/fr\/wp-json\/wp\/v2\/types\/page"}],"author":[{"embeddable":true,"href":"https:\/\/mcmillanvantage.com\/fr\/wp-json\/wp\/v2\/users\/1"}],"replies":[{"embeddable":true,"href":"https:\/\/mcmillanvantage.com\/fr\/wp-json\/wp\/v2\/comments?post=1023"}],"version-history":[{"count":0,"href":"https:\/\/mcmillanvantage.com\/fr\/wp-json\/wp\/v2\/pages\/1023\/revisions"}],"wp:featuredmedia":[{"embeddable":true,"href":"https:\/\/mcmillanvantage.com\/fr\/wp-json\/wp\/v2\/media\/2316"}],"wp:attachment":[{"href":"https:\/\/mcmillanvantage.com\/fr\/wp-json\/wp\/v2\/media?parent=1023"}],"curies":[{"name":"wp","href":"https:\/\/api.w.org\/{rel}","templated":true}]}}