{"id":1484,"date":"2022-01-05T16:11:35","date_gmt":"2022-01-05T21:11:35","guid":{"rendered":"https:\/\/mcmillan.barking.ca\/fr\/?page_id=1484"},"modified":"2022-06-20T13:06:18","modified_gmt":"2022-06-20T17:06:18","slug":"nos-valeurs","status":"publish","type":"page","link":"https:\/\/mcmillanvantage.com\/fr\/expertise\/nos-valeurs\/","title":{"rendered":"nos valeurs"},"content":{"rendered":"\n<hr class=\"wp-block-separator is-style-wide\"\/>\n\n\n\n<div style=\"height:32px\" aria-hidden=\"true\" class=\"wp-block-spacer\"><\/div>\n\n\n\n<h2 class=\"has-medium-font-size wp-block-heading\">Nous avons des <strong>principes<\/strong><\/h2>\n\n\n\n<p>L\u2019int\u00e9grit\u00e9 est notre mot d\u2019ordre. Les besoins de nos clients sont notre priorit\u00e9.<\/p>\n\n\n\n<h2 class=\"has-medium-font-size wp-block-heading\">Nous sommes <strong>tenaces<\/strong><\/h2>\n\n\n\n<p>Nous visons l\u2019excellence dans tout ce que nous r\u00e9alisons et suivons de pr\u00e8s les dossiers et leurs r\u00e9percussions pour nos clients et la soci\u00e9t\u00e9.<\/p>\n\n\n\n<h2 class=\"has-medium-font-size wp-block-heading\">Nous sommes <strong>ing\u00e9nieux<\/strong><\/h2>\n\n\n\n<p>Nous ne nous contentons jamais d\u2019une r\u00e9ponse n\u00e9gative et, ayant plus d\u2019une corde \u00e0 notre arc, nous cherchons toujours de nouvelles mani\u00e8res d\u2019arriver \u00e0 des solutions.<\/p>\n\n\n\n<h2 class=\"has-medium-font-size wp-block-heading\">Nous sommes <strong>inclusifs<\/strong><\/h2>\n\n\n\n<p>Nous tenons fermement \u00e0 cr\u00e9er une culture inclusive, \u00e9quitable et ouverte \u00e0 tous.<\/p>\n\n\n\n<h2 class=\"has-medium-font-size wp-block-heading\">Nous sommes des <strong>joueurs d\u2019\u00e9quipe<\/strong><\/h2>\n\n\n\n<p>Nous formons une \u00e9quipe unie, c\u00e9l\u00e9brons nos succ\u00e8s, apprenons de nos erreurs et nous soutenons entre nous. De plus, notre culture organisationnelle nous porte \u00e0 valoriser les points de vue de tous les membres de l\u2019\u00e9quipe; chaque membre de notre \u00e9quipe a une exp\u00e9rience \u2013 et donc une perspective \u2013 unique que nous nous efforcerons de mettre au service de nos clients.<\/p>\n\n\n\n<div style=\"height:32px\" aria-hidden=\"true\" class=\"wp-block-spacer\"><\/div>\n\n\n\n<p class=\"has-arrow-style\"><a href=\"https:\/\/mcmillanvantage.com\/fr\/expertise\/\" data-type=\"page\" data-id=\"1248\"><\/a><a href=\"https:\/\/mcmillanvantage.com\/fr\/expertise\/\">Voir notre expertise<\/a><\/p>\n","protected":false},"excerpt":{"rendered":"<p>Nous avons des principes L\u2019int\u00e9grit\u00e9 est notre mot d\u2019ordre. Les besoins de nos clients sont notre priorit\u00e9. Nous sommes tenaces Nous visons l\u2019excellence dans tout&hellip;<\/p>\n<p class=\"read-more\"><a class=\"\" href=\"https:\/\/mcmillanvantage.com\/fr\/expertise\/nos-valeurs\/\"><span class=\"screen-reader-text\">nos valeurs<\/span>Lire plus<\/a><\/span><\/p>\n","protected":false},"author":1,"featured_media":0,"parent":1248,"menu_order":0,"comment_status":"closed","ping_status":"closed","template":"","meta":{"_acf_changed":false,"site-sidebar-layout":"default","site-content-layout":"default","ast-global-header-display":"","ast-main-header-display":"","ast-hfb-above-header-display":"","ast-hfb-below-header-display":"","ast-hfb-mobile-header-display":"","site-post-title":"","ast-breadcrumbs-content":"","ast-featured-img":"","footer-sml-layout":"","theme-transparent-header-meta":"","adv-header-id-meta":"","stick-header-meta":"","header-above-stick-meta":"","header-main-stick-meta":"","header-below-stick-meta":"","footnotes":""},"class_list":["post-1484","page","type-page","status-publish","hentry"],"acf":[],"yoast_head":"<!-- This site is optimized with the Yoast SEO plugin v26.3 - https:\/\/yoast.com\/wordpress\/plugins\/seo\/ -->\n<title>nos valeurs - McMillan Vantage<\/title>\n<meta name=\"robots\" content=\"index, follow, max-snippet:-1, max-image-preview:large, max-video-preview:-1\" \/>\n<link rel=\"canonical\" href=\"https:\/\/mcmillanvantage.com\/fr\/expertise\/nos-valeurs\/\" \/>\n<meta property=\"og:locale\" content=\"fr_CA\" \/>\n<meta property=\"og:type\" content=\"article\" \/>\n<meta property=\"og:title\" content=\"nos valeurs - McMillan Vantage\" \/>\n<meta property=\"og:description\" content=\"Nous avons des principes L\u2019int\u00e9grit\u00e9 est notre mot d\u2019ordre. Les besoins de nos clients sont notre priorit\u00e9. Nous sommes tenaces Nous visons l\u2019excellence dans tout&hellip;nos valeursLire plus\" \/>\n<meta property=\"og:url\" content=\"https:\/\/mcmillanvantage.com\/fr\/expertise\/nos-valeurs\/\" \/>\n<meta property=\"og:site_name\" content=\"McMillan Vantage\" \/>\n<meta property=\"article:modified_time\" content=\"2022-06-20T17:06:18+00:00\" \/>\n<meta name=\"twitter:card\" content=\"summary_large_image\" \/>\n<meta name=\"twitter:label1\" content=\"Estimation du temps de lecture\" \/>\n\t<meta name=\"twitter:data1\" content=\"1 minute\" \/>\n<script type=\"application\/ld+json\" class=\"yoast-schema-graph\">{\"@context\":\"https:\/\/schema.org\",\"@graph\":[{\"@type\":\"WebPage\",\"@id\":\"https:\/\/mcmillanvantage.com\/fr\/expertise\/nos-valeurs\/\",\"url\":\"https:\/\/mcmillanvantage.com\/fr\/expertise\/nos-valeurs\/\",\"name\":\"nos valeurs - McMillan Vantage\",\"isPartOf\":{\"@id\":\"https:\/\/mcmillanvantage.com\/fr\/#website\"},\"datePublished\":\"2022-01-05T21:11:35+00:00\",\"dateModified\":\"2022-06-20T17:06:18+00:00\",\"breadcrumb\":{\"@id\":\"https:\/\/mcmillanvantage.com\/fr\/expertise\/nos-valeurs\/#breadcrumb\"},\"inLanguage\":\"fr-CA\",\"potentialAction\":[{\"@type\":\"ReadAction\",\"target\":[\"https:\/\/mcmillanvantage.com\/fr\/expertise\/nos-valeurs\/\"]}]},{\"@type\":\"BreadcrumbList\",\"@id\":\"https:\/\/mcmillanvantage.com\/fr\/expertise\/nos-valeurs\/#breadcrumb\",\"itemListElement\":[{\"@type\":\"ListItem\",\"position\":1,\"name\":\"Home\",\"item\":\"https:\/\/mcmillanvantage.com\/fr\/\"},{\"@type\":\"ListItem\",\"position\":2,\"name\":\"notre expertise\",\"item\":\"https:\/\/mcmillanvantage.com\/fr\/expertise\/\"},{\"@type\":\"ListItem\",\"position\":3,\"name\":\"nos valeurs\"}]},{\"@type\":\"WebSite\",\"@id\":\"https:\/\/mcmillanvantage.com\/fr\/#website\",\"url\":\"https:\/\/mcmillanvantage.com\/fr\/\",\"name\":\"McMillan Vantage\",\"description\":\"\",\"publisher\":{\"@id\":\"https:\/\/mcmillanvantage.com\/fr\/#organization\"},\"potentialAction\":[{\"@type\":\"SearchAction\",\"target\":{\"@type\":\"EntryPoint\",\"urlTemplate\":\"https:\/\/mcmillanvantage.com\/fr\/?s={search_term_string}\"},\"query-input\":{\"@type\":\"PropertyValueSpecification\",\"valueRequired\":true,\"valueName\":\"search_term_string\"}}],\"inLanguage\":\"fr-CA\"},{\"@type\":\"Organization\",\"@id\":\"https:\/\/mcmillanvantage.com\/fr\/#organization\",\"name\":\"McMillan Vantage\",\"url\":\"https:\/\/mcmillanvantage.com\/fr\/\",\"logo\":{\"@type\":\"ImageObject\",\"inLanguage\":\"fr-CA\",\"@id\":\"https:\/\/mcmillanvantage.com\/fr\/#\/schema\/logo\/image\/\",\"url\":\"https:\/\/mcmillanvantage.com\/fr\/wp-content\/uploads\/sites\/3\/2023\/02\/mv-logo-web.svg\",\"contentUrl\":\"https:\/\/mcmillanvantage.com\/fr\/wp-content\/uploads\/sites\/3\/2023\/02\/mv-logo-web.svg\",\"width\":255,\"height\":40,\"caption\":\"McMillan Vantage\"},\"image\":{\"@id\":\"https:\/\/mcmillanvantage.com\/fr\/#\/schema\/logo\/image\/\"},\"sameAs\":[\"https:\/\/www.linkedin.com\/company\/mcmillanvantage\"]}]}<\/script>\n<!-- \/ Yoast SEO plugin. -->","yoast_head_json":{"title":"nos valeurs - McMillan Vantage","robots":{"index":"index","follow":"follow","max-snippet":"max-snippet:-1","max-image-preview":"max-image-preview:large","max-video-preview":"max-video-preview:-1"},"canonical":"https:\/\/mcmillanvantage.com\/fr\/expertise\/nos-valeurs\/","og_locale":"fr_CA","og_type":"article","og_title":"nos valeurs - McMillan Vantage","og_description":"Nous avons des principes L\u2019int\u00e9grit\u00e9 est notre mot d\u2019ordre. Les besoins de nos clients sont notre priorit\u00e9. Nous sommes tenaces Nous visons l\u2019excellence dans tout&hellip;nos valeursLire plus","og_url":"https:\/\/mcmillanvantage.com\/fr\/expertise\/nos-valeurs\/","og_site_name":"McMillan Vantage","article_modified_time":"2022-06-20T17:06:18+00:00","twitter_card":"summary_large_image","twitter_misc":{"Estimation du temps de lecture":"1 minute"},"schema":{"@context":"https:\/\/schema.org","@graph":[{"@type":"WebPage","@id":"https:\/\/mcmillanvantage.com\/fr\/expertise\/nos-valeurs\/","url":"https:\/\/mcmillanvantage.com\/fr\/expertise\/nos-valeurs\/","name":"nos valeurs - McMillan Vantage","isPartOf":{"@id":"https:\/\/mcmillanvantage.com\/fr\/#website"},"datePublished":"2022-01-05T21:11:35+00:00","dateModified":"2022-06-20T17:06:18+00:00","breadcrumb":{"@id":"https:\/\/mcmillanvantage.com\/fr\/expertise\/nos-valeurs\/#breadcrumb"},"inLanguage":"fr-CA","potentialAction":[{"@type":"ReadAction","target":["https:\/\/mcmillanvantage.com\/fr\/expertise\/nos-valeurs\/"]}]},{"@type":"BreadcrumbList","@id":"https:\/\/mcmillanvantage.com\/fr\/expertise\/nos-valeurs\/#breadcrumb","itemListElement":[{"@type":"ListItem","position":1,"name":"Home","item":"https:\/\/mcmillanvantage.com\/fr\/"},{"@type":"ListItem","position":2,"name":"notre expertise","item":"https:\/\/mcmillanvantage.com\/fr\/expertise\/"},{"@type":"ListItem","position":3,"name":"nos valeurs"}]},{"@type":"WebSite","@id":"https:\/\/mcmillanvantage.com\/fr\/#website","url":"https:\/\/mcmillanvantage.com\/fr\/","name":"McMillan Vantage","description":"","publisher":{"@id":"https:\/\/mcmillanvantage.com\/fr\/#organization"},"potentialAction":[{"@type":"SearchAction","target":{"@type":"EntryPoint","urlTemplate":"https:\/\/mcmillanvantage.com\/fr\/?s={search_term_string}"},"query-input":{"@type":"PropertyValueSpecification","valueRequired":true,"valueName":"search_term_string"}}],"inLanguage":"fr-CA"},{"@type":"Organization","@id":"https:\/\/mcmillanvantage.com\/fr\/#organization","name":"McMillan Vantage","url":"https:\/\/mcmillanvantage.com\/fr\/","logo":{"@type":"ImageObject","inLanguage":"fr-CA","@id":"https:\/\/mcmillanvantage.com\/fr\/#\/schema\/logo\/image\/","url":"https:\/\/mcmillanvantage.com\/fr\/wp-content\/uploads\/sites\/3\/2023\/02\/mv-logo-web.svg","contentUrl":"https:\/\/mcmillanvantage.com\/fr\/wp-content\/uploads\/sites\/3\/2023\/02\/mv-logo-web.svg","width":255,"height":40,"caption":"McMillan Vantage"},"image":{"@id":"https:\/\/mcmillanvantage.com\/fr\/#\/schema\/logo\/image\/"},"sameAs":["https:\/\/www.linkedin.com\/company\/mcmillanvantage"]}]}},"_links":{"self":[{"href":"https:\/\/mcmillanvantage.com\/fr\/wp-json\/wp\/v2\/pages\/1484","targetHints":{"allow":["GET"]}}],"collection":[{"href":"https:\/\/mcmillanvantage.com\/fr\/wp-json\/wp\/v2\/pages"}],"about":[{"href":"https:\/\/mcmillanvantage.com\/fr\/wp-json\/wp\/v2\/types\/page"}],"author":[{"embeddable":true,"href":"https:\/\/mcmillanvantage.com\/fr\/wp-json\/wp\/v2\/users\/1"}],"replies":[{"embeddable":true,"href":"https:\/\/mcmillanvantage.com\/fr\/wp-json\/wp\/v2\/comments?post=1484"}],"version-history":[{"count":0,"href":"https:\/\/mcmillanvantage.com\/fr\/wp-json\/wp\/v2\/pages\/1484\/revisions"}],"up":[{"embeddable":true,"href":"https:\/\/mcmillanvantage.com\/fr\/wp-json\/wp\/v2\/pages\/1248"}],"wp:attachment":[{"href":"https:\/\/mcmillanvantage.com\/fr\/wp-json\/wp\/v2\/media?parent=1484"}],"curies":[{"name":"wp","href":"https:\/\/api.w.org\/{rel}","templated":true}]}}