{"id":1490,"date":"2022-01-05T16:15:27","date_gmt":"2022-01-05T21:15:27","guid":{"rendered":"https:\/\/mcmillan.barking.ca\/fr\/?page_id=1490"},"modified":"2022-06-20T13:12:28","modified_gmt":"2022-06-20T17:12:28","slug":"notre-raison-detre","status":"publish","type":"page","link":"https:\/\/mcmillanvantage.com\/fr\/expertise\/notre-raison-detre\/","title":{"rendered":"Notre raison d\u2019\u00eatre"},"content":{"rendered":"\n<hr class=\"wp-block-separator is-style-wide\"\/>\n\n\n\n<div style=\"height:32px\" aria-hidden=\"true\" class=\"wp-block-spacer\"><\/div>\n\n\n\n<h2 class=\"has-medium-font-size wp-block-heading\"><strong>Nous conseillons et renseignons les cadres dirigeants et les leaders de la soci\u00e9t\u00e9 civile qui contribuent \u00e0 la force et au succ\u00e8s du Canada.<\/strong><\/h2>\n\n\n\n<p>Cabinet d\u2019affaires publiques de premier plan, nous travaillons sur les questions de politiques les plus importantes afin de contribuer \u00e0 l\u2019essor et \u00e0 la p\u00e9rennit\u00e9 de nos clients et de notre pays. Notre raison d\u2019\u00eatre est de nous mettre au service de nos clients et de les aider \u00e0 contribuer \u00e0 l\u2019\u00e9dification d\u2019un Canada plus fort et plus prosp\u00e8re.<\/p>\n\n\n\n<h2 class=\"has-medium-font-size wp-block-heading\"><strong>Responsabilit\u00e9 de l\u2019entreprise<\/strong><\/h2>\n\n\n\n<p>Ainsi, McMillan Vantage s\u2019engage \u00e0 promouvoir la repr\u00e9sentation en politique des femmes, des personnes Noires, Autochtones et de couleur (PANDC), des personnes en situation de handicap visible ou non visible et des LGBTQ2S+ et ainsi contribuer \u00e0 renforcer notre d\u00e9mocratie. Nous croyons que la diversit\u00e9 en politique se traduit par des gains tangibles pour la d\u00e9mocratie&nbsp;: des r\u00e9ponses plus adapt\u00e9es aux besoins des citoyens, une meilleure collaboration partisane et une plus grande attention \u00e0 l\u2019\u00e9laboration de politiques mettant l\u2019accent sur la qualit\u00e9 de vie des familles et des populations vuln\u00e9rables. Nous sommes fiers de soutenir des organisations comme \u00c0 Voix \u00c9gales dans le cadre de cet engagement.<\/p>\n\n\n\n<div style=\"height:32px\" aria-hidden=\"true\" class=\"wp-block-spacer\"><\/div>\n\n\n\n<p class=\"has-arrow-style\"><a href=\"https:\/\/mcmillanvantage.com\/fr\/expertise\/\" data-type=\"page\" data-id=\"1248\"><\/a><a href=\"https:\/\/mcmillanvantage.com\/fr\/expertise\/\">Voir notre expertise<\/a><\/p>\n","protected":false},"excerpt":{"rendered":"<p>Nous conseillons et renseignons les cadres dirigeants et les leaders de la soci\u00e9t\u00e9 civile qui contribuent \u00e0 la force et au succ\u00e8s du Canada. Cabinet&hellip;<\/p>\n<p class=\"read-more\"><a class=\"\" href=\"https:\/\/mcmillanvantage.com\/fr\/expertise\/notre-raison-detre\/\"><span class=\"screen-reader-text\">Notre raison d\u2019\u00eatre<\/span>Lire plus<\/a><\/span><\/p>\n","protected":false},"author":1,"featured_media":0,"parent":1248,"menu_order":0,"comment_status":"closed","ping_status":"closed","template":"","meta":{"_acf_changed":false,"site-sidebar-layout":"default","site-content-layout":"default","ast-global-header-display":"","ast-main-header-display":"","ast-hfb-above-header-display":"","ast-hfb-below-header-display":"","ast-hfb-mobile-header-display":"","site-post-title":"","ast-breadcrumbs-content":"","ast-featured-img":"","footer-sml-layout":"","theme-transparent-header-meta":"","adv-header-id-meta":"","stick-header-meta":"","header-above-stick-meta":"","header-main-stick-meta":"","header-below-stick-meta":"","footnotes":""},"class_list":["post-1490","page","type-page","status-publish","hentry"],"acf":[],"yoast_head":"<!-- This site is optimized with the Yoast SEO plugin v26.3 - https:\/\/yoast.com\/wordpress\/plugins\/seo\/ -->\n<title>Notre raison d\u2019\u00eatre - McMillan Vantage<\/title>\n<meta name=\"robots\" content=\"index, follow, max-snippet:-1, max-image-preview:large, max-video-preview:-1\" \/>\n<link rel=\"canonical\" href=\"https:\/\/mcmillanvantage.com\/fr\/expertise\/notre-raison-detre\/\" \/>\n<meta property=\"og:locale\" content=\"fr_CA\" \/>\n<meta property=\"og:type\" content=\"article\" \/>\n<meta property=\"og:title\" content=\"Notre raison d\u2019\u00eatre - McMillan Vantage\" \/>\n<meta property=\"og:description\" content=\"Nous conseillons et renseignons les cadres dirigeants et les leaders de la soci\u00e9t\u00e9 civile qui contribuent \u00e0 la force et au succ\u00e8s du Canada. Cabinet&hellip;Notre raison d\u2019\u00eatreLire plus\" \/>\n<meta property=\"og:url\" content=\"https:\/\/mcmillanvantage.com\/fr\/expertise\/notre-raison-detre\/\" \/>\n<meta property=\"og:site_name\" content=\"McMillan Vantage\" \/>\n<meta property=\"article:modified_time\" content=\"2022-06-20T17:12:28+00:00\" \/>\n<meta name=\"twitter:card\" content=\"summary_large_image\" \/>\n<meta name=\"twitter:label1\" content=\"Estimation du temps de lecture\" \/>\n\t<meta name=\"twitter:data1\" content=\"1 minute\" \/>\n<script type=\"application\/ld+json\" class=\"yoast-schema-graph\">{\"@context\":\"https:\/\/schema.org\",\"@graph\":[{\"@type\":\"WebPage\",\"@id\":\"https:\/\/mcmillanvantage.com\/fr\/expertise\/notre-raison-detre\/\",\"url\":\"https:\/\/mcmillanvantage.com\/fr\/expertise\/notre-raison-detre\/\",\"name\":\"Notre raison d\u2019\u00eatre - McMillan Vantage\",\"isPartOf\":{\"@id\":\"https:\/\/mcmillanvantage.com\/fr\/#website\"},\"datePublished\":\"2022-01-05T21:15:27+00:00\",\"dateModified\":\"2022-06-20T17:12:28+00:00\",\"breadcrumb\":{\"@id\":\"https:\/\/mcmillanvantage.com\/fr\/expertise\/notre-raison-detre\/#breadcrumb\"},\"inLanguage\":\"fr-CA\",\"potentialAction\":[{\"@type\":\"ReadAction\",\"target\":[\"https:\/\/mcmillanvantage.com\/fr\/expertise\/notre-raison-detre\/\"]}]},{\"@type\":\"BreadcrumbList\",\"@id\":\"https:\/\/mcmillanvantage.com\/fr\/expertise\/notre-raison-detre\/#breadcrumb\",\"itemListElement\":[{\"@type\":\"ListItem\",\"position\":1,\"name\":\"Home\",\"item\":\"https:\/\/mcmillanvantage.com\/fr\/\"},{\"@type\":\"ListItem\",\"position\":2,\"name\":\"notre expertise\",\"item\":\"https:\/\/mcmillanvantage.com\/fr\/expertise\/\"},{\"@type\":\"ListItem\",\"position\":3,\"name\":\"Notre raison d\u2019\u00eatre\"}]},{\"@type\":\"WebSite\",\"@id\":\"https:\/\/mcmillanvantage.com\/fr\/#website\",\"url\":\"https:\/\/mcmillanvantage.com\/fr\/\",\"name\":\"McMillan Vantage\",\"description\":\"\",\"publisher\":{\"@id\":\"https:\/\/mcmillanvantage.com\/fr\/#organization\"},\"potentialAction\":[{\"@type\":\"SearchAction\",\"target\":{\"@type\":\"EntryPoint\",\"urlTemplate\":\"https:\/\/mcmillanvantage.com\/fr\/?s={search_term_string}\"},\"query-input\":{\"@type\":\"PropertyValueSpecification\",\"valueRequired\":true,\"valueName\":\"search_term_string\"}}],\"inLanguage\":\"fr-CA\"},{\"@type\":\"Organization\",\"@id\":\"https:\/\/mcmillanvantage.com\/fr\/#organization\",\"name\":\"McMillan Vantage\",\"url\":\"https:\/\/mcmillanvantage.com\/fr\/\",\"logo\":{\"@type\":\"ImageObject\",\"inLanguage\":\"fr-CA\",\"@id\":\"https:\/\/mcmillanvantage.com\/fr\/#\/schema\/logo\/image\/\",\"url\":\"https:\/\/mcmillanvantage.com\/fr\/wp-content\/uploads\/sites\/3\/2023\/02\/mv-logo-web.svg\",\"contentUrl\":\"https:\/\/mcmillanvantage.com\/fr\/wp-content\/uploads\/sites\/3\/2023\/02\/mv-logo-web.svg\",\"width\":255,\"height\":40,\"caption\":\"McMillan Vantage\"},\"image\":{\"@id\":\"https:\/\/mcmillanvantage.com\/fr\/#\/schema\/logo\/image\/\"},\"sameAs\":[\"https:\/\/www.linkedin.com\/company\/mcmillanvantage\"]}]}<\/script>\n<!-- \/ Yoast SEO plugin. -->","yoast_head_json":{"title":"Notre raison d\u2019\u00eatre - McMillan Vantage","robots":{"index":"index","follow":"follow","max-snippet":"max-snippet:-1","max-image-preview":"max-image-preview:large","max-video-preview":"max-video-preview:-1"},"canonical":"https:\/\/mcmillanvantage.com\/fr\/expertise\/notre-raison-detre\/","og_locale":"fr_CA","og_type":"article","og_title":"Notre raison d\u2019\u00eatre - McMillan Vantage","og_description":"Nous conseillons et renseignons les cadres dirigeants et les leaders de la soci\u00e9t\u00e9 civile qui contribuent \u00e0 la force et au succ\u00e8s du Canada. Cabinet&hellip;Notre raison d\u2019\u00eatreLire plus","og_url":"https:\/\/mcmillanvantage.com\/fr\/expertise\/notre-raison-detre\/","og_site_name":"McMillan Vantage","article_modified_time":"2022-06-20T17:12:28+00:00","twitter_card":"summary_large_image","twitter_misc":{"Estimation du temps de lecture":"1 minute"},"schema":{"@context":"https:\/\/schema.org","@graph":[{"@type":"WebPage","@id":"https:\/\/mcmillanvantage.com\/fr\/expertise\/notre-raison-detre\/","url":"https:\/\/mcmillanvantage.com\/fr\/expertise\/notre-raison-detre\/","name":"Notre raison d\u2019\u00eatre - McMillan Vantage","isPartOf":{"@id":"https:\/\/mcmillanvantage.com\/fr\/#website"},"datePublished":"2022-01-05T21:15:27+00:00","dateModified":"2022-06-20T17:12:28+00:00","breadcrumb":{"@id":"https:\/\/mcmillanvantage.com\/fr\/expertise\/notre-raison-detre\/#breadcrumb"},"inLanguage":"fr-CA","potentialAction":[{"@type":"ReadAction","target":["https:\/\/mcmillanvantage.com\/fr\/expertise\/notre-raison-detre\/"]}]},{"@type":"BreadcrumbList","@id":"https:\/\/mcmillanvantage.com\/fr\/expertise\/notre-raison-detre\/#breadcrumb","itemListElement":[{"@type":"ListItem","position":1,"name":"Home","item":"https:\/\/mcmillanvantage.com\/fr\/"},{"@type":"ListItem","position":2,"name":"notre expertise","item":"https:\/\/mcmillanvantage.com\/fr\/expertise\/"},{"@type":"ListItem","position":3,"name":"Notre raison d\u2019\u00eatre"}]},{"@type":"WebSite","@id":"https:\/\/mcmillanvantage.com\/fr\/#website","url":"https:\/\/mcmillanvantage.com\/fr\/","name":"McMillan Vantage","description":"","publisher":{"@id":"https:\/\/mcmillanvantage.com\/fr\/#organization"},"potentialAction":[{"@type":"SearchAction","target":{"@type":"EntryPoint","urlTemplate":"https:\/\/mcmillanvantage.com\/fr\/?s={search_term_string}"},"query-input":{"@type":"PropertyValueSpecification","valueRequired":true,"valueName":"search_term_string"}}],"inLanguage":"fr-CA"},{"@type":"Organization","@id":"https:\/\/mcmillanvantage.com\/fr\/#organization","name":"McMillan Vantage","url":"https:\/\/mcmillanvantage.com\/fr\/","logo":{"@type":"ImageObject","inLanguage":"fr-CA","@id":"https:\/\/mcmillanvantage.com\/fr\/#\/schema\/logo\/image\/","url":"https:\/\/mcmillanvantage.com\/fr\/wp-content\/uploads\/sites\/3\/2023\/02\/mv-logo-web.svg","contentUrl":"https:\/\/mcmillanvantage.com\/fr\/wp-content\/uploads\/sites\/3\/2023\/02\/mv-logo-web.svg","width":255,"height":40,"caption":"McMillan Vantage"},"image":{"@id":"https:\/\/mcmillanvantage.com\/fr\/#\/schema\/logo\/image\/"},"sameAs":["https:\/\/www.linkedin.com\/company\/mcmillanvantage"]}]}},"_links":{"self":[{"href":"https:\/\/mcmillanvantage.com\/fr\/wp-json\/wp\/v2\/pages\/1490","targetHints":{"allow":["GET"]}}],"collection":[{"href":"https:\/\/mcmillanvantage.com\/fr\/wp-json\/wp\/v2\/pages"}],"about":[{"href":"https:\/\/mcmillanvantage.com\/fr\/wp-json\/wp\/v2\/types\/page"}],"author":[{"embeddable":true,"href":"https:\/\/mcmillanvantage.com\/fr\/wp-json\/wp\/v2\/users\/1"}],"replies":[{"embeddable":true,"href":"https:\/\/mcmillanvantage.com\/fr\/wp-json\/wp\/v2\/comments?post=1490"}],"version-history":[{"count":0,"href":"https:\/\/mcmillanvantage.com\/fr\/wp-json\/wp\/v2\/pages\/1490\/revisions"}],"up":[{"embeddable":true,"href":"https:\/\/mcmillanvantage.com\/fr\/wp-json\/wp\/v2\/pages\/1248"}],"wp:attachment":[{"href":"https:\/\/mcmillanvantage.com\/fr\/wp-json\/wp\/v2\/media?parent=1490"}],"curies":[{"name":"wp","href":"https:\/\/api.w.org\/{rel}","templated":true}]}}