{"id":1492,"date":"2022-01-05T16:16:12","date_gmt":"2022-01-05T21:16:12","guid":{"rendered":"https:\/\/mcmillan.barking.ca\/fr\/?page_id=1492"},"modified":"2022-06-20T13:12:16","modified_gmt":"2022-06-20T17:12:16","slug":"notre-engagement-envers-le-service-client","status":"publish","type":"page","link":"https:\/\/mcmillanvantage.com\/fr\/expertise\/notre-engagement-envers-le-service-client\/","title":{"rendered":"Notre engagement envers le service client"},"content":{"rendered":"\n<hr class=\"wp-block-separator is-style-wide\"\/>\n\n\n\n<div style=\"height:32px\" aria-hidden=\"true\" class=\"wp-block-spacer\"><\/div>\n\n\n\n<h2 class=\"has-medium-font-size wp-block-heading\"><strong>L\u2019excellence<\/strong><\/h2>\n\n\n\n<p>Notre \u00e9quipe suit une approche professionnelle et disciplin\u00e9e dans sa prestation de services. Nos conseils permettent de g\u00e9rer les risques et d\u2019offrir une perspective nouvelle et \u00e0 valeur ajout\u00e9e pour aider votre organisation \u00e0 prosp\u00e9rer. Nous sommes \u00e0 votre disposition 24&nbsp;h sur 24, 365&nbsp;jours par ann\u00e9e.<\/p>\n\n\n\n<h2 class=\"has-medium-font-size wp-block-heading\"><strong>La confiance<\/strong><\/h2>\n\n\n\n<p>Mcmillan vantage est le seul cabinet d\u2019affaires publiques du canada int\u00e9gr\u00e9 \u00e0 un cabinet d\u2019avocats de premier plan. L\u2019\u00e9thique et l\u2019int\u00e9grit\u00e9 sont au c\u0153ur de tout ce que nous faisons, et c\u2019est pourquoi les entreprises s\u2019en remettent \u00e0 nous pour les aider \u00e0 relever leurs plus grands d\u00e9fis.<\/p>\n\n\n\n<h2 class=\"has-medium-font-size wp-block-heading\"><strong>Les affaires d\u2019abord<\/strong><\/h2>\n\n\n\n<p>Nous aidons les cadres dirigeants \u00e0 r\u00e9soudre les probl\u00e8mes d\u2019affaires publiques complexes qui touchent leur entreprise. Nous fonctionnons comme une extension de votre \u00e9quipe&nbsp;\u2013 nous vivons vos valeurs et adaptons nos services \u00e0 vos besoins.<\/p>\n\n\n\n<h2 class=\"has-medium-font-size wp-block-heading\"><strong>La collaboration<\/strong><\/h2>\n\n\n\n<p>Ayant travaill\u00e9 dans les secteurs priv\u00e9 et public, nous comprenons les besoins et les priorit\u00e9s de chacun de ces secteurs et sommes mieux plac\u00e9s que quiconque pour faire l\u2019interm\u00e9diaire entre eux. Nous travaillons en \u00e9quipe, en interne et en externe, car nous savons que de la collaboration jailliront les meilleures solutions \u00e0 vos probl\u00e8mes.<\/p>\n\n\n\n<h2 class=\"has-medium-font-size wp-block-heading\"><strong>La connexion et l\u2019actualit\u00e9<\/strong><\/h2>\n\n\n\n<p>Nous sommes dynamiques et demeurons au fait des questions qui pr\u00e9occupent le plus les consommateurs. Nous mettons notre exp\u00e9rience, nos connaissances et notre engagement \u00e0 votre service.<\/p>\n\n\n\n<div style=\"height:32px\" aria-hidden=\"true\" class=\"wp-block-spacer\"><\/div>\n\n\n\n<p class=\"has-arrow-style\"><a href=\"https:\/\/mcmillanvantage.com\/fr\/expertise\/\" data-type=\"page\" data-id=\"1248\"><\/a><a href=\"https:\/\/mcmillanvantage.com\/fr\/expertise\/\">Voir notre expertise<\/a><\/p>\n","protected":false},"excerpt":{"rendered":"<p>L\u2019excellence Notre \u00e9quipe suit une approche professionnelle et disciplin\u00e9e dans sa prestation de services. Nos conseils permettent de g\u00e9rer les risques et d\u2019offrir une perspective&hellip;<\/p>\n<p class=\"read-more\"><a class=\"\" href=\"https:\/\/mcmillanvantage.com\/fr\/expertise\/notre-engagement-envers-le-service-client\/\"><span class=\"screen-reader-text\">Notre engagement envers le service client<\/span>Lire plus<\/a><\/span><\/p>\n","protected":false},"author":1,"featured_media":0,"parent":1248,"menu_order":0,"comment_status":"closed","ping_status":"closed","template":"","meta":{"_acf_changed":false,"site-sidebar-layout":"default","site-content-layout":"default","ast-global-header-display":"","ast-main-header-display":"","ast-hfb-above-header-display":"","ast-hfb-below-header-display":"","ast-hfb-mobile-header-display":"","site-post-title":"","ast-breadcrumbs-content":"","ast-featured-img":"","footer-sml-layout":"","theme-transparent-header-meta":"","adv-header-id-meta":"","stick-header-meta":"","header-above-stick-meta":"","header-main-stick-meta":"","header-below-stick-meta":"","footnotes":""},"class_list":["post-1492","page","type-page","status-publish","hentry"],"acf":[],"yoast_head":"<!-- This site is optimized with the Yoast SEO plugin v26.3 - https:\/\/yoast.com\/wordpress\/plugins\/seo\/ -->\n<title>Notre engagement envers le service client - McMillan Vantage<\/title>\n<meta name=\"robots\" content=\"index, follow, max-snippet:-1, max-image-preview:large, max-video-preview:-1\" \/>\n<link rel=\"canonical\" href=\"https:\/\/mcmillanvantage.com\/fr\/expertise\/notre-engagement-envers-le-service-client\/\" \/>\n<meta property=\"og:locale\" content=\"fr_CA\" \/>\n<meta property=\"og:type\" content=\"article\" \/>\n<meta property=\"og:title\" content=\"Notre engagement envers le service client - McMillan Vantage\" \/>\n<meta property=\"og:description\" content=\"L\u2019excellence Notre \u00e9quipe suit une approche professionnelle et disciplin\u00e9e dans sa prestation de services. Nos conseils permettent de g\u00e9rer les risques et d\u2019offrir une perspective&hellip;Notre engagement envers le service clientLire plus\" \/>\n<meta property=\"og:url\" content=\"https:\/\/mcmillanvantage.com\/fr\/expertise\/notre-engagement-envers-le-service-client\/\" \/>\n<meta property=\"og:site_name\" content=\"McMillan Vantage\" \/>\n<meta property=\"article:modified_time\" content=\"2022-06-20T17:12:16+00:00\" \/>\n<meta name=\"twitter:card\" content=\"summary_large_image\" \/>\n<meta name=\"twitter:label1\" content=\"Estimation du temps de lecture\" \/>\n\t<meta name=\"twitter:data1\" content=\"1 minute\" \/>\n<script type=\"application\/ld+json\" class=\"yoast-schema-graph\">{\"@context\":\"https:\/\/schema.org\",\"@graph\":[{\"@type\":\"WebPage\",\"@id\":\"https:\/\/mcmillanvantage.com\/fr\/expertise\/notre-engagement-envers-le-service-client\/\",\"url\":\"https:\/\/mcmillanvantage.com\/fr\/expertise\/notre-engagement-envers-le-service-client\/\",\"name\":\"Notre engagement envers le service client - McMillan Vantage\",\"isPartOf\":{\"@id\":\"https:\/\/mcmillanvantage.com\/fr\/#website\"},\"datePublished\":\"2022-01-05T21:16:12+00:00\",\"dateModified\":\"2022-06-20T17:12:16+00:00\",\"breadcrumb\":{\"@id\":\"https:\/\/mcmillanvantage.com\/fr\/expertise\/notre-engagement-envers-le-service-client\/#breadcrumb\"},\"inLanguage\":\"fr-CA\",\"potentialAction\":[{\"@type\":\"ReadAction\",\"target\":[\"https:\/\/mcmillanvantage.com\/fr\/expertise\/notre-engagement-envers-le-service-client\/\"]}]},{\"@type\":\"BreadcrumbList\",\"@id\":\"https:\/\/mcmillanvantage.com\/fr\/expertise\/notre-engagement-envers-le-service-client\/#breadcrumb\",\"itemListElement\":[{\"@type\":\"ListItem\",\"position\":1,\"name\":\"Home\",\"item\":\"https:\/\/mcmillanvantage.com\/fr\/\"},{\"@type\":\"ListItem\",\"position\":2,\"name\":\"notre expertise\",\"item\":\"https:\/\/mcmillanvantage.com\/fr\/expertise\/\"},{\"@type\":\"ListItem\",\"position\":3,\"name\":\"Notre engagement envers le service client\"}]},{\"@type\":\"WebSite\",\"@id\":\"https:\/\/mcmillanvantage.com\/fr\/#website\",\"url\":\"https:\/\/mcmillanvantage.com\/fr\/\",\"name\":\"McMillan Vantage\",\"description\":\"\",\"publisher\":{\"@id\":\"https:\/\/mcmillanvantage.com\/fr\/#organization\"},\"potentialAction\":[{\"@type\":\"SearchAction\",\"target\":{\"@type\":\"EntryPoint\",\"urlTemplate\":\"https:\/\/mcmillanvantage.com\/fr\/?s={search_term_string}\"},\"query-input\":{\"@type\":\"PropertyValueSpecification\",\"valueRequired\":true,\"valueName\":\"search_term_string\"}}],\"inLanguage\":\"fr-CA\"},{\"@type\":\"Organization\",\"@id\":\"https:\/\/mcmillanvantage.com\/fr\/#organization\",\"name\":\"McMillan Vantage\",\"url\":\"https:\/\/mcmillanvantage.com\/fr\/\",\"logo\":{\"@type\":\"ImageObject\",\"inLanguage\":\"fr-CA\",\"@id\":\"https:\/\/mcmillanvantage.com\/fr\/#\/schema\/logo\/image\/\",\"url\":\"https:\/\/mcmillanvantage.com\/fr\/wp-content\/uploads\/sites\/3\/2023\/02\/mv-logo-web.svg\",\"contentUrl\":\"https:\/\/mcmillanvantage.com\/fr\/wp-content\/uploads\/sites\/3\/2023\/02\/mv-logo-web.svg\",\"width\":255,\"height\":40,\"caption\":\"McMillan Vantage\"},\"image\":{\"@id\":\"https:\/\/mcmillanvantage.com\/fr\/#\/schema\/logo\/image\/\"},\"sameAs\":[\"https:\/\/www.linkedin.com\/company\/mcmillanvantage\"]}]}<\/script>\n<!-- \/ Yoast SEO plugin. -->","yoast_head_json":{"title":"Notre engagement envers le service client - McMillan Vantage","robots":{"index":"index","follow":"follow","max-snippet":"max-snippet:-1","max-image-preview":"max-image-preview:large","max-video-preview":"max-video-preview:-1"},"canonical":"https:\/\/mcmillanvantage.com\/fr\/expertise\/notre-engagement-envers-le-service-client\/","og_locale":"fr_CA","og_type":"article","og_title":"Notre engagement envers le service client - McMillan Vantage","og_description":"L\u2019excellence Notre \u00e9quipe suit une approche professionnelle et disciplin\u00e9e dans sa prestation de services. Nos conseils permettent de g\u00e9rer les risques et d\u2019offrir une perspective&hellip;Notre engagement envers le service clientLire plus","og_url":"https:\/\/mcmillanvantage.com\/fr\/expertise\/notre-engagement-envers-le-service-client\/","og_site_name":"McMillan Vantage","article_modified_time":"2022-06-20T17:12:16+00:00","twitter_card":"summary_large_image","twitter_misc":{"Estimation du temps de lecture":"1 minute"},"schema":{"@context":"https:\/\/schema.org","@graph":[{"@type":"WebPage","@id":"https:\/\/mcmillanvantage.com\/fr\/expertise\/notre-engagement-envers-le-service-client\/","url":"https:\/\/mcmillanvantage.com\/fr\/expertise\/notre-engagement-envers-le-service-client\/","name":"Notre engagement envers le service client - McMillan Vantage","isPartOf":{"@id":"https:\/\/mcmillanvantage.com\/fr\/#website"},"datePublished":"2022-01-05T21:16:12+00:00","dateModified":"2022-06-20T17:12:16+00:00","breadcrumb":{"@id":"https:\/\/mcmillanvantage.com\/fr\/expertise\/notre-engagement-envers-le-service-client\/#breadcrumb"},"inLanguage":"fr-CA","potentialAction":[{"@type":"ReadAction","target":["https:\/\/mcmillanvantage.com\/fr\/expertise\/notre-engagement-envers-le-service-client\/"]}]},{"@type":"BreadcrumbList","@id":"https:\/\/mcmillanvantage.com\/fr\/expertise\/notre-engagement-envers-le-service-client\/#breadcrumb","itemListElement":[{"@type":"ListItem","position":1,"name":"Home","item":"https:\/\/mcmillanvantage.com\/fr\/"},{"@type":"ListItem","position":2,"name":"notre expertise","item":"https:\/\/mcmillanvantage.com\/fr\/expertise\/"},{"@type":"ListItem","position":3,"name":"Notre engagement envers le service client"}]},{"@type":"WebSite","@id":"https:\/\/mcmillanvantage.com\/fr\/#website","url":"https:\/\/mcmillanvantage.com\/fr\/","name":"McMillan Vantage","description":"","publisher":{"@id":"https:\/\/mcmillanvantage.com\/fr\/#organization"},"potentialAction":[{"@type":"SearchAction","target":{"@type":"EntryPoint","urlTemplate":"https:\/\/mcmillanvantage.com\/fr\/?s={search_term_string}"},"query-input":{"@type":"PropertyValueSpecification","valueRequired":true,"valueName":"search_term_string"}}],"inLanguage":"fr-CA"},{"@type":"Organization","@id":"https:\/\/mcmillanvantage.com\/fr\/#organization","name":"McMillan Vantage","url":"https:\/\/mcmillanvantage.com\/fr\/","logo":{"@type":"ImageObject","inLanguage":"fr-CA","@id":"https:\/\/mcmillanvantage.com\/fr\/#\/schema\/logo\/image\/","url":"https:\/\/mcmillanvantage.com\/fr\/wp-content\/uploads\/sites\/3\/2023\/02\/mv-logo-web.svg","contentUrl":"https:\/\/mcmillanvantage.com\/fr\/wp-content\/uploads\/sites\/3\/2023\/02\/mv-logo-web.svg","width":255,"height":40,"caption":"McMillan Vantage"},"image":{"@id":"https:\/\/mcmillanvantage.com\/fr\/#\/schema\/logo\/image\/"},"sameAs":["https:\/\/www.linkedin.com\/company\/mcmillanvantage"]}]}},"_links":{"self":[{"href":"https:\/\/mcmillanvantage.com\/fr\/wp-json\/wp\/v2\/pages\/1492","targetHints":{"allow":["GET"]}}],"collection":[{"href":"https:\/\/mcmillanvantage.com\/fr\/wp-json\/wp\/v2\/pages"}],"about":[{"href":"https:\/\/mcmillanvantage.com\/fr\/wp-json\/wp\/v2\/types\/page"}],"author":[{"embeddable":true,"href":"https:\/\/mcmillanvantage.com\/fr\/wp-json\/wp\/v2\/users\/1"}],"replies":[{"embeddable":true,"href":"https:\/\/mcmillanvantage.com\/fr\/wp-json\/wp\/v2\/comments?post=1492"}],"version-history":[{"count":0,"href":"https:\/\/mcmillanvantage.com\/fr\/wp-json\/wp\/v2\/pages\/1492\/revisions"}],"up":[{"embeddable":true,"href":"https:\/\/mcmillanvantage.com\/fr\/wp-json\/wp\/v2\/pages\/1248"}],"wp:attachment":[{"href":"https:\/\/mcmillanvantage.com\/fr\/wp-json\/wp\/v2\/media?parent=1492"}],"curies":[{"name":"wp","href":"https:\/\/api.w.org\/{rel}","templated":true}]}}