{"id":1509,"date":"2022-01-05T16:48:06","date_gmt":"2022-01-05T21:48:06","guid":{"rendered":"https:\/\/mcmillan.barking.ca\/fr\/?page_id=1509"},"modified":"2022-06-20T13:16:43","modified_gmt":"2022-06-20T17:16:43","slug":"les-relations-gouvernementales","status":"publish","type":"page","link":"https:\/\/mcmillanvantage.com\/fr\/expertise\/les-relations-gouvernementales\/","title":{"rendered":"Les relations gouvernementales"},"content":{"rendered":"\n<p class=\"no-bottom-margin\" style=\"font-size:40px;text-transform:uppercase\">domaines de service<\/p>\n\n\n\n<hr class=\"wp-block-separator is-style-wide\"\/>\n\n\n\n<div class=\"wp-block-group alignfull has-ast-global-color-6-background-color has-background is-layout-constrained wp-block-group-is-layout-constrained\"><div class=\"wp-block-group__inner-container\">\n<div class=\"wp-block-columns is-layout-flex wp-container-core-columns-is-layout-28f84493 wp-block-columns-is-layout-flex\">\n<div class=\"wp-block-column is-layout-flow wp-block-column-is-layout-flow\" style=\"flex-basis:33.33%\"><figure class=\"wp-block-post-featured-image\"><img loading=\"lazy\" decoding=\"async\" width=\"1077\" height=\"628\" src=\"https:\/\/mcmillanvantage.com\/fr\/wp-content\/uploads\/sites\/3\/2022\/02\/Illustrations-government-v2-1077x628.png\" class=\"attachment-post-thumbnail size-post-thumbnail wp-post-image\" alt=\"illustration of figures sitting on shapes\" style=\"object-fit:cover;\" srcset=\"https:\/\/mcmillanvantage.com\/fr\/wp-content\/uploads\/sites\/3\/2022\/02\/Illustrations-government-v2-1077x628.png 1077w, https:\/\/mcmillanvantage.com\/fr\/wp-content\/uploads\/sites\/3\/2022\/02\/Illustrations-government-v2-300x175.png 300w, https:\/\/mcmillanvantage.com\/fr\/wp-content\/uploads\/sites\/3\/2022\/02\/Illustrations-government-v2-1024x597.png 1024w, https:\/\/mcmillanvantage.com\/fr\/wp-content\/uploads\/sites\/3\/2022\/02\/Illustrations-government-v2-768x448.png 768w, https:\/\/mcmillanvantage.com\/fr\/wp-content\/uploads\/sites\/3\/2022\/02\/Illustrations-government-v2.png 1200w\" sizes=\"auto, (max-width: 1077px) 100vw, 1077px\" \/><\/figure><\/div>\n\n\n\n<div class=\"wp-block-column is-layout-flow wp-block-column-is-layout-flow\" style=\"flex-basis:66.66%\">\n<h1 class=\"has-ast-global-color-0-color has-text-color wp-block-heading\" id=\"government-relations\" style=\"text-transform:capitalize\"><strong>Les relations gouvernementales<\/strong><\/h1>\n\n\n\n<div style=\"height:32px\" aria-hidden=\"true\" class=\"wp-block-spacer\"><\/div>\n\n\n\n<p>McMillan Vantage travaille sur les dossiers les plus chauds.&nbsp;En tant qu\u2019anciens ministres, chefs de partis f\u00e9d\u00e9raux, ministres adjoints, chefs de cabinet, conseillers en politiques et organisateurs politiques, nous connaissons les rouages de la politique et du service public et savons livrer des strat\u00e9gies intelligentes qui profiteront \u00e0 nos clients \u2013 et \u00e0 notre pays.<\/p>\n\n\n\n<div style=\"height:32px\" aria-hidden=\"true\" class=\"wp-block-spacer\"><\/div>\n\n\n\n<h2 class=\"has-ast-global-color-2-color has-text-color wp-block-heading\" id=\"when-you-need-to-know-about-government-relations-mcmillan-vantage-advises-you-on\" style=\"font-size:1.2rem\"><strong>Si&nbsp;vous devez en savoir plus sur&nbsp;les relations gouvernementales, McMillan Vantage vous conseille sur&nbsp;:<\/strong><\/h2>\n\n\n\n<div style=\"height:16px\" aria-hidden=\"true\" class=\"wp-block-spacer\"><\/div>\n\n\n\n<p><strong>Ce qu\u2019il en est&nbsp;:<\/strong>&nbsp;Si vous devez \u00e9laborer une strat\u00e9gie d\u2019affaires publiques complexe ou faire du lobbying aupr\u00e8s de d\u00e9cideurs cl\u00e9s, vous pourrez compter sur notre solide compr\u00e9hension des priorit\u00e9s et des acteurs politiques. Nos professionnels chevronn\u00e9s vous accompagneront, vous conseilleront et vous proposeront des solutions personnalis\u00e9es et cr\u00e9atives pour r\u00e9pondre \u00e0 vos objectifs en mati\u00e8re de relations gouvernementales. Et lorsque vous aurez besoin de comprendre les r\u00e9percussions d\u2019un r\u00e8glement actuel ou futur, ou de concevoir des politiques pour r\u00e9soudre des probl\u00e8mes gouvernementaux complexes, notre \u00e9quipe saura faire l\u2019\u00e9valuation des risques et trouver les solutions \u00ad\u2013 l\u00e9gislatives ou r\u00e9glementaires \u2013 qui m\u00e9ritent d\u2019\u00eatre explor\u00e9es. Tout cela fait partie de notre offre de services en mati\u00e8re d\u2019affaires publiques.<\/p>\n\n\n\n<p><strong>Ce qui est important&nbsp;:<\/strong>&nbsp;McMillan Vantage g\u00e8re les situations complexes, les agendas surcharg\u00e9s et les syst\u00e8mes labyrinthiques. Notre profonde compr\u00e9hension des politiques publiques et des priorit\u00e9s politiques nous aide \u00e0 faire bouger les choses et \u00e0 vous outiller pour atteindre vos objectifs. Nous mettons notre double expertise politique et commerciale \u00e0 votre service pour vous donner l\u2019heure juste sur les priorit\u00e9s du gouvernement. Gr\u00e2ce \u00e0 la recherche que nous effectuons, nous pouvons \u00e9valuer les messages et jauger l\u2019opinion publique afin de mettre votre dossier en valeur aux yeux du gouvernement.<\/p>\n\n\n\n<p><strong>Ce qu\u2019il faut faire&nbsp;:<\/strong>&nbsp;Il est essentiel de garder une longueur d\u2019avance. \u00c9tay\u00e9es par notre veille l\u00e9gislative et r\u00e9glementaire, notre collecte de renseignements et notre connaissance de la strat\u00e9gie d\u2019approvisionnement du gouvernement, nos connaissances&nbsp;et notre expertise en d\u00e9fense d\u2019int\u00e9r\u00eats permettent de vous d\u00e9marquer. Nous vous aidons \u00e0 faire pression en faveur de politiques et de programmes&nbsp;tout en<em>&nbsp;<\/em>vous guidant \u00e0 travers les syst\u00e8mes politiques et de service public. Nous vous aiderons \u00e0 remplir vos d\u00e9clarations r\u00e9glementaires, \u00e0 vous conformer \u00e0 vos obligations et \u00e0 \u00e9tablir votre profil gouvernemental. Nous concevons des strat\u00e9gies de positionnement \u00e9clair\u00e9es et des ensembles de solutions politiques con\u00e7ues pour encourager l\u2019action des organes politiques et de r\u00e9glementation.<\/p>\n\n\n\n<div style=\"height:32px\" aria-hidden=\"true\" class=\"wp-block-spacer\"><\/div>\n<\/div>\n<\/div>\n\n\n\n<hr class=\"wp-block-separator is-style-wide\"\/>\n\n\n\n<div class=\"wp-block-columns is-layout-flex wp-container-core-columns-is-layout-28f84493 wp-block-columns-is-layout-flex\">\n<div class=\"wp-block-column is-layout-flow wp-block-column-is-layout-flow\" style=\"flex-basis:33.33%\">\n<p class=\"has-arrow-style\"><a href=\"https:\/\/mcmillanvantage.com\/fr\/expertise\/\" data-type=\"page\" data-id=\"1248\"><\/a><a href=\"https:\/\/mcmillanvantage.com\/fr\/expertise\/\">Voir notre expertise<\/a><\/p>\n<\/div>\n\n\n\n<div class=\"wp-block-column is-layout-flow wp-block-column-is-layout-flow\" style=\"flex-basis:66.66%\">\n<p>Pour plus d\u2019information sur nos services de relations gouvernementales, veuillez communiquer avec Mark Resnick, Richard Mahoney ou Karl Baldauf.<\/p>\n<\/div>\n<\/div>\n<\/div><\/div>\n","protected":false},"excerpt":{"rendered":"<p>domaines de service Les relations gouvernementales McMillan Vantage travaille sur les dossiers les plus chauds.&nbsp;En tant qu\u2019anciens ministres, chefs de partis f\u00e9d\u00e9raux, ministres adjoints, chefs&hellip;<\/p>\n<p class=\"read-more\"><a class=\"\" href=\"https:\/\/mcmillanvantage.com\/fr\/expertise\/les-relations-gouvernementales\/\"><span class=\"screen-reader-text\">Les relations gouvernementales<\/span>Lire plus<\/a><\/span><\/p>\n","protected":false},"author":1,"featured_media":2323,"parent":1248,"menu_order":0,"comment_status":"closed","ping_status":"closed","template":"","meta":{"_acf_changed":false,"site-sidebar-layout":"default","site-content-layout":"default","ast-global-header-display":"","ast-main-header-display":"","ast-hfb-above-header-display":"","ast-hfb-below-header-display":"","ast-hfb-mobile-header-display":"","site-post-title":"disabled","ast-breadcrumbs-content":"","ast-featured-img":"disabled","footer-sml-layout":"","theme-transparent-header-meta":"","adv-header-id-meta":"","stick-header-meta":"","header-above-stick-meta":"","header-main-stick-meta":"","header-below-stick-meta":"","footnotes":""},"class_list":["post-1509","page","type-page","status-publish","has-post-thumbnail","hentry"],"acf":[],"yoast_head":"<!-- This site is optimized with the Yoast SEO plugin v26.3 - https:\/\/yoast.com\/wordpress\/plugins\/seo\/ -->\n<title>Les relations gouvernementales - McMillan Vantage<\/title>\n<meta name=\"robots\" content=\"index, follow, max-snippet:-1, max-image-preview:large, max-video-preview:-1\" \/>\n<link rel=\"canonical\" href=\"https:\/\/mcmillanvantage.com\/fr\/expertise\/les-relations-gouvernementales\/\" \/>\n<meta property=\"og:locale\" content=\"fr_CA\" \/>\n<meta property=\"og:type\" content=\"article\" \/>\n<meta property=\"og:title\" content=\"Les relations gouvernementales - McMillan Vantage\" \/>\n<meta property=\"og:description\" content=\"domaines de service Les relations gouvernementales McMillan Vantage travaille sur les dossiers les plus chauds.&nbsp;En tant qu\u2019anciens ministres, chefs de partis f\u00e9d\u00e9raux, ministres adjoints, chefs&hellip;Les relations gouvernementalesLire plus\" \/>\n<meta property=\"og:url\" content=\"https:\/\/mcmillanvantage.com\/fr\/expertise\/les-relations-gouvernementales\/\" \/>\n<meta property=\"og:site_name\" content=\"McMillan Vantage\" \/>\n<meta property=\"article:modified_time\" content=\"2022-06-20T17:16:43+00:00\" \/>\n<meta property=\"og:image\" content=\"https:\/\/mcmillanvantage.com\/fr\/wp-content\/uploads\/sites\/3\/2022\/02\/Illustrations-government-v2.png\" \/>\n\t<meta property=\"og:image:width\" content=\"1200\" \/>\n\t<meta property=\"og:image:height\" content=\"700\" \/>\n\t<meta property=\"og:image:type\" content=\"image\/png\" \/>\n<meta name=\"twitter:card\" content=\"summary_large_image\" \/>\n<meta name=\"twitter:label1\" content=\"Estimation du temps de lecture\" \/>\n\t<meta name=\"twitter:data1\" content=\"2 minutes\" \/>\n<script type=\"application\/ld+json\" class=\"yoast-schema-graph\">{\"@context\":\"https:\/\/schema.org\",\"@graph\":[{\"@type\":\"WebPage\",\"@id\":\"https:\/\/mcmillanvantage.com\/fr\/expertise\/les-relations-gouvernementales\/\",\"url\":\"https:\/\/mcmillanvantage.com\/fr\/expertise\/les-relations-gouvernementales\/\",\"name\":\"Les relations gouvernementales - McMillan Vantage\",\"isPartOf\":{\"@id\":\"https:\/\/mcmillanvantage.com\/fr\/#website\"},\"primaryImageOfPage\":{\"@id\":\"https:\/\/mcmillanvantage.com\/fr\/expertise\/les-relations-gouvernementales\/#primaryimage\"},\"image\":{\"@id\":\"https:\/\/mcmillanvantage.com\/fr\/expertise\/les-relations-gouvernementales\/#primaryimage\"},\"thumbnailUrl\":\"https:\/\/mcmillanvantage.com\/fr\/wp-content\/uploads\/sites\/3\/2022\/02\/Illustrations-government-v2.png\",\"datePublished\":\"2022-01-05T21:48:06+00:00\",\"dateModified\":\"2022-06-20T17:16:43+00:00\",\"breadcrumb\":{\"@id\":\"https:\/\/mcmillanvantage.com\/fr\/expertise\/les-relations-gouvernementales\/#breadcrumb\"},\"inLanguage\":\"fr-CA\",\"potentialAction\":[{\"@type\":\"ReadAction\",\"target\":[\"https:\/\/mcmillanvantage.com\/fr\/expertise\/les-relations-gouvernementales\/\"]}]},{\"@type\":\"ImageObject\",\"inLanguage\":\"fr-CA\",\"@id\":\"https:\/\/mcmillanvantage.com\/fr\/expertise\/les-relations-gouvernementales\/#primaryimage\",\"url\":\"https:\/\/mcmillanvantage.com\/fr\/wp-content\/uploads\/sites\/3\/2022\/02\/Illustrations-government-v2.png\",\"contentUrl\":\"https:\/\/mcmillanvantage.com\/fr\/wp-content\/uploads\/sites\/3\/2022\/02\/Illustrations-government-v2.png\",\"width\":1200,\"height\":700,\"caption\":\"illustration of figures sitting on shapes\"},{\"@type\":\"BreadcrumbList\",\"@id\":\"https:\/\/mcmillanvantage.com\/fr\/expertise\/les-relations-gouvernementales\/#breadcrumb\",\"itemListElement\":[{\"@type\":\"ListItem\",\"position\":1,\"name\":\"Home\",\"item\":\"https:\/\/mcmillanvantage.com\/fr\/\"},{\"@type\":\"ListItem\",\"position\":2,\"name\":\"notre expertise\",\"item\":\"https:\/\/mcmillanvantage.com\/fr\/expertise\/\"},{\"@type\":\"ListItem\",\"position\":3,\"name\":\"Les relations gouvernementales\"}]},{\"@type\":\"WebSite\",\"@id\":\"https:\/\/mcmillanvantage.com\/fr\/#website\",\"url\":\"https:\/\/mcmillanvantage.com\/fr\/\",\"name\":\"McMillan Vantage\",\"description\":\"\",\"publisher\":{\"@id\":\"https:\/\/mcmillanvantage.com\/fr\/#organization\"},\"potentialAction\":[{\"@type\":\"SearchAction\",\"target\":{\"@type\":\"EntryPoint\",\"urlTemplate\":\"https:\/\/mcmillanvantage.com\/fr\/?s={search_term_string}\"},\"query-input\":{\"@type\":\"PropertyValueSpecification\",\"valueRequired\":true,\"valueName\":\"search_term_string\"}}],\"inLanguage\":\"fr-CA\"},{\"@type\":\"Organization\",\"@id\":\"https:\/\/mcmillanvantage.com\/fr\/#organization\",\"name\":\"McMillan Vantage\",\"url\":\"https:\/\/mcmillanvantage.com\/fr\/\",\"logo\":{\"@type\":\"ImageObject\",\"inLanguage\":\"fr-CA\",\"@id\":\"https:\/\/mcmillanvantage.com\/fr\/#\/schema\/logo\/image\/\",\"url\":\"https:\/\/mcmillanvantage.com\/fr\/wp-content\/uploads\/sites\/3\/2023\/02\/mv-logo-web.svg\",\"contentUrl\":\"https:\/\/mcmillanvantage.com\/fr\/wp-content\/uploads\/sites\/3\/2023\/02\/mv-logo-web.svg\",\"width\":255,\"height\":40,\"caption\":\"McMillan Vantage\"},\"image\":{\"@id\":\"https:\/\/mcmillanvantage.com\/fr\/#\/schema\/logo\/image\/\"},\"sameAs\":[\"https:\/\/www.linkedin.com\/company\/mcmillanvantage\"]}]}<\/script>\n<!-- \/ Yoast SEO plugin. -->","yoast_head_json":{"title":"Les relations gouvernementales - McMillan Vantage","robots":{"index":"index","follow":"follow","max-snippet":"max-snippet:-1","max-image-preview":"max-image-preview:large","max-video-preview":"max-video-preview:-1"},"canonical":"https:\/\/mcmillanvantage.com\/fr\/expertise\/les-relations-gouvernementales\/","og_locale":"fr_CA","og_type":"article","og_title":"Les relations gouvernementales - McMillan Vantage","og_description":"domaines de service Les relations gouvernementales McMillan Vantage travaille sur les dossiers les plus chauds.&nbsp;En tant qu\u2019anciens ministres, chefs de partis f\u00e9d\u00e9raux, ministres adjoints, chefs&hellip;Les relations gouvernementalesLire plus","og_url":"https:\/\/mcmillanvantage.com\/fr\/expertise\/les-relations-gouvernementales\/","og_site_name":"McMillan Vantage","article_modified_time":"2022-06-20T17:16:43+00:00","og_image":[{"width":1200,"height":700,"url":"https:\/\/mcmillanvantage.com\/fr\/wp-content\/uploads\/sites\/3\/2022\/02\/Illustrations-government-v2.png","type":"image\/png"}],"twitter_card":"summary_large_image","twitter_misc":{"Estimation du temps de lecture":"2 minutes"},"schema":{"@context":"https:\/\/schema.org","@graph":[{"@type":"WebPage","@id":"https:\/\/mcmillanvantage.com\/fr\/expertise\/les-relations-gouvernementales\/","url":"https:\/\/mcmillanvantage.com\/fr\/expertise\/les-relations-gouvernementales\/","name":"Les relations gouvernementales - McMillan Vantage","isPartOf":{"@id":"https:\/\/mcmillanvantage.com\/fr\/#website"},"primaryImageOfPage":{"@id":"https:\/\/mcmillanvantage.com\/fr\/expertise\/les-relations-gouvernementales\/#primaryimage"},"image":{"@id":"https:\/\/mcmillanvantage.com\/fr\/expertise\/les-relations-gouvernementales\/#primaryimage"},"thumbnailUrl":"https:\/\/mcmillanvantage.com\/fr\/wp-content\/uploads\/sites\/3\/2022\/02\/Illustrations-government-v2.png","datePublished":"2022-01-05T21:48:06+00:00","dateModified":"2022-06-20T17:16:43+00:00","breadcrumb":{"@id":"https:\/\/mcmillanvantage.com\/fr\/expertise\/les-relations-gouvernementales\/#breadcrumb"},"inLanguage":"fr-CA","potentialAction":[{"@type":"ReadAction","target":["https:\/\/mcmillanvantage.com\/fr\/expertise\/les-relations-gouvernementales\/"]}]},{"@type":"ImageObject","inLanguage":"fr-CA","@id":"https:\/\/mcmillanvantage.com\/fr\/expertise\/les-relations-gouvernementales\/#primaryimage","url":"https:\/\/mcmillanvantage.com\/fr\/wp-content\/uploads\/sites\/3\/2022\/02\/Illustrations-government-v2.png","contentUrl":"https:\/\/mcmillanvantage.com\/fr\/wp-content\/uploads\/sites\/3\/2022\/02\/Illustrations-government-v2.png","width":1200,"height":700,"caption":"illustration of figures sitting on shapes"},{"@type":"BreadcrumbList","@id":"https:\/\/mcmillanvantage.com\/fr\/expertise\/les-relations-gouvernementales\/#breadcrumb","itemListElement":[{"@type":"ListItem","position":1,"name":"Home","item":"https:\/\/mcmillanvantage.com\/fr\/"},{"@type":"ListItem","position":2,"name":"notre expertise","item":"https:\/\/mcmillanvantage.com\/fr\/expertise\/"},{"@type":"ListItem","position":3,"name":"Les relations gouvernementales"}]},{"@type":"WebSite","@id":"https:\/\/mcmillanvantage.com\/fr\/#website","url":"https:\/\/mcmillanvantage.com\/fr\/","name":"McMillan Vantage","description":"","publisher":{"@id":"https:\/\/mcmillanvantage.com\/fr\/#organization"},"potentialAction":[{"@type":"SearchAction","target":{"@type":"EntryPoint","urlTemplate":"https:\/\/mcmillanvantage.com\/fr\/?s={search_term_string}"},"query-input":{"@type":"PropertyValueSpecification","valueRequired":true,"valueName":"search_term_string"}}],"inLanguage":"fr-CA"},{"@type":"Organization","@id":"https:\/\/mcmillanvantage.com\/fr\/#organization","name":"McMillan Vantage","url":"https:\/\/mcmillanvantage.com\/fr\/","logo":{"@type":"ImageObject","inLanguage":"fr-CA","@id":"https:\/\/mcmillanvantage.com\/fr\/#\/schema\/logo\/image\/","url":"https:\/\/mcmillanvantage.com\/fr\/wp-content\/uploads\/sites\/3\/2023\/02\/mv-logo-web.svg","contentUrl":"https:\/\/mcmillanvantage.com\/fr\/wp-content\/uploads\/sites\/3\/2023\/02\/mv-logo-web.svg","width":255,"height":40,"caption":"McMillan Vantage"},"image":{"@id":"https:\/\/mcmillanvantage.com\/fr\/#\/schema\/logo\/image\/"},"sameAs":["https:\/\/www.linkedin.com\/company\/mcmillanvantage"]}]}},"_links":{"self":[{"href":"https:\/\/mcmillanvantage.com\/fr\/wp-json\/wp\/v2\/pages\/1509","targetHints":{"allow":["GET"]}}],"collection":[{"href":"https:\/\/mcmillanvantage.com\/fr\/wp-json\/wp\/v2\/pages"}],"about":[{"href":"https:\/\/mcmillanvantage.com\/fr\/wp-json\/wp\/v2\/types\/page"}],"author":[{"embeddable":true,"href":"https:\/\/mcmillanvantage.com\/fr\/wp-json\/wp\/v2\/users\/1"}],"replies":[{"embeddable":true,"href":"https:\/\/mcmillanvantage.com\/fr\/wp-json\/wp\/v2\/comments?post=1509"}],"version-history":[{"count":0,"href":"https:\/\/mcmillanvantage.com\/fr\/wp-json\/wp\/v2\/pages\/1509\/revisions"}],"up":[{"embeddable":true,"href":"https:\/\/mcmillanvantage.com\/fr\/wp-json\/wp\/v2\/pages\/1248"}],"wp:featuredmedia":[{"embeddable":true,"href":"https:\/\/mcmillanvantage.com\/fr\/wp-json\/wp\/v2\/media\/2323"}],"wp:attachment":[{"href":"https:\/\/mcmillanvantage.com\/fr\/wp-json\/wp\/v2\/media?parent=1509"}],"curies":[{"name":"wp","href":"https:\/\/api.w.org\/{rel}","templated":true}]}}