{"id":1519,"date":"2022-01-05T16:54:09","date_gmt":"2022-01-05T21:54:09","guid":{"rendered":"https:\/\/mcmillan.barking.ca\/fr\/?page_id=1519"},"modified":"2022-06-20T13:14:52","modified_gmt":"2022-06-20T17:14:52","slug":"la-gestion-de-crises-et-denjeux","status":"publish","type":"page","link":"https:\/\/mcmillanvantage.com\/fr\/expertise\/la-gestion-de-crises-et-denjeux\/","title":{"rendered":"La gestion de crises et d\u2019enjeux"},"content":{"rendered":"\n<p class=\"no-bottom-margin\" style=\"font-size:40px;text-transform:uppercase\">domaines de service<\/p>\n\n\n\n<hr class=\"wp-block-separator is-style-wide\"\/>\n\n\n\n<div class=\"wp-block-group alignfull has-ast-global-color-6-background-color has-background is-layout-constrained wp-block-group-is-layout-constrained\"><div class=\"wp-block-group__inner-container\">\n<div class=\"wp-block-columns is-layout-flex wp-container-core-columns-is-layout-28f84493 wp-block-columns-is-layout-flex\">\n<div class=\"wp-block-column is-layout-flow wp-block-column-is-layout-flow\" style=\"flex-basis:33.33%\"><figure class=\"wp-block-post-featured-image\"><img loading=\"lazy\" decoding=\"async\" width=\"1077\" height=\"628\" src=\"https:\/\/mcmillanvantage.com\/fr\/wp-content\/uploads\/sites\/3\/2022\/02\/Illustrations-crisis-v2-1077x628.png\" class=\"attachment-post-thumbnail size-post-thumbnail wp-post-image\" alt=\"illustration of figures lifting shapes\" style=\"object-fit:cover;\" srcset=\"https:\/\/mcmillanvantage.com\/fr\/wp-content\/uploads\/sites\/3\/2022\/02\/Illustrations-crisis-v2-1077x628.png 1077w, https:\/\/mcmillanvantage.com\/fr\/wp-content\/uploads\/sites\/3\/2022\/02\/Illustrations-crisis-v2-300x175.png 300w, https:\/\/mcmillanvantage.com\/fr\/wp-content\/uploads\/sites\/3\/2022\/02\/Illustrations-crisis-v2-1024x597.png 1024w, https:\/\/mcmillanvantage.com\/fr\/wp-content\/uploads\/sites\/3\/2022\/02\/Illustrations-crisis-v2-768x448.png 768w, https:\/\/mcmillanvantage.com\/fr\/wp-content\/uploads\/sites\/3\/2022\/02\/Illustrations-crisis-v2.png 1200w\" sizes=\"auto, (max-width: 1077px) 100vw, 1077px\" \/><\/figure><\/div>\n\n\n\n<div class=\"wp-block-column is-layout-flow wp-block-column-is-layout-flow\" style=\"flex-basis:66.66%\">\n<h1 class=\"has-ast-global-color-0-color has-text-color wp-block-heading\" id=\"crisis-issues-management\" style=\"text-transform:capitalize\"><strong>La gestion de crises et d\u2019enjeux<\/strong><\/h1>\n\n\n\n<div style=\"height:32px\" aria-hidden=\"true\" class=\"wp-block-spacer\"><\/div>\n\n\n\n<p>Personne ne veut se trouver en situation de crise, mais le jour o\u00f9 \u00e7a vous arrive, vous voudrez compter sur un partenaire exp\u00e9riment\u00e9 pour vous \u00e9pauler. Dans ce genre de situation, la rapidit\u00e9 est d\u00e9terminante&nbsp;: vous devez prendre la mesure de la situation et dresser un plan dans les plus brefs d\u00e9lais. McMillan Vantage sait comment passer rapidement \u00e0 l\u2019action.&nbsp;Nous sommes des experts en pr\u00e9paration, en planification et en att\u00e9nuation de crise.&nbsp;Nous vous aidons \u00e0 traverser les temp\u00eates qui font ou d\u00e9font les personnes, les organisations et les entreprises.<\/p>\n\n\n\n<div style=\"height:32px\" aria-hidden=\"true\" class=\"wp-block-spacer\"><\/div>\n\n\n\n<h2 class=\"has-ast-global-color-2-color has-text-color wp-block-heading\" id=\"when-you-need-to-know-about-crisis-issues-management-mcmillan-vantage-will-advise-you-on\" style=\"font-size:1.2rem\"><strong>Si vous devez en savoir plus sur la gestion de crises et d\u2019enjeux, McMillan Vantage peut vous conseiller sur :<\/strong><\/h2>\n\n\n\n<div style=\"height:16px\" aria-hidden=\"true\" class=\"wp-block-spacer\"><\/div>\n\n\n\n<p><strong>Ce qu\u2019il en est&nbsp;:<\/strong>&nbsp;Nous vous aidons \u00e0 comprendre le contexte en combinant notre exp\u00e9rience des communications de crise \u00e0 notre connaissance approfondie des attentes des gouvernements, des m\u00e9dias et des clients. Cette confluence de savoir-faire et de relations d\u00e9finit notre capacit\u00e9 \u00e0 fournir le plan de crise dont vous avez besoin, rapidement et efficacement, m\u00eame dans les moments les plus stressants.<\/p>\n\n\n\n<p><strong>Ce qui est important&nbsp;:<\/strong>&nbsp;Lorsque les projecteurs sont braqu\u00e9s sur vous, nous vous aidons \u00e0 r\u00e9agir rapidement et judicieusement. Nous vous tra\u00e7ons la voie \u00e0 suivre pour g\u00e9rer l\u2019attention des m\u00e9dias, des gouvernements, des r\u00e9seaux sociaux et de vos clients.<\/p>\n\n\n\n<p><strong>Ce qu\u2019il faut faire :<\/strong>&nbsp;Nous agissons rapidement pour suivre les situations en temps r\u00e9el, rep\u00e9rer et g\u00e9rer les probl\u00e8mes et accompagner les cadres dirigeants et les porte-parole. Lorsque la participation des m\u00e9dias, des politiques ou des parties prenantes est n\u00e9cessaire, nous vous aidons \u00e0 \u00e9laborer des messages cibl\u00e9s tout en tenant compte des contextes politiques, l\u00e9gislatifs, r\u00e9glementaires et juridiques.<\/p>\n\n\n\n<div style=\"height:32px\" aria-hidden=\"true\" class=\"wp-block-spacer\"><\/div>\n<\/div>\n<\/div>\n\n\n\n<hr class=\"wp-block-separator is-style-wide\"\/>\n\n\n\n<div class=\"wp-block-columns is-layout-flex wp-container-core-columns-is-layout-28f84493 wp-block-columns-is-layout-flex\">\n<div class=\"wp-block-column is-layout-flow wp-block-column-is-layout-flow\" style=\"flex-basis:33.33%\">\n<p class=\"has-arrow-style\"><a href=\"https:\/\/mcmillanvantage.com\/fr\/expertise\/\" data-type=\"page\" data-id=\"1248\"><\/a><a href=\"https:\/\/mcmillanvantage.com\/fr\/expertise\/\">Voir notre expertise<\/a><\/p>\n<\/div>\n\n\n\n<div class=\"wp-block-column is-layout-flow wp-block-column-is-layout-flow\" style=\"flex-basis:66.66%\">\n<p>Pour un soutien urgent \u00e0 votre crise ou enjeux, veuillez communiquer avec Robyn Osgood, D\u2019arci McFadden ou Hugh Mansfield.<\/p>\n<\/div>\n<\/div>\n<\/div><\/div>\n","protected":false},"excerpt":{"rendered":"<p>domaines de service La gestion de crises et d\u2019enjeux Personne ne veut se trouver en situation de crise, mais le jour o\u00f9 \u00e7a vous arrive,&hellip;<\/p>\n<p class=\"read-more\"><a class=\"\" href=\"https:\/\/mcmillanvantage.com\/fr\/expertise\/la-gestion-de-crises-et-denjeux\/\"><span class=\"screen-reader-text\">La gestion de crises et d\u2019enjeux<\/span>Lire plus<\/a><\/span><\/p>\n","protected":false},"author":1,"featured_media":2325,"parent":1248,"menu_order":0,"comment_status":"closed","ping_status":"closed","template":"","meta":{"_acf_changed":false,"site-sidebar-layout":"default","site-content-layout":"default","ast-global-header-display":"","ast-main-header-display":"","ast-hfb-above-header-display":"","ast-hfb-below-header-display":"","ast-hfb-mobile-header-display":"","site-post-title":"disabled","ast-breadcrumbs-content":"","ast-featured-img":"disabled","footer-sml-layout":"","theme-transparent-header-meta":"","adv-header-id-meta":"","stick-header-meta":"","header-above-stick-meta":"","header-main-stick-meta":"","header-below-stick-meta":"","footnotes":""},"class_list":["post-1519","page","type-page","status-publish","has-post-thumbnail","hentry"],"acf":[],"yoast_head":"<!-- This site is optimized with the Yoast SEO plugin v26.3 - https:\/\/yoast.com\/wordpress\/plugins\/seo\/ -->\n<title>La gestion de crises et d\u2019enjeux - McMillan Vantage<\/title>\n<meta name=\"robots\" content=\"index, follow, max-snippet:-1, max-image-preview:large, max-video-preview:-1\" \/>\n<link rel=\"canonical\" href=\"https:\/\/mcmillanvantage.com\/fr\/expertise\/la-gestion-de-crises-et-denjeux\/\" \/>\n<meta property=\"og:locale\" content=\"fr_CA\" \/>\n<meta property=\"og:type\" content=\"article\" \/>\n<meta property=\"og:title\" content=\"La gestion de crises et d\u2019enjeux - McMillan Vantage\" \/>\n<meta property=\"og:description\" content=\"domaines de service La gestion de crises et d\u2019enjeux Personne ne veut se trouver en situation de crise, mais le jour o\u00f9 \u00e7a vous arrive,&hellip;La gestion de crises et d\u2019enjeuxLire plus\" \/>\n<meta property=\"og:url\" content=\"https:\/\/mcmillanvantage.com\/fr\/expertise\/la-gestion-de-crises-et-denjeux\/\" \/>\n<meta property=\"og:site_name\" content=\"McMillan Vantage\" \/>\n<meta property=\"article:modified_time\" content=\"2022-06-20T17:14:52+00:00\" \/>\n<meta property=\"og:image\" content=\"https:\/\/mcmillanvantage.com\/fr\/wp-content\/uploads\/sites\/3\/2022\/02\/Illustrations-crisis-v2.png\" \/>\n\t<meta property=\"og:image:width\" content=\"1200\" \/>\n\t<meta property=\"og:image:height\" content=\"700\" \/>\n\t<meta property=\"og:image:type\" content=\"image\/png\" \/>\n<meta name=\"twitter:card\" content=\"summary_large_image\" \/>\n<meta name=\"twitter:label1\" content=\"Estimation du temps de lecture\" \/>\n\t<meta name=\"twitter:data1\" content=\"2 minutes\" \/>\n<script type=\"application\/ld+json\" class=\"yoast-schema-graph\">{\"@context\":\"https:\/\/schema.org\",\"@graph\":[{\"@type\":\"WebPage\",\"@id\":\"https:\/\/mcmillanvantage.com\/fr\/expertise\/la-gestion-de-crises-et-denjeux\/\",\"url\":\"https:\/\/mcmillanvantage.com\/fr\/expertise\/la-gestion-de-crises-et-denjeux\/\",\"name\":\"La gestion de crises et d\u2019enjeux - McMillan Vantage\",\"isPartOf\":{\"@id\":\"https:\/\/mcmillanvantage.com\/fr\/#website\"},\"primaryImageOfPage\":{\"@id\":\"https:\/\/mcmillanvantage.com\/fr\/expertise\/la-gestion-de-crises-et-denjeux\/#primaryimage\"},\"image\":{\"@id\":\"https:\/\/mcmillanvantage.com\/fr\/expertise\/la-gestion-de-crises-et-denjeux\/#primaryimage\"},\"thumbnailUrl\":\"https:\/\/mcmillanvantage.com\/fr\/wp-content\/uploads\/sites\/3\/2022\/02\/Illustrations-crisis-v2.png\",\"datePublished\":\"2022-01-05T21:54:09+00:00\",\"dateModified\":\"2022-06-20T17:14:52+00:00\",\"breadcrumb\":{\"@id\":\"https:\/\/mcmillanvantage.com\/fr\/expertise\/la-gestion-de-crises-et-denjeux\/#breadcrumb\"},\"inLanguage\":\"fr-CA\",\"potentialAction\":[{\"@type\":\"ReadAction\",\"target\":[\"https:\/\/mcmillanvantage.com\/fr\/expertise\/la-gestion-de-crises-et-denjeux\/\"]}]},{\"@type\":\"ImageObject\",\"inLanguage\":\"fr-CA\",\"@id\":\"https:\/\/mcmillanvantage.com\/fr\/expertise\/la-gestion-de-crises-et-denjeux\/#primaryimage\",\"url\":\"https:\/\/mcmillanvantage.com\/fr\/wp-content\/uploads\/sites\/3\/2022\/02\/Illustrations-crisis-v2.png\",\"contentUrl\":\"https:\/\/mcmillanvantage.com\/fr\/wp-content\/uploads\/sites\/3\/2022\/02\/Illustrations-crisis-v2.png\",\"width\":1200,\"height\":700,\"caption\":\"illustration of figures lifting shapes\"},{\"@type\":\"BreadcrumbList\",\"@id\":\"https:\/\/mcmillanvantage.com\/fr\/expertise\/la-gestion-de-crises-et-denjeux\/#breadcrumb\",\"itemListElement\":[{\"@type\":\"ListItem\",\"position\":1,\"name\":\"Home\",\"item\":\"https:\/\/mcmillanvantage.com\/fr\/\"},{\"@type\":\"ListItem\",\"position\":2,\"name\":\"notre expertise\",\"item\":\"https:\/\/mcmillanvantage.com\/fr\/expertise\/\"},{\"@type\":\"ListItem\",\"position\":3,\"name\":\"La gestion de crises et d\u2019enjeux\"}]},{\"@type\":\"WebSite\",\"@id\":\"https:\/\/mcmillanvantage.com\/fr\/#website\",\"url\":\"https:\/\/mcmillanvantage.com\/fr\/\",\"name\":\"McMillan Vantage\",\"description\":\"\",\"publisher\":{\"@id\":\"https:\/\/mcmillanvantage.com\/fr\/#organization\"},\"potentialAction\":[{\"@type\":\"SearchAction\",\"target\":{\"@type\":\"EntryPoint\",\"urlTemplate\":\"https:\/\/mcmillanvantage.com\/fr\/?s={search_term_string}\"},\"query-input\":{\"@type\":\"PropertyValueSpecification\",\"valueRequired\":true,\"valueName\":\"search_term_string\"}}],\"inLanguage\":\"fr-CA\"},{\"@type\":\"Organization\",\"@id\":\"https:\/\/mcmillanvantage.com\/fr\/#organization\",\"name\":\"McMillan Vantage\",\"url\":\"https:\/\/mcmillanvantage.com\/fr\/\",\"logo\":{\"@type\":\"ImageObject\",\"inLanguage\":\"fr-CA\",\"@id\":\"https:\/\/mcmillanvantage.com\/fr\/#\/schema\/logo\/image\/\",\"url\":\"https:\/\/mcmillanvantage.com\/fr\/wp-content\/uploads\/sites\/3\/2023\/02\/mv-logo-web.svg\",\"contentUrl\":\"https:\/\/mcmillanvantage.com\/fr\/wp-content\/uploads\/sites\/3\/2023\/02\/mv-logo-web.svg\",\"width\":255,\"height\":40,\"caption\":\"McMillan Vantage\"},\"image\":{\"@id\":\"https:\/\/mcmillanvantage.com\/fr\/#\/schema\/logo\/image\/\"},\"sameAs\":[\"https:\/\/www.linkedin.com\/company\/mcmillanvantage\"]}]}<\/script>\n<!-- \/ Yoast SEO plugin. -->","yoast_head_json":{"title":"La gestion de crises et d\u2019enjeux - McMillan Vantage","robots":{"index":"index","follow":"follow","max-snippet":"max-snippet:-1","max-image-preview":"max-image-preview:large","max-video-preview":"max-video-preview:-1"},"canonical":"https:\/\/mcmillanvantage.com\/fr\/expertise\/la-gestion-de-crises-et-denjeux\/","og_locale":"fr_CA","og_type":"article","og_title":"La gestion de crises et d\u2019enjeux - McMillan Vantage","og_description":"domaines de service La gestion de crises et d\u2019enjeux Personne ne veut se trouver en situation de crise, mais le jour o\u00f9 \u00e7a vous arrive,&hellip;La gestion de crises et d\u2019enjeuxLire plus","og_url":"https:\/\/mcmillanvantage.com\/fr\/expertise\/la-gestion-de-crises-et-denjeux\/","og_site_name":"McMillan Vantage","article_modified_time":"2022-06-20T17:14:52+00:00","og_image":[{"width":1200,"height":700,"url":"https:\/\/mcmillanvantage.com\/fr\/wp-content\/uploads\/sites\/3\/2022\/02\/Illustrations-crisis-v2.png","type":"image\/png"}],"twitter_card":"summary_large_image","twitter_misc":{"Estimation du temps de lecture":"2 minutes"},"schema":{"@context":"https:\/\/schema.org","@graph":[{"@type":"WebPage","@id":"https:\/\/mcmillanvantage.com\/fr\/expertise\/la-gestion-de-crises-et-denjeux\/","url":"https:\/\/mcmillanvantage.com\/fr\/expertise\/la-gestion-de-crises-et-denjeux\/","name":"La gestion de crises et d\u2019enjeux - McMillan Vantage","isPartOf":{"@id":"https:\/\/mcmillanvantage.com\/fr\/#website"},"primaryImageOfPage":{"@id":"https:\/\/mcmillanvantage.com\/fr\/expertise\/la-gestion-de-crises-et-denjeux\/#primaryimage"},"image":{"@id":"https:\/\/mcmillanvantage.com\/fr\/expertise\/la-gestion-de-crises-et-denjeux\/#primaryimage"},"thumbnailUrl":"https:\/\/mcmillanvantage.com\/fr\/wp-content\/uploads\/sites\/3\/2022\/02\/Illustrations-crisis-v2.png","datePublished":"2022-01-05T21:54:09+00:00","dateModified":"2022-06-20T17:14:52+00:00","breadcrumb":{"@id":"https:\/\/mcmillanvantage.com\/fr\/expertise\/la-gestion-de-crises-et-denjeux\/#breadcrumb"},"inLanguage":"fr-CA","potentialAction":[{"@type":"ReadAction","target":["https:\/\/mcmillanvantage.com\/fr\/expertise\/la-gestion-de-crises-et-denjeux\/"]}]},{"@type":"ImageObject","inLanguage":"fr-CA","@id":"https:\/\/mcmillanvantage.com\/fr\/expertise\/la-gestion-de-crises-et-denjeux\/#primaryimage","url":"https:\/\/mcmillanvantage.com\/fr\/wp-content\/uploads\/sites\/3\/2022\/02\/Illustrations-crisis-v2.png","contentUrl":"https:\/\/mcmillanvantage.com\/fr\/wp-content\/uploads\/sites\/3\/2022\/02\/Illustrations-crisis-v2.png","width":1200,"height":700,"caption":"illustration of figures lifting shapes"},{"@type":"BreadcrumbList","@id":"https:\/\/mcmillanvantage.com\/fr\/expertise\/la-gestion-de-crises-et-denjeux\/#breadcrumb","itemListElement":[{"@type":"ListItem","position":1,"name":"Home","item":"https:\/\/mcmillanvantage.com\/fr\/"},{"@type":"ListItem","position":2,"name":"notre expertise","item":"https:\/\/mcmillanvantage.com\/fr\/expertise\/"},{"@type":"ListItem","position":3,"name":"La gestion de crises et d\u2019enjeux"}]},{"@type":"WebSite","@id":"https:\/\/mcmillanvantage.com\/fr\/#website","url":"https:\/\/mcmillanvantage.com\/fr\/","name":"McMillan Vantage","description":"","publisher":{"@id":"https:\/\/mcmillanvantage.com\/fr\/#organization"},"potentialAction":[{"@type":"SearchAction","target":{"@type":"EntryPoint","urlTemplate":"https:\/\/mcmillanvantage.com\/fr\/?s={search_term_string}"},"query-input":{"@type":"PropertyValueSpecification","valueRequired":true,"valueName":"search_term_string"}}],"inLanguage":"fr-CA"},{"@type":"Organization","@id":"https:\/\/mcmillanvantage.com\/fr\/#organization","name":"McMillan Vantage","url":"https:\/\/mcmillanvantage.com\/fr\/","logo":{"@type":"ImageObject","inLanguage":"fr-CA","@id":"https:\/\/mcmillanvantage.com\/fr\/#\/schema\/logo\/image\/","url":"https:\/\/mcmillanvantage.com\/fr\/wp-content\/uploads\/sites\/3\/2023\/02\/mv-logo-web.svg","contentUrl":"https:\/\/mcmillanvantage.com\/fr\/wp-content\/uploads\/sites\/3\/2023\/02\/mv-logo-web.svg","width":255,"height":40,"caption":"McMillan Vantage"},"image":{"@id":"https:\/\/mcmillanvantage.com\/fr\/#\/schema\/logo\/image\/"},"sameAs":["https:\/\/www.linkedin.com\/company\/mcmillanvantage"]}]}},"_links":{"self":[{"href":"https:\/\/mcmillanvantage.com\/fr\/wp-json\/wp\/v2\/pages\/1519","targetHints":{"allow":["GET"]}}],"collection":[{"href":"https:\/\/mcmillanvantage.com\/fr\/wp-json\/wp\/v2\/pages"}],"about":[{"href":"https:\/\/mcmillanvantage.com\/fr\/wp-json\/wp\/v2\/types\/page"}],"author":[{"embeddable":true,"href":"https:\/\/mcmillanvantage.com\/fr\/wp-json\/wp\/v2\/users\/1"}],"replies":[{"embeddable":true,"href":"https:\/\/mcmillanvantage.com\/fr\/wp-json\/wp\/v2\/comments?post=1519"}],"version-history":[{"count":0,"href":"https:\/\/mcmillanvantage.com\/fr\/wp-json\/wp\/v2\/pages\/1519\/revisions"}],"up":[{"embeddable":true,"href":"https:\/\/mcmillanvantage.com\/fr\/wp-json\/wp\/v2\/pages\/1248"}],"wp:featuredmedia":[{"embeddable":true,"href":"https:\/\/mcmillanvantage.com\/fr\/wp-json\/wp\/v2\/media\/2325"}],"wp:attachment":[{"href":"https:\/\/mcmillanvantage.com\/fr\/wp-json\/wp\/v2\/media?parent=1519"}],"curies":[{"name":"wp","href":"https:\/\/api.w.org\/{rel}","templated":true}]}}