{"id":1522,"date":"2022-01-05T16:55:01","date_gmt":"2022-01-05T21:55:01","guid":{"rendered":"https:\/\/mcmillan.barking.ca\/fr\/?page_id=1522"},"modified":"2022-06-20T13:14:45","modified_gmt":"2022-06-20T17:14:45","slug":"la-defense-des-interets","status":"publish","type":"page","link":"https:\/\/mcmillanvantage.com\/fr\/expertise\/la-defense-des-interets\/","title":{"rendered":"La d\u00e9fense des int\u00e9r\u00eats"},"content":{"rendered":"\n<p class=\"no-bottom-margin\" style=\"font-size:40px;text-transform:uppercase\">domaines de service<\/p>\n\n\n\n<hr class=\"wp-block-separator is-style-wide\"\/>\n\n\n\n<div class=\"wp-block-group alignfull has-ast-global-color-6-background-color has-background is-layout-constrained wp-block-group-is-layout-constrained\"><div class=\"wp-block-group__inner-container\">\n<div class=\"wp-block-columns is-layout-flex wp-container-core-columns-is-layout-28f84493 wp-block-columns-is-layout-flex\">\n<div class=\"wp-block-column is-layout-flow wp-block-column-is-layout-flow\" style=\"flex-basis:33.33%\"><figure class=\"wp-block-post-featured-image\"><img loading=\"lazy\" decoding=\"async\" width=\"1077\" height=\"628\" src=\"https:\/\/mcmillanvantage.com\/fr\/wp-content\/uploads\/sites\/3\/2022\/02\/Illustrations-advocacy-v2-1077x628.png\" class=\"attachment-post-thumbnail size-post-thumbnail wp-post-image\" alt=\"illustration of figures carrying shapes\" style=\"object-fit:cover;\" srcset=\"https:\/\/mcmillanvantage.com\/fr\/wp-content\/uploads\/sites\/3\/2022\/02\/Illustrations-advocacy-v2-1077x628.png 1077w, https:\/\/mcmillanvantage.com\/fr\/wp-content\/uploads\/sites\/3\/2022\/02\/Illustrations-advocacy-v2-300x175.png 300w, https:\/\/mcmillanvantage.com\/fr\/wp-content\/uploads\/sites\/3\/2022\/02\/Illustrations-advocacy-v2-1024x597.png 1024w, https:\/\/mcmillanvantage.com\/fr\/wp-content\/uploads\/sites\/3\/2022\/02\/Illustrations-advocacy-v2-768x448.png 768w, https:\/\/mcmillanvantage.com\/fr\/wp-content\/uploads\/sites\/3\/2022\/02\/Illustrations-advocacy-v2.png 1200w\" sizes=\"auto, (max-width: 1077px) 100vw, 1077px\" \/><\/figure><\/div>\n\n\n\n<div class=\"wp-block-column is-layout-flow wp-block-column-is-layout-flow\" style=\"flex-basis:66.66%\">\n<h1 class=\"has-ast-global-color-0-color has-text-color wp-block-heading\" id=\"advocacy-campaigns\" style=\"text-transform:capitalize\"><strong>La d\u00e9fense des int\u00e9r\u00eats<\/strong><\/h1>\n\n\n\n<div style=\"height:32px\" aria-hidden=\"true\" class=\"wp-block-spacer\"><\/div>\n\n\n\n<p>McMillan Vantage sait ce qui compte le plus pour les gouvernements&nbsp;: la population&nbsp;\u2013&nbsp;et surtout, ses valeurs, sa voix et son vote. Tirant parti du pouvoir de l\u2019opinion publique pour aider \u00e0 fa\u00e7onner les politiques publiques, nous faisons avancer les questions importantes et les priorit\u00e9s de nos clients par l\u2019engagement du public, la d\u00e9fense des int\u00e9r\u00eats et des campagnes. Comme exemple de ce que nous faisons, nous obtenons, mesurons et exploitons les opinions du Canada par une recherche strat\u00e9gique.<\/p>\n\n\n\n<div style=\"height:32px\" aria-hidden=\"true\" class=\"wp-block-spacer\"><\/div>\n\n\n\n<h2 class=\"has-ast-global-color-2-color has-text-color wp-block-heading\" id=\"when-you-need-to-know-about-advocacy-campaigns-mcmillan-vantage-advises-you-on\" style=\"font-size:1.2rem\"><strong>Si vous devez en savoir plus sur la d\u00e9fense des int\u00e9r\u00eats, McMillan Vantage vous conseille sur :<\/strong><\/h2>\n\n\n\n<div style=\"height:16px\" aria-hidden=\"true\" class=\"wp-block-spacer\"><\/div>\n\n\n\n<p><strong>Ce qu\u2019il en est&nbsp;:<\/strong>&nbsp;Lorsque les Canadiens comprennent comment les politiques les affectent, ils agissent. McMillan Vantage s\u2019attaque \u00e0 des probl\u00e8mes complexes, humanise les enjeux et cr\u00e9e le r\u00e9cit voulu pour qu\u2019il trouve \u00e9cho aupr\u00e8s des parties concern\u00e9es.<\/p>\n\n\n\n<p><strong>Ce qui est important&nbsp;:<\/strong>&nbsp;Nous incitons les leaders et les porte-parole \u00e0 agir. McMillan Vantage cerne ce qui compte le plus pour le grand public, d\u2019un oc\u00e9an \u00e0 l\u2019autre. Nous amplifions votre r\u00e9cit et inspirons la mobilisation.<\/p>\n\n\n\n<p><strong>Ce qu\u2019il faut faire :<\/strong>&nbsp;Gr\u00e2ce aux sites Web de d\u00e9fense des int\u00e9r\u00eats, aux m\u00e9dias sociaux, \u00e0 l\u2019exposition m\u00e9diatique gratuite, aux partenariats avec les parties prenantes et aux achats publicitaires cibl\u00e9s, nous mettons en avant les questions importantes pour atteindre vos objectifs en mati\u00e8re de relations gouvernementales.<\/p>\n\n\n\n<div style=\"height:32px\" aria-hidden=\"true\" class=\"wp-block-spacer\"><\/div>\n<\/div>\n<\/div>\n\n\n\n<hr class=\"wp-block-separator is-style-wide\"\/>\n\n\n\n<div class=\"wp-block-columns is-layout-flex wp-container-core-columns-is-layout-28f84493 wp-block-columns-is-layout-flex\">\n<div class=\"wp-block-column is-layout-flow wp-block-column-is-layout-flow\" style=\"flex-basis:33.33%\">\n<p class=\"has-arrow-style\"><a href=\"https:\/\/mcmillanvantage.com\/fr\/expertise\/\" data-type=\"page\" data-id=\"1248\"><\/a><a href=\"https:\/\/mcmillanvantage.com\/fr\/expertise\/\">Voir notre expertise<\/a><\/p>\n<\/div>\n\n\n\n<div class=\"wp-block-column is-layout-flow wp-block-column-is-layout-flow\" style=\"flex-basis:66.66%\">\n<p>Pour obtenir de l\u2019aide en mati\u00e8re de d\u00e9fense des int\u00e9r\u00eats ou pour votre prochaine campagne, veuillez communiquer avec D\u2019arci McFadden.<\/p>\n<\/div>\n<\/div>\n<\/div><\/div>\n","protected":false},"excerpt":{"rendered":"<p>domaines de service La d\u00e9fense des int\u00e9r\u00eats McMillan Vantage sait ce qui compte le plus pour les gouvernements&nbsp;: la population&nbsp;\u2013&nbsp;et surtout, ses valeurs, sa voix&hellip;<\/p>\n<p class=\"read-more\"><a class=\"\" href=\"https:\/\/mcmillanvantage.com\/fr\/expertise\/la-defense-des-interets\/\"><span class=\"screen-reader-text\">La d\u00e9fense des int\u00e9r\u00eats<\/span>Lire plus<\/a><\/span><\/p>\n","protected":false},"author":1,"featured_media":2326,"parent":1248,"menu_order":0,"comment_status":"closed","ping_status":"closed","template":"","meta":{"_acf_changed":false,"site-sidebar-layout":"default","site-content-layout":"default","ast-global-header-display":"","ast-main-header-display":"","ast-hfb-above-header-display":"","ast-hfb-below-header-display":"","ast-hfb-mobile-header-display":"","site-post-title":"disabled","ast-breadcrumbs-content":"","ast-featured-img":"disabled","footer-sml-layout":"","theme-transparent-header-meta":"","adv-header-id-meta":"","stick-header-meta":"","header-above-stick-meta":"","header-main-stick-meta":"","header-below-stick-meta":"","footnotes":""},"class_list":["post-1522","page","type-page","status-publish","has-post-thumbnail","hentry"],"acf":[],"yoast_head":"<!-- This site is optimized with the Yoast SEO plugin v26.3 - https:\/\/yoast.com\/wordpress\/plugins\/seo\/ -->\n<title>La d\u00e9fense des int\u00e9r\u00eats - McMillan Vantage<\/title>\n<meta name=\"robots\" content=\"index, follow, max-snippet:-1, max-image-preview:large, max-video-preview:-1\" \/>\n<link rel=\"canonical\" href=\"https:\/\/mcmillanvantage.com\/fr\/expertise\/la-defense-des-interets\/\" \/>\n<meta property=\"og:locale\" content=\"fr_CA\" \/>\n<meta property=\"og:type\" content=\"article\" \/>\n<meta property=\"og:title\" content=\"La d\u00e9fense des int\u00e9r\u00eats - McMillan Vantage\" \/>\n<meta property=\"og:description\" content=\"domaines de service La d\u00e9fense des int\u00e9r\u00eats McMillan Vantage sait ce qui compte le plus pour les gouvernements&nbsp;: la population&nbsp;\u2013&nbsp;et surtout, ses valeurs, sa voix&hellip;La d\u00e9fense des int\u00e9r\u00eatsLire plus\" \/>\n<meta property=\"og:url\" content=\"https:\/\/mcmillanvantage.com\/fr\/expertise\/la-defense-des-interets\/\" \/>\n<meta property=\"og:site_name\" content=\"McMillan Vantage\" \/>\n<meta property=\"article:modified_time\" content=\"2022-06-20T17:14:45+00:00\" \/>\n<meta property=\"og:image\" content=\"https:\/\/mcmillanvantage.com\/fr\/wp-content\/uploads\/sites\/3\/2022\/02\/Illustrations-advocacy-v2.png\" \/>\n\t<meta property=\"og:image:width\" content=\"1200\" \/>\n\t<meta property=\"og:image:height\" content=\"700\" \/>\n\t<meta property=\"og:image:type\" content=\"image\/png\" \/>\n<meta name=\"twitter:card\" content=\"summary_large_image\" \/>\n<meta name=\"twitter:label1\" content=\"Estimation du temps de lecture\" \/>\n\t<meta name=\"twitter:data1\" content=\"1 minute\" \/>\n<script type=\"application\/ld+json\" class=\"yoast-schema-graph\">{\"@context\":\"https:\/\/schema.org\",\"@graph\":[{\"@type\":\"WebPage\",\"@id\":\"https:\/\/mcmillanvantage.com\/fr\/expertise\/la-defense-des-interets\/\",\"url\":\"https:\/\/mcmillanvantage.com\/fr\/expertise\/la-defense-des-interets\/\",\"name\":\"La d\u00e9fense des int\u00e9r\u00eats - McMillan Vantage\",\"isPartOf\":{\"@id\":\"https:\/\/mcmillanvantage.com\/fr\/#website\"},\"primaryImageOfPage\":{\"@id\":\"https:\/\/mcmillanvantage.com\/fr\/expertise\/la-defense-des-interets\/#primaryimage\"},\"image\":{\"@id\":\"https:\/\/mcmillanvantage.com\/fr\/expertise\/la-defense-des-interets\/#primaryimage\"},\"thumbnailUrl\":\"https:\/\/mcmillanvantage.com\/fr\/wp-content\/uploads\/sites\/3\/2022\/02\/Illustrations-advocacy-v2.png\",\"datePublished\":\"2022-01-05T21:55:01+00:00\",\"dateModified\":\"2022-06-20T17:14:45+00:00\",\"breadcrumb\":{\"@id\":\"https:\/\/mcmillanvantage.com\/fr\/expertise\/la-defense-des-interets\/#breadcrumb\"},\"inLanguage\":\"fr-CA\",\"potentialAction\":[{\"@type\":\"ReadAction\",\"target\":[\"https:\/\/mcmillanvantage.com\/fr\/expertise\/la-defense-des-interets\/\"]}]},{\"@type\":\"ImageObject\",\"inLanguage\":\"fr-CA\",\"@id\":\"https:\/\/mcmillanvantage.com\/fr\/expertise\/la-defense-des-interets\/#primaryimage\",\"url\":\"https:\/\/mcmillanvantage.com\/fr\/wp-content\/uploads\/sites\/3\/2022\/02\/Illustrations-advocacy-v2.png\",\"contentUrl\":\"https:\/\/mcmillanvantage.com\/fr\/wp-content\/uploads\/sites\/3\/2022\/02\/Illustrations-advocacy-v2.png\",\"width\":1200,\"height\":700,\"caption\":\"illustration of figures carrying shapes\"},{\"@type\":\"BreadcrumbList\",\"@id\":\"https:\/\/mcmillanvantage.com\/fr\/expertise\/la-defense-des-interets\/#breadcrumb\",\"itemListElement\":[{\"@type\":\"ListItem\",\"position\":1,\"name\":\"Home\",\"item\":\"https:\/\/mcmillanvantage.com\/fr\/\"},{\"@type\":\"ListItem\",\"position\":2,\"name\":\"notre expertise\",\"item\":\"https:\/\/mcmillanvantage.com\/fr\/expertise\/\"},{\"@type\":\"ListItem\",\"position\":3,\"name\":\"La d\u00e9fense des int\u00e9r\u00eats\"}]},{\"@type\":\"WebSite\",\"@id\":\"https:\/\/mcmillanvantage.com\/fr\/#website\",\"url\":\"https:\/\/mcmillanvantage.com\/fr\/\",\"name\":\"McMillan Vantage\",\"description\":\"\",\"publisher\":{\"@id\":\"https:\/\/mcmillanvantage.com\/fr\/#organization\"},\"potentialAction\":[{\"@type\":\"SearchAction\",\"target\":{\"@type\":\"EntryPoint\",\"urlTemplate\":\"https:\/\/mcmillanvantage.com\/fr\/?s={search_term_string}\"},\"query-input\":{\"@type\":\"PropertyValueSpecification\",\"valueRequired\":true,\"valueName\":\"search_term_string\"}}],\"inLanguage\":\"fr-CA\"},{\"@type\":\"Organization\",\"@id\":\"https:\/\/mcmillanvantage.com\/fr\/#organization\",\"name\":\"McMillan Vantage\",\"url\":\"https:\/\/mcmillanvantage.com\/fr\/\",\"logo\":{\"@type\":\"ImageObject\",\"inLanguage\":\"fr-CA\",\"@id\":\"https:\/\/mcmillanvantage.com\/fr\/#\/schema\/logo\/image\/\",\"url\":\"https:\/\/mcmillanvantage.com\/fr\/wp-content\/uploads\/sites\/3\/2023\/02\/mv-logo-web.svg\",\"contentUrl\":\"https:\/\/mcmillanvantage.com\/fr\/wp-content\/uploads\/sites\/3\/2023\/02\/mv-logo-web.svg\",\"width\":255,\"height\":40,\"caption\":\"McMillan Vantage\"},\"image\":{\"@id\":\"https:\/\/mcmillanvantage.com\/fr\/#\/schema\/logo\/image\/\"},\"sameAs\":[\"https:\/\/www.linkedin.com\/company\/mcmillanvantage\"]}]}<\/script>\n<!-- \/ Yoast SEO plugin. -->","yoast_head_json":{"title":"La d\u00e9fense des int\u00e9r\u00eats - McMillan Vantage","robots":{"index":"index","follow":"follow","max-snippet":"max-snippet:-1","max-image-preview":"max-image-preview:large","max-video-preview":"max-video-preview:-1"},"canonical":"https:\/\/mcmillanvantage.com\/fr\/expertise\/la-defense-des-interets\/","og_locale":"fr_CA","og_type":"article","og_title":"La d\u00e9fense des int\u00e9r\u00eats - McMillan Vantage","og_description":"domaines de service La d\u00e9fense des int\u00e9r\u00eats McMillan Vantage sait ce qui compte le plus pour les gouvernements&nbsp;: la population&nbsp;\u2013&nbsp;et surtout, ses valeurs, sa voix&hellip;La d\u00e9fense des int\u00e9r\u00eatsLire plus","og_url":"https:\/\/mcmillanvantage.com\/fr\/expertise\/la-defense-des-interets\/","og_site_name":"McMillan Vantage","article_modified_time":"2022-06-20T17:14:45+00:00","og_image":[{"width":1200,"height":700,"url":"https:\/\/mcmillanvantage.com\/fr\/wp-content\/uploads\/sites\/3\/2022\/02\/Illustrations-advocacy-v2.png","type":"image\/png"}],"twitter_card":"summary_large_image","twitter_misc":{"Estimation du temps de lecture":"1 minute"},"schema":{"@context":"https:\/\/schema.org","@graph":[{"@type":"WebPage","@id":"https:\/\/mcmillanvantage.com\/fr\/expertise\/la-defense-des-interets\/","url":"https:\/\/mcmillanvantage.com\/fr\/expertise\/la-defense-des-interets\/","name":"La d\u00e9fense des int\u00e9r\u00eats - McMillan Vantage","isPartOf":{"@id":"https:\/\/mcmillanvantage.com\/fr\/#website"},"primaryImageOfPage":{"@id":"https:\/\/mcmillanvantage.com\/fr\/expertise\/la-defense-des-interets\/#primaryimage"},"image":{"@id":"https:\/\/mcmillanvantage.com\/fr\/expertise\/la-defense-des-interets\/#primaryimage"},"thumbnailUrl":"https:\/\/mcmillanvantage.com\/fr\/wp-content\/uploads\/sites\/3\/2022\/02\/Illustrations-advocacy-v2.png","datePublished":"2022-01-05T21:55:01+00:00","dateModified":"2022-06-20T17:14:45+00:00","breadcrumb":{"@id":"https:\/\/mcmillanvantage.com\/fr\/expertise\/la-defense-des-interets\/#breadcrumb"},"inLanguage":"fr-CA","potentialAction":[{"@type":"ReadAction","target":["https:\/\/mcmillanvantage.com\/fr\/expertise\/la-defense-des-interets\/"]}]},{"@type":"ImageObject","inLanguage":"fr-CA","@id":"https:\/\/mcmillanvantage.com\/fr\/expertise\/la-defense-des-interets\/#primaryimage","url":"https:\/\/mcmillanvantage.com\/fr\/wp-content\/uploads\/sites\/3\/2022\/02\/Illustrations-advocacy-v2.png","contentUrl":"https:\/\/mcmillanvantage.com\/fr\/wp-content\/uploads\/sites\/3\/2022\/02\/Illustrations-advocacy-v2.png","width":1200,"height":700,"caption":"illustration of figures carrying shapes"},{"@type":"BreadcrumbList","@id":"https:\/\/mcmillanvantage.com\/fr\/expertise\/la-defense-des-interets\/#breadcrumb","itemListElement":[{"@type":"ListItem","position":1,"name":"Home","item":"https:\/\/mcmillanvantage.com\/fr\/"},{"@type":"ListItem","position":2,"name":"notre expertise","item":"https:\/\/mcmillanvantage.com\/fr\/expertise\/"},{"@type":"ListItem","position":3,"name":"La d\u00e9fense des int\u00e9r\u00eats"}]},{"@type":"WebSite","@id":"https:\/\/mcmillanvantage.com\/fr\/#website","url":"https:\/\/mcmillanvantage.com\/fr\/","name":"McMillan Vantage","description":"","publisher":{"@id":"https:\/\/mcmillanvantage.com\/fr\/#organization"},"potentialAction":[{"@type":"SearchAction","target":{"@type":"EntryPoint","urlTemplate":"https:\/\/mcmillanvantage.com\/fr\/?s={search_term_string}"},"query-input":{"@type":"PropertyValueSpecification","valueRequired":true,"valueName":"search_term_string"}}],"inLanguage":"fr-CA"},{"@type":"Organization","@id":"https:\/\/mcmillanvantage.com\/fr\/#organization","name":"McMillan Vantage","url":"https:\/\/mcmillanvantage.com\/fr\/","logo":{"@type":"ImageObject","inLanguage":"fr-CA","@id":"https:\/\/mcmillanvantage.com\/fr\/#\/schema\/logo\/image\/","url":"https:\/\/mcmillanvantage.com\/fr\/wp-content\/uploads\/sites\/3\/2023\/02\/mv-logo-web.svg","contentUrl":"https:\/\/mcmillanvantage.com\/fr\/wp-content\/uploads\/sites\/3\/2023\/02\/mv-logo-web.svg","width":255,"height":40,"caption":"McMillan Vantage"},"image":{"@id":"https:\/\/mcmillanvantage.com\/fr\/#\/schema\/logo\/image\/"},"sameAs":["https:\/\/www.linkedin.com\/company\/mcmillanvantage"]}]}},"_links":{"self":[{"href":"https:\/\/mcmillanvantage.com\/fr\/wp-json\/wp\/v2\/pages\/1522","targetHints":{"allow":["GET"]}}],"collection":[{"href":"https:\/\/mcmillanvantage.com\/fr\/wp-json\/wp\/v2\/pages"}],"about":[{"href":"https:\/\/mcmillanvantage.com\/fr\/wp-json\/wp\/v2\/types\/page"}],"author":[{"embeddable":true,"href":"https:\/\/mcmillanvantage.com\/fr\/wp-json\/wp\/v2\/users\/1"}],"replies":[{"embeddable":true,"href":"https:\/\/mcmillanvantage.com\/fr\/wp-json\/wp\/v2\/comments?post=1522"}],"version-history":[{"count":0,"href":"https:\/\/mcmillanvantage.com\/fr\/wp-json\/wp\/v2\/pages\/1522\/revisions"}],"up":[{"embeddable":true,"href":"https:\/\/mcmillanvantage.com\/fr\/wp-json\/wp\/v2\/pages\/1248"}],"wp:featuredmedia":[{"embeddable":true,"href":"https:\/\/mcmillanvantage.com\/fr\/wp-json\/wp\/v2\/media\/2326"}],"wp:attachment":[{"href":"https:\/\/mcmillanvantage.com\/fr\/wp-json\/wp\/v2\/media?parent=1522"}],"curies":[{"name":"wp","href":"https:\/\/api.w.org\/{rel}","templated":true}]}}