{"id":1525,"date":"2022-01-05T16:56:23","date_gmt":"2022-01-05T21:56:23","guid":{"rendered":"https:\/\/mcmillan.barking.ca\/fr\/?page_id=1525"},"modified":"2022-06-20T13:15:19","modified_gmt":"2022-06-20T17:15:19","slug":"la-mission-dentreprise-et-responsabilite","status":"publish","type":"page","link":"https:\/\/mcmillanvantage.com\/fr\/expertise\/la-mission-dentreprise-et-responsabilite\/","title":{"rendered":"La mission d\u2019entreprise et responsabilit\u00e9 environnementale, sociale et de gouvernance (ESG)"},"content":{"rendered":"\n<p class=\"no-bottom-margin\" style=\"font-size:40px;text-transform:uppercase\">domaines de service<\/p>\n\n\n\n<hr class=\"wp-block-separator is-style-wide\"\/>\n\n\n\n<div class=\"wp-block-group alignfull has-ast-global-color-6-background-color has-background is-layout-constrained wp-block-group-is-layout-constrained\"><div class=\"wp-block-group__inner-container\">\n<div class=\"wp-block-columns is-layout-flex wp-container-core-columns-is-layout-28f84493 wp-block-columns-is-layout-flex\">\n<div class=\"wp-block-column is-layout-flow wp-block-column-is-layout-flow\" style=\"flex-basis:33.33%\"><figure class=\"wp-block-post-featured-image\"><img loading=\"lazy\" decoding=\"async\" width=\"1077\" height=\"628\" src=\"https:\/\/mcmillanvantage.com\/fr\/wp-content\/uploads\/sites\/3\/2022\/02\/Illustrations-corporate-v2-1077x628.png\" class=\"attachment-post-thumbnail size-post-thumbnail wp-post-image\" alt=\"illustration of figures standing on shapes\" style=\"object-fit:contain;\" srcset=\"https:\/\/mcmillanvantage.com\/fr\/wp-content\/uploads\/sites\/3\/2022\/02\/Illustrations-corporate-v2-1077x628.png 1077w, https:\/\/mcmillanvantage.com\/fr\/wp-content\/uploads\/sites\/3\/2022\/02\/Illustrations-corporate-v2-300x175.png 300w, https:\/\/mcmillanvantage.com\/fr\/wp-content\/uploads\/sites\/3\/2022\/02\/Illustrations-corporate-v2-1024x597.png 1024w, https:\/\/mcmillanvantage.com\/fr\/wp-content\/uploads\/sites\/3\/2022\/02\/Illustrations-corporate-v2-768x448.png 768w, https:\/\/mcmillanvantage.com\/fr\/wp-content\/uploads\/sites\/3\/2022\/02\/Illustrations-corporate-v2.png 1200w\" sizes=\"auto, (max-width: 1077px) 100vw, 1077px\" \/><\/figure><\/div>\n\n\n\n<div class=\"wp-block-column is-layout-flow wp-block-column-is-layout-flow\" style=\"flex-basis:66.66%\">\n<h1 class=\"has-ast-global-color-0-color has-text-color wp-block-heading\" id=\"corporate-purpose-esg\" style=\"text-transform:capitalize\"><strong>La mission d\u2019entreprise et responsabilit\u00e9 environnementale, sociale et de gouvernance (ESG)<\/strong><\/h1>\n\n\n\n<div style=\"height:32px\" aria-hidden=\"true\" class=\"wp-block-spacer\"><\/div>\n\n\n\n<p>Les entreprises qui se donnent une mission et qui ont l\u2019environnement, la soci\u00e9t\u00e9 et la saine gouvernance \u00e0 c\u0153ur font mieux que leurs concurrents aux chapitres de l\u2019image de marque, du recrutement et de la r\u00e9tention des employ\u00e9s, des relations avec les partenaires et des finances. McMillan Vantage vous aide \u00e0 comprendre les risques li\u00e9s \u00e0 l\u2019inaction en mati\u00e8re de responsabilit\u00e9 ESG et \u00e0 transformer ces risques en autant d\u2019occasions de vous d\u00e9marquer.<\/p>\n\n\n\n<div style=\"height:32px\" aria-hidden=\"true\" class=\"wp-block-spacer\"><\/div>\n\n\n\n<h2 class=\"has-ast-global-color-2-color has-text-color wp-block-heading\" id=\"when-you-need-to-know-about-corporate-purpose-esg-mcmillan-vantage-advises-you-on\" style=\"font-size:1.2rem\"><strong>Si vous devez en savoir plus sur la responsabilit\u00e9 ESG, McMillan Vantage vous conseille sur :<\/strong><\/h2>\n\n\n\n<div style=\"height:16px\" aria-hidden=\"true\" class=\"wp-block-spacer\"><\/div>\n\n\n\n<p><strong>Ce qu\u2019il en est&nbsp;:<\/strong>&nbsp;La responsabilit\u00e9&nbsp;ESG est un tout nouveau domaine de risque que les conseils d\u2019administration et les cadres dirigeants ne peuvent plus se permettre d\u2019ignorer ou d\u00e9laisser, au risque de voir leur r\u00e9putation entach\u00e9e ou d\u2019\u00e9laborer des strat\u00e9gies plomb\u00e9es par d\u2019importants angles morts. Dans le climat sociopolitique actuel, les entreprises doivent d\u00e9finir leur mission \u2013 leur raison d\u2019\u00eatre et le r\u00f4le qu\u2019elles veulent jouer aupr\u00e8s de l\u2019humanit\u00e9 et de la plan\u00e8te \u2013 tr\u00e8s clairement et faire preuve de leadership en la mati\u00e8re.<\/p>\n\n\n\n<p><strong>Ce qui est important&nbsp;:<\/strong>&nbsp;McMillan Vantage comprend votre public&nbsp;cible&nbsp;et l\u2019importance qu\u2019il attache \u00e0 la responsabilit\u00e9&nbsp;ESG. Nous mettrons vos objectifs et vos plans en phase avec les priorit\u00e9s des d\u00e9cideurs, des leaders d\u2019opinion, des membres de la communaut\u00e9, des consommateurs et des travailleurs.<\/p>\n\n\n\n<p><strong>Ce qu\u2019il faut faire :<\/strong>&nbsp;McMillan Vantage con\u00e7oit des programmes qui mettent en valeur l\u2019image, am\u00e9liorent le rendement et donnent plus de visibilit\u00e9.&nbsp;<\/p>\n\n\n\n<ul class=\"wp-block-list\"><li><em>Mission d\u2019entreprise&nbsp;:<\/em>&nbsp;Nous formulons la mission afin d\u2019expliquer clairement&nbsp;<strong>pourquoi<\/strong>&nbsp;l\u2019entreprise existe. La mission sert de plateforme de principe strat\u00e9gique qui guide les d\u00e9cisions et comportements de l\u2019entreprise en mati\u00e8re de responsabilit\u00e9&nbsp;ESG.<\/li><li><em>Communications&nbsp;:<\/em>&nbsp;Nous concevons une strat\u00e9gie de communication et un plan d\u2019action pour joindre les interlocuteurs cl\u00e9s, tant \u00e0 l\u2019interne qu\u2019\u00e0 l\u2019externe. Nous vous aidons \u00e0 mettre vos efforts en mati\u00e8re de responsabilit\u00e9&nbsp;ESG en valeur aupr\u00e8s des politiciens, des fonctionnaires, des journalistes et des dirigeants d\u2019entreprise.<\/li><li><em>Culture&nbsp;:<\/em>&nbsp;Nous cr\u00e9ons une strat\u00e9gie pour que vos employ\u00e9s adh\u00e8rent \u00e0 votre mission et \u00e0 vos objectifs&nbsp;ESG et en deviennent les ambassadeurs.<\/li><li><em>Communaut\u00e9&nbsp;:<\/em>&nbsp;Nous \u00e9laborons une strat\u00e9gie d\u2019engagement communautaire pour \u00e9tablir des partenariats avec des intervenants externes cl\u00e9s et des experts en la mati\u00e8re afin d\u2019optimiser votre mission d\u2019entreprise et vos plans de responsabilit\u00e9&nbsp;ESG.<\/li><li><em>Conformit\u00e9&nbsp;:<\/em>&nbsp;Nous fournissons une gamme compl\u00e8te de services de suivi, de signalement, de d\u00e9claration et d\u2019autres services en mati\u00e8re de r\u00e9glementation afin de renseigner votre cadre de responsabilit\u00e9&nbsp;ESG. Nous pouvons aussi \u00e9valuer et mesurer vosprogrammes&nbsp;ESG&nbsp;en&nbsp;collaboration avec McMillan&nbsp;S.E.N.C.R.L., s.r.l. Pour voir la liste compl\u00e8te des services int\u00e9gr\u00e9s offerts par le cabinet McMillan&nbsp;S.E.N.C.R.L., s.r.l. li\u00e9s aux crit\u00e8res&nbsp;ESG,&nbsp;<a href=\"https:\/\/mcmillan.ca\/our-firm\/esg-initiative\/\">cliquez ici<\/a>.<\/li><\/ul>\n\n\n\n<div style=\"height:32px\" aria-hidden=\"true\" class=\"wp-block-spacer\"><\/div>\n<\/div>\n<\/div>\n\n\n\n<hr class=\"wp-block-separator is-style-wide\"\/>\n\n\n\n<div class=\"wp-block-columns is-layout-flex wp-container-core-columns-is-layout-28f84493 wp-block-columns-is-layout-flex\">\n<div class=\"wp-block-column is-layout-flow wp-block-column-is-layout-flow\" style=\"flex-basis:33.33%\">\n<p class=\"has-arrow-style\"><a href=\"https:\/\/mcmillanvantage.com\/fr\/expertise\/\" data-type=\"page\" data-id=\"1248\"><\/a><a href=\"https:\/\/mcmillanvantage.com\/fr\/expertise\/\">Voir notre expertise<\/a><\/p>\n<\/div>\n\n\n\n<div class=\"wp-block-column is-layout-flow wp-block-column-is-layout-flow\" style=\"flex-basis:66.66%\">\n<p>Pour obtenir de l\u2019aide avec votre mission d\u2019entreprise, veuillez communiquer avec Andrea Donlan.<\/p>\n<\/div>\n<\/div>\n<\/div><\/div>\n","protected":false},"excerpt":{"rendered":"<p>domaines de service La mission d\u2019entreprise et responsabilit\u00e9 environnementale, sociale et de gouvernance (ESG) Les entreprises qui se donnent une mission et qui ont l\u2019environnement,&hellip;<\/p>\n<p class=\"read-more\"><a class=\"\" href=\"https:\/\/mcmillanvantage.com\/fr\/expertise\/la-mission-dentreprise-et-responsabilite\/\"><span class=\"screen-reader-text\">La mission d\u2019entreprise et responsabilit\u00e9 environnementale, sociale et de gouvernance (ESG)<\/span>Lire plus<\/a><\/span><\/p>\n","protected":false},"author":1,"featured_media":2327,"parent":1248,"menu_order":0,"comment_status":"closed","ping_status":"closed","template":"","meta":{"_acf_changed":false,"site-sidebar-layout":"default","site-content-layout":"default","ast-global-header-display":"","ast-main-header-display":"","ast-hfb-above-header-display":"","ast-hfb-below-header-display":"","ast-hfb-mobile-header-display":"","site-post-title":"disabled","ast-breadcrumbs-content":"","ast-featured-img":"disabled","footer-sml-layout":"","theme-transparent-header-meta":"","adv-header-id-meta":"","stick-header-meta":"","header-above-stick-meta":"","header-main-stick-meta":"","header-below-stick-meta":"","footnotes":""},"class_list":["post-1525","page","type-page","status-publish","has-post-thumbnail","hentry"],"acf":[],"yoast_head":"<!-- This site is optimized with the Yoast SEO plugin v26.3 - https:\/\/yoast.com\/wordpress\/plugins\/seo\/ -->\n<title>La mission d\u2019entreprise et responsabilit\u00e9 environnementale, sociale et de gouvernance (ESG) - McMillan Vantage<\/title>\n<meta name=\"robots\" content=\"index, follow, max-snippet:-1, max-image-preview:large, max-video-preview:-1\" \/>\n<link rel=\"canonical\" href=\"https:\/\/mcmillanvantage.com\/fr\/expertise\/la-mission-dentreprise-et-responsabilite\/\" \/>\n<meta property=\"og:locale\" content=\"fr_CA\" \/>\n<meta property=\"og:type\" content=\"article\" \/>\n<meta property=\"og:title\" content=\"La mission d\u2019entreprise et responsabilit\u00e9 environnementale, sociale et de gouvernance (ESG) - McMillan Vantage\" \/>\n<meta property=\"og:description\" content=\"domaines de service La mission d\u2019entreprise et responsabilit\u00e9 environnementale, sociale et de gouvernance (ESG) Les entreprises qui se donnent une mission et qui ont l\u2019environnement,&hellip;La mission d\u2019entreprise et responsabilit\u00e9 environnementale, sociale et de gouvernance (ESG)Lire plus\" \/>\n<meta property=\"og:url\" content=\"https:\/\/mcmillanvantage.com\/fr\/expertise\/la-mission-dentreprise-et-responsabilite\/\" \/>\n<meta property=\"og:site_name\" content=\"McMillan Vantage\" \/>\n<meta property=\"article:modified_time\" content=\"2022-06-20T17:15:19+00:00\" \/>\n<meta property=\"og:image\" content=\"https:\/\/mcmillanvantage.com\/fr\/wp-content\/uploads\/sites\/3\/2022\/02\/Illustrations-corporate-v2.png\" \/>\n\t<meta property=\"og:image:width\" content=\"1200\" \/>\n\t<meta property=\"og:image:height\" content=\"700\" \/>\n\t<meta property=\"og:image:type\" content=\"image\/png\" \/>\n<meta name=\"twitter:card\" content=\"summary_large_image\" \/>\n<meta name=\"twitter:label1\" content=\"Estimation du temps de lecture\" \/>\n\t<meta name=\"twitter:data1\" content=\"3 minutes\" \/>\n<script type=\"application\/ld+json\" class=\"yoast-schema-graph\">{\"@context\":\"https:\/\/schema.org\",\"@graph\":[{\"@type\":\"WebPage\",\"@id\":\"https:\/\/mcmillanvantage.com\/fr\/expertise\/la-mission-dentreprise-et-responsabilite\/\",\"url\":\"https:\/\/mcmillanvantage.com\/fr\/expertise\/la-mission-dentreprise-et-responsabilite\/\",\"name\":\"La mission d\u2019entreprise et responsabilit\u00e9 environnementale, sociale et de gouvernance (ESG) - McMillan Vantage\",\"isPartOf\":{\"@id\":\"https:\/\/mcmillanvantage.com\/fr\/#website\"},\"primaryImageOfPage\":{\"@id\":\"https:\/\/mcmillanvantage.com\/fr\/expertise\/la-mission-dentreprise-et-responsabilite\/#primaryimage\"},\"image\":{\"@id\":\"https:\/\/mcmillanvantage.com\/fr\/expertise\/la-mission-dentreprise-et-responsabilite\/#primaryimage\"},\"thumbnailUrl\":\"https:\/\/mcmillanvantage.com\/fr\/wp-content\/uploads\/sites\/3\/2022\/02\/Illustrations-corporate-v2.png\",\"datePublished\":\"2022-01-05T21:56:23+00:00\",\"dateModified\":\"2022-06-20T17:15:19+00:00\",\"breadcrumb\":{\"@id\":\"https:\/\/mcmillanvantage.com\/fr\/expertise\/la-mission-dentreprise-et-responsabilite\/#breadcrumb\"},\"inLanguage\":\"fr-CA\",\"potentialAction\":[{\"@type\":\"ReadAction\",\"target\":[\"https:\/\/mcmillanvantage.com\/fr\/expertise\/la-mission-dentreprise-et-responsabilite\/\"]}]},{\"@type\":\"ImageObject\",\"inLanguage\":\"fr-CA\",\"@id\":\"https:\/\/mcmillanvantage.com\/fr\/expertise\/la-mission-dentreprise-et-responsabilite\/#primaryimage\",\"url\":\"https:\/\/mcmillanvantage.com\/fr\/wp-content\/uploads\/sites\/3\/2022\/02\/Illustrations-corporate-v2.png\",\"contentUrl\":\"https:\/\/mcmillanvantage.com\/fr\/wp-content\/uploads\/sites\/3\/2022\/02\/Illustrations-corporate-v2.png\",\"width\":1200,\"height\":700,\"caption\":\"illustration of figures standing on shapes\"},{\"@type\":\"BreadcrumbList\",\"@id\":\"https:\/\/mcmillanvantage.com\/fr\/expertise\/la-mission-dentreprise-et-responsabilite\/#breadcrumb\",\"itemListElement\":[{\"@type\":\"ListItem\",\"position\":1,\"name\":\"Home\",\"item\":\"https:\/\/mcmillanvantage.com\/fr\/\"},{\"@type\":\"ListItem\",\"position\":2,\"name\":\"notre expertise\",\"item\":\"https:\/\/mcmillanvantage.com\/fr\/expertise\/\"},{\"@type\":\"ListItem\",\"position\":3,\"name\":\"La mission d\u2019entreprise et responsabilit\u00e9 environnementale, sociale et de gouvernance (ESG)\"}]},{\"@type\":\"WebSite\",\"@id\":\"https:\/\/mcmillanvantage.com\/fr\/#website\",\"url\":\"https:\/\/mcmillanvantage.com\/fr\/\",\"name\":\"McMillan Vantage\",\"description\":\"\",\"publisher\":{\"@id\":\"https:\/\/mcmillanvantage.com\/fr\/#organization\"},\"potentialAction\":[{\"@type\":\"SearchAction\",\"target\":{\"@type\":\"EntryPoint\",\"urlTemplate\":\"https:\/\/mcmillanvantage.com\/fr\/?s={search_term_string}\"},\"query-input\":{\"@type\":\"PropertyValueSpecification\",\"valueRequired\":true,\"valueName\":\"search_term_string\"}}],\"inLanguage\":\"fr-CA\"},{\"@type\":\"Organization\",\"@id\":\"https:\/\/mcmillanvantage.com\/fr\/#organization\",\"name\":\"McMillan Vantage\",\"url\":\"https:\/\/mcmillanvantage.com\/fr\/\",\"logo\":{\"@type\":\"ImageObject\",\"inLanguage\":\"fr-CA\",\"@id\":\"https:\/\/mcmillanvantage.com\/fr\/#\/schema\/logo\/image\/\",\"url\":\"https:\/\/mcmillanvantage.com\/fr\/wp-content\/uploads\/sites\/3\/2023\/02\/mv-logo-web.svg\",\"contentUrl\":\"https:\/\/mcmillanvantage.com\/fr\/wp-content\/uploads\/sites\/3\/2023\/02\/mv-logo-web.svg\",\"width\":255,\"height\":40,\"caption\":\"McMillan Vantage\"},\"image\":{\"@id\":\"https:\/\/mcmillanvantage.com\/fr\/#\/schema\/logo\/image\/\"},\"sameAs\":[\"https:\/\/www.linkedin.com\/company\/mcmillanvantage\"]}]}<\/script>\n<!-- \/ Yoast SEO plugin. -->","yoast_head_json":{"title":"La mission d\u2019entreprise et responsabilit\u00e9 environnementale, sociale et de gouvernance (ESG) - McMillan Vantage","robots":{"index":"index","follow":"follow","max-snippet":"max-snippet:-1","max-image-preview":"max-image-preview:large","max-video-preview":"max-video-preview:-1"},"canonical":"https:\/\/mcmillanvantage.com\/fr\/expertise\/la-mission-dentreprise-et-responsabilite\/","og_locale":"fr_CA","og_type":"article","og_title":"La mission d\u2019entreprise et responsabilit\u00e9 environnementale, sociale et de gouvernance (ESG) - McMillan Vantage","og_description":"domaines de service La mission d\u2019entreprise et responsabilit\u00e9 environnementale, sociale et de gouvernance (ESG) Les entreprises qui se donnent une mission et qui ont l\u2019environnement,&hellip;La mission d\u2019entreprise et responsabilit\u00e9 environnementale, sociale et de gouvernance (ESG)Lire plus","og_url":"https:\/\/mcmillanvantage.com\/fr\/expertise\/la-mission-dentreprise-et-responsabilite\/","og_site_name":"McMillan Vantage","article_modified_time":"2022-06-20T17:15:19+00:00","og_image":[{"width":1200,"height":700,"url":"https:\/\/mcmillanvantage.com\/fr\/wp-content\/uploads\/sites\/3\/2022\/02\/Illustrations-corporate-v2.png","type":"image\/png"}],"twitter_card":"summary_large_image","twitter_misc":{"Estimation du temps de lecture":"3 minutes"},"schema":{"@context":"https:\/\/schema.org","@graph":[{"@type":"WebPage","@id":"https:\/\/mcmillanvantage.com\/fr\/expertise\/la-mission-dentreprise-et-responsabilite\/","url":"https:\/\/mcmillanvantage.com\/fr\/expertise\/la-mission-dentreprise-et-responsabilite\/","name":"La mission d\u2019entreprise et responsabilit\u00e9 environnementale, sociale et de gouvernance (ESG) - McMillan Vantage","isPartOf":{"@id":"https:\/\/mcmillanvantage.com\/fr\/#website"},"primaryImageOfPage":{"@id":"https:\/\/mcmillanvantage.com\/fr\/expertise\/la-mission-dentreprise-et-responsabilite\/#primaryimage"},"image":{"@id":"https:\/\/mcmillanvantage.com\/fr\/expertise\/la-mission-dentreprise-et-responsabilite\/#primaryimage"},"thumbnailUrl":"https:\/\/mcmillanvantage.com\/fr\/wp-content\/uploads\/sites\/3\/2022\/02\/Illustrations-corporate-v2.png","datePublished":"2022-01-05T21:56:23+00:00","dateModified":"2022-06-20T17:15:19+00:00","breadcrumb":{"@id":"https:\/\/mcmillanvantage.com\/fr\/expertise\/la-mission-dentreprise-et-responsabilite\/#breadcrumb"},"inLanguage":"fr-CA","potentialAction":[{"@type":"ReadAction","target":["https:\/\/mcmillanvantage.com\/fr\/expertise\/la-mission-dentreprise-et-responsabilite\/"]}]},{"@type":"ImageObject","inLanguage":"fr-CA","@id":"https:\/\/mcmillanvantage.com\/fr\/expertise\/la-mission-dentreprise-et-responsabilite\/#primaryimage","url":"https:\/\/mcmillanvantage.com\/fr\/wp-content\/uploads\/sites\/3\/2022\/02\/Illustrations-corporate-v2.png","contentUrl":"https:\/\/mcmillanvantage.com\/fr\/wp-content\/uploads\/sites\/3\/2022\/02\/Illustrations-corporate-v2.png","width":1200,"height":700,"caption":"illustration of figures standing on shapes"},{"@type":"BreadcrumbList","@id":"https:\/\/mcmillanvantage.com\/fr\/expertise\/la-mission-dentreprise-et-responsabilite\/#breadcrumb","itemListElement":[{"@type":"ListItem","position":1,"name":"Home","item":"https:\/\/mcmillanvantage.com\/fr\/"},{"@type":"ListItem","position":2,"name":"notre expertise","item":"https:\/\/mcmillanvantage.com\/fr\/expertise\/"},{"@type":"ListItem","position":3,"name":"La mission d\u2019entreprise et responsabilit\u00e9 environnementale, sociale et de gouvernance (ESG)"}]},{"@type":"WebSite","@id":"https:\/\/mcmillanvantage.com\/fr\/#website","url":"https:\/\/mcmillanvantage.com\/fr\/","name":"McMillan Vantage","description":"","publisher":{"@id":"https:\/\/mcmillanvantage.com\/fr\/#organization"},"potentialAction":[{"@type":"SearchAction","target":{"@type":"EntryPoint","urlTemplate":"https:\/\/mcmillanvantage.com\/fr\/?s={search_term_string}"},"query-input":{"@type":"PropertyValueSpecification","valueRequired":true,"valueName":"search_term_string"}}],"inLanguage":"fr-CA"},{"@type":"Organization","@id":"https:\/\/mcmillanvantage.com\/fr\/#organization","name":"McMillan Vantage","url":"https:\/\/mcmillanvantage.com\/fr\/","logo":{"@type":"ImageObject","inLanguage":"fr-CA","@id":"https:\/\/mcmillanvantage.com\/fr\/#\/schema\/logo\/image\/","url":"https:\/\/mcmillanvantage.com\/fr\/wp-content\/uploads\/sites\/3\/2023\/02\/mv-logo-web.svg","contentUrl":"https:\/\/mcmillanvantage.com\/fr\/wp-content\/uploads\/sites\/3\/2023\/02\/mv-logo-web.svg","width":255,"height":40,"caption":"McMillan Vantage"},"image":{"@id":"https:\/\/mcmillanvantage.com\/fr\/#\/schema\/logo\/image\/"},"sameAs":["https:\/\/www.linkedin.com\/company\/mcmillanvantage"]}]}},"_links":{"self":[{"href":"https:\/\/mcmillanvantage.com\/fr\/wp-json\/wp\/v2\/pages\/1525","targetHints":{"allow":["GET"]}}],"collection":[{"href":"https:\/\/mcmillanvantage.com\/fr\/wp-json\/wp\/v2\/pages"}],"about":[{"href":"https:\/\/mcmillanvantage.com\/fr\/wp-json\/wp\/v2\/types\/page"}],"author":[{"embeddable":true,"href":"https:\/\/mcmillanvantage.com\/fr\/wp-json\/wp\/v2\/users\/1"}],"replies":[{"embeddable":true,"href":"https:\/\/mcmillanvantage.com\/fr\/wp-json\/wp\/v2\/comments?post=1525"}],"version-history":[{"count":0,"href":"https:\/\/mcmillanvantage.com\/fr\/wp-json\/wp\/v2\/pages\/1525\/revisions"}],"up":[{"embeddable":true,"href":"https:\/\/mcmillanvantage.com\/fr\/wp-json\/wp\/v2\/pages\/1248"}],"wp:featuredmedia":[{"embeddable":true,"href":"https:\/\/mcmillanvantage.com\/fr\/wp-json\/wp\/v2\/media\/2327"}],"wp:attachment":[{"href":"https:\/\/mcmillanvantage.com\/fr\/wp-json\/wp\/v2\/media?parent=1525"}],"curies":[{"name":"wp","href":"https:\/\/api.w.org\/{rel}","templated":true}]}}