{"id":230,"date":"2019-01-15T19:14:24","date_gmt":"2019-01-16T00:14:24","guid":{"rendered":"http:\/\/mcmillanvantage.com\/?page_id=230"},"modified":"2022-06-20T13:04:27","modified_gmt":"2022-06-20T17:04:27","slug":"accessibilite","status":"publish","type":"page","link":"https:\/\/mcmillanvantage.com\/fr\/accessibilite\/","title":{"rendered":"Accessibilit\u00e9"},"content":{"rendered":"\n<hr class=\"wp-block-separator is-style-wide\"\/>\n\n\n\n<div style=\"height:32px\" aria-hidden=\"true\" class=\"wp-block-spacer\"><\/div>\n\n\n\n<p>McMillan Vantage s\u2019efforce toujours de promouvoir un environnement de travail \u00e9quitable et divers, tant pour nos clients que pour les membres du cabinet. Nous reconnaissons l\u2019importance d\u2019avoir des valeurs clairement d\u00e9finies et respect\u00e9es par tous qui aident le cabinet \u00e0 maintenir des normes de qualit\u00e9 \u00e9lev\u00e9es ainsi qu\u2019\u00e0 viser l\u2019excellence dans la prestation de ses services. Les valeurs du cabinet, le respect, le travail d\u2019\u00e9quipe, l\u2019engagement, le service client et l\u2019excellence professionnelle t\u00e9moignent non seulement de notre engagement \u00e0 l\u2019\u00e9gard de la diversit\u00e9, mais aussi de notre fa\u00e7on de faire les choses.<\/p>\n\n\n\n<p>McMillan Vantage s\u2019engage \u00e0 atteindre les objectifs fix\u00e9s en vertu de la <em>Loi de 2016 sur l\u2019accessibilit\u00e9 pour les personnes handicap\u00e9es de l\u2019Ontario<\/em> (LAPHO) et \u00e0 r\u00e9pondre aux exigences de celle-ci, de m\u00eame qu\u2019aux besoins des personnes ayant un handicap ou une incapacit\u00e9 en mati\u00e8re d\u2019accessibilit\u00e9, selon les programmes, les services et les installations du cabinet, en temps opportun.<\/p>\n\n\n\n<h2 class=\"wp-block-heading\">Politiques<\/h2>\n\n\n\n<p>McMillan Vantage s\u2019est engag\u00e9 \u00e0 \u00e9laborer des politiques qui contribuent \u00e0 rep\u00e9rer les obstacles que rencontrent les personnes ayant un handicap ou une incapacit\u00e9, ainsi qu\u2019\u00e0 les pr\u00e9venir et \u00e0 les supprimer. Nos politiques ont \u00e9t\u00e9 mises en place de fa\u00e7on \u00e0 r\u00e9pondre aux exigences de conformit\u00e9 de la LAPHO, en vertu des Normes d\u2019accessibilit\u00e9 int\u00e9gr\u00e9es et des Normes d\u2019accessibilit\u00e9 pour les services \u00e0 la client\u00e8le.<\/p>\n\n\n\n<p>McMillan Vantage prend des mesures raisonnables pour que toutes ses politiques, pratiques et proc\u00e9dures soient conformes aux grands principes que sont la dignit\u00e9, l\u2019ind\u00e9pendance, l\u2019int\u00e9gration (sauf lorsque des mesures de rechange doivent \u00eatre prises pour r\u00e9pondre \u00e0 des besoins particuliers) et l\u2019\u00e9galit\u00e9 des chances pour les personnes ayant un handicap ou une incapacit\u00e9. Ces principes sont d\u00e9crits comme suit&nbsp;:<\/p>\n\n\n\n<h2 class=\"wp-block-heading\">Dignit\u00e9<\/h2>\n\n\n\n<p>McMillan Vantage s\u2019emploie \u00e0 fournir des services de mani\u00e8re \u00e0 respecter la dignit\u00e9 de ses clients ayant un handicap ou une incapacit\u00e9. \u00c0 nos yeux, ceux-ci ont la m\u00eame valeur que les autres clients, et ils m\u00e9ritent des services opportuns et de premier ordre. Ils peuvent s\u2019attendre \u00e0 la m\u00eame qualit\u00e9 de service et n\u2019auront pas \u00e0 subir d\u2019inconv\u00e9nients pour profiter de notre expertise.<\/p>\n\n\n\n<h2 class=\"wp-block-heading\">Ind\u00e9pendance<\/h2>\n\n\n\n<p>Les membres de notre cabinet sont form\u00e9s ad\u00e9quatement et savent bien que les personnes ayant un handicap ou une incapacit\u00e9 ou ayant une incapacit\u00e9 devraient avoir la libert\u00e9 et la possibilit\u00e9 d\u2019acc\u00e9der \u00e0 des services \u00e0 leur guise et sans \u00eatre influenc\u00e9es par d\u2019autres personnes.&nbsp;<\/p>\n\n\n\n<h2 class=\"wp-block-heading\">Int\u00e9gration<\/h2>\n\n\n\n<p>\u00c0 McMillan Vantage, nous nous engageons \u00e0 cr\u00e9er un environnement ouvert \u00e0 tous, de m\u00eame qu\u2019\u00e0 assurer l\u2019int\u00e9gration de nos services. Nos clients handicap\u00e9s b\u00e9n\u00e9ficient \u00e9quitablement des m\u00eames services, au m\u00eame endroit et de la m\u00eame mani\u00e8re, ou de fa\u00e7on similaire, que tous nos autres clients. Si une personne ayant un handicap ou une incapacit\u00e9 requiert des mesures sp\u00e9ciales pour avoir acc\u00e8s \u00e0 nos services, les membres du cabinet mettront tout en \u0153uvre pour l\u2019accommoder \u00e0 cet \u00e9gard.<\/p>\n\n\n\n<h2 class=\"wp-block-heading\">\u00c9galit\u00e9 des chances<\/h2>\n\n\n\n<p>McMillan Vantage est d\u00e9termin\u00e9 \u00e0 ce que ses clients ayant un handicap ou une incapacit\u00e9 aient droit aux m\u00eames chances, aux m\u00eames choix, aux m\u00eames avantages et aux m\u00eames r\u00e9sultats lorsqu\u2019ils ont recours \u00e0 nos services. Ils n\u2019ont pas \u00e0 fournir d\u2019efforts suppl\u00e9mentaires pour acc\u00e9der \u00e0 nos services et pour profiter de nos conseils.<\/p>\n\n\n\n<p>La Politique sur les normes en mati\u00e8re de service \u00e0 la client\u00e8le de McMillan Vantage a \u00e9t\u00e9 cr\u00e9\u00e9e dans le but de souligner l\u2019engagement du cabinet \u00e0 offrir d\u2019excellents services \u00e0 sa client\u00e8le. Elle vise \u00e9galement \u00e0 d\u00e9crire les principes et les pratiques devant \u00eatre mis en \u0153uvre pour assurer que les personnes ayant un handicap ou une incapacit\u00e9 b\u00e9n\u00e9ficient de services exceptionnels.<\/p>\n\n\n\n<p>La Politique sur les normes d\u2019accessibilit\u00e9 int\u00e9gr\u00e9es de McMillan Vantage, quant \u00e0 elle, a \u00e9t\u00e9 mise en place afin d\u2019indiquer l\u2019engagement du cabinet \u00e0 rep\u00e9rer, \u00e0 supprimer et \u00e0 pr\u00e9venir les obstacles que rencontrent les personnes ayant un handicap ou une incapacit\u00e9 dans les domaines de l\u2019information, des communications et de l\u2019emploi, conform\u00e9ment au r\u00e8glement sur les Normes d\u2019accessibilit\u00e9 int\u00e9gr\u00e9es.<\/p>\n\n\n\n<p>McMillan Vantage s\u2019est engag\u00e9 \u00e0 \u00e9laborer des politiques qui respectent et favorisent la dignit\u00e9 et l\u2019ind\u00e9pendance des personnes ayant un handicap ou une incapacit\u00e9. Par cons\u00e9quent, nos politiques ne peuvent \u00eatre modifi\u00e9es sans d\u2019abord prendre en consid\u00e9ration les r\u00e9percussions que ces changements pourraient occasionner \u00e0 nos clients ayant un handicap ou une incapacit\u00e9.<\/p>\n\n\n\n<p>Des copies des politiques du cabinet sont disponibles sur demande, en \u00e9crivant \u00e0 l\u2019adresse <a href=\"mailto:info@mcmillanvantage.com\">info@mcmillanvantage.com<\/a><\/p>\n\n\n\n<h2 class=\"wp-block-heading\">Plan d\u2019accessibilit\u00e9 pluriannuel<\/h2>\n\n\n\n<p>McMillan Vantage s\u2019est engag\u00e9 \u00e0 mettre sur pied et \u00e0 maintenir un&nbsp;<a href=\"https:\/\/www.mcmillan.ca\/webfiles\/Multi-Year%20Accessibility%20Plan%20-%20McMillan%20Vantage%20Policy%20Group_FR%20(2).pdf\">plan d\u2019accessibilit\u00e9 pluriannuel<\/a>&nbsp;(le \u00ab&nbsp;plan d\u2019accessibilit\u00e9&nbsp;\u00bb) pr\u00e9sentant la strat\u00e9gie du cabinet qui vise \u00e0 pr\u00e9venir et \u00e0 supprimer les obstacles que rencontrent les personnes ayant un handicap ou une incapacit\u00e9. Notre plan d\u2019accessibilit\u00e9 sera constamment r\u00e9examin\u00e9 jusqu\u2019\u00e0 ce que tous les objectifs aient \u00e9t\u00e9 atteints conform\u00e9ment aux d\u00e9lais pr\u00e9vus par les Normes d\u2019accessibilit\u00e9 int\u00e9gr\u00e9es. Le plan d\u2019accessibilit\u00e9 sera ensuite examin\u00e9 et actualis\u00e9 au moins une fois tous les cinq ans.<\/p>\n\n\n\n<p>Des copies du plan d\u2019accessibilit\u00e9 sont offertes dans un m\u00e9dia substitut, sur demande.<\/p>\n\n\n\n<h2 class=\"wp-block-heading\">Formats accessibles et soutien en mati\u00e8re de communication<\/h2>\n\n\n\n<p>McMillan Vantage s\u2019engage \u00e0 fournir ou \u00e0 prendre des dispositions pour la prestation de formats accessibles et d\u2019une assistance \u00e0 la communication aux personnes ayant un handicap ou une incapacit\u00e9. Si vous avez besoin d\u2019un format accessible ou d\u2019une assistance \u00e0 la communication, veuillez \u00e9crire \u00e0 <a href=\"mailto:info@mcmillanvantage.ca\">info@mcmillanvantage.com<\/a> ou appeler le&nbsp;1&nbsp;888&nbsp;603&nbsp;7720 et demander \u00e0 \u00eatre mis en communication avec Robyn Osgood, directrice nationale.<\/p>\n\n\n\n<h2 class=\"wp-block-heading\">Formation<\/h2>\n\n\n\n<p>McMillan Vantage s\u2019engage \u00e0 ce que les membres de son \u00e9quipe soient form\u00e9s pour mieux offrir leurs services aux personnes ayant un handicap ou une incapacit\u00e9. Cette formation a par ailleurs \u00e9t\u00e9 con\u00e7ue pour r\u00e9pondre aux exigences de conformit\u00e9 des normes \u00e9tablies pour le service \u00e0 la client\u00e8le. Le cabinet a ajout\u00e9 cet imp\u00e9ratif aux pratiques d\u2019embauche afin de s\u2019assurer que les salari\u00e9s d\u00e9sign\u00e9s terminent la formation relative \u00e0 la Norme d\u2019accessibilit\u00e9 des services \u00e0 la client\u00e8le dans un d\u00e9lai raisonnable apr\u00e8s qu\u2019ils ont accept\u00e9 leur emploi.<\/p>\n\n\n\n<h2 class=\"wp-block-heading\">Avis de perturbations temporaires<\/h2>\n\n\n\n<p>McMillan Vantage avisera ses clients en cas de perturbation planifi\u00e9e ou impr\u00e9vue dans ses installations (en ce qui concerne l\u2019espace occup\u00e9 par notre cabinet) ou des services habituellement utilis\u00e9s par les personnes ayant un handicap ou une incapacit\u00e9. Ces avis fourniront, lorsque possible, des renseignements \u00e0 propos du motif et de la dur\u00e9e pr\u00e9vue du d\u00e9rangement (dans la mesure o\u00f9 cette information est disponible), ainsi qu\u2019au sujet des services ou installations de substitution, le cas \u00e9ch\u00e9ant.<\/p>\n\n\n\n<p>Ces renseignements seront communiqu\u00e9s au public promptement, d\u00e8s que le cabinet aura \u00e9t\u00e9 inform\u00e9 de la perturbation. En ce qui concerne les perturbations planifi\u00e9es, des avis seront pr\u00e9alablement transmis.<\/p>\n\n\n\n<p><strong>Il n\u2019y a aucune perturbation actuellement.<\/strong><\/p>\n\n\n\n<h2 class=\"wp-block-heading\">Commentaires<\/h2>\n\n\n\n<p>McMillan Vantage accepte les commentaires \u00e0 propos des moyens mis en \u0153uvre pour offrir des services aux personnes ayant un handicap ou une incapacit\u00e9, et McMillan Vantage s\u2019engage \u00e0 rendre ce processus accessible \u00e0 tous ses clients.<\/p>\n\n\n\n<p>Les commentaires concernant la prestation du service client de McMillan Vantage relativement \u00e0 cette politique peuvent \u00eatre transmis par les moyens suivants&nbsp;:<\/p>\n\n\n\n<p>Courriel&nbsp;: info@mcmillanvantage.com<\/p>\n\n\n\n<p>T\u00e9l\u00e9phone&nbsp;: 1&nbsp;888&nbsp;603&nbsp;7720; demander \u00e0 \u00eatre mis en contact avec le directeur g\u00e9n\u00e9ral ou la directrice g\u00e9n\u00e9rale<\/p>\n\n\n\n<p>Par \u00e9crit&nbsp;:<br>McMillan Vantage \u2013 Affaires publiques S.E.C.<br>\u00c0 l\u2019attention du directeur g\u00e9n\u00e9ral\/de la directrice g\u00e9n\u00e9rale<br>Brookfield Place&nbsp;<br>181 Bay Street, Suite&nbsp;4400<br>Toronto (Ontario) &nbsp;M5J 2T3<\/p>\n\n\n\n<p>Ou par tout autre mode de communication adapt\u00e9 au handicap ou \u00e0 l\u2019incapacit\u00e9 du client. <br>Tous les commentaires doivent \u00eatre adress\u00e9s \u00e0 un directeur g\u00e9n\u00e9ral ou \u00e0 une directrice g\u00e9n\u00e9rale<\/p>\n\n\n\n<h2 class=\"wp-block-heading\">Questions<\/h2>\n\n\n\n<p>Si vous avez des questions au sujet de l\u2019accessibilit\u00e9 des installations de McMillan Vantage, envoyez un courriel \u00e0 <a href=\"mailto:info@mcmillanvantage.com\">info@mcmillanvantage.com<\/a>&nbsp;ou composez le 1&nbsp;888&nbsp;603&nbsp;7720 et demandez \u00e0 \u00eatre mis en contact avec un directeur g\u00e9n\u00e9ral ou une directrice g\u00e9n\u00e9rale.<\/p>\n","protected":false},"excerpt":{"rendered":"<p>McMillan Vantage s\u2019efforce toujours de promouvoir un environnement de travail \u00e9quitable et divers, tant pour nos clients que pour les membres du cabinet. Nous reconnaissons&hellip;<\/p>\n<p class=\"read-more\"><a class=\"\" href=\"https:\/\/mcmillanvantage.com\/fr\/accessibilite\/\"><span class=\"screen-reader-text\">Accessibilit\u00e9<\/span>Lire plus<\/a><\/span><\/p>\n","protected":false},"author":1,"featured_media":0,"parent":0,"menu_order":21,"comment_status":"closed","ping_status":"closed","template":"","meta":{"_acf_changed":false,"site-sidebar-layout":"default","site-content-layout":"default","ast-global-header-display":"","ast-main-header-display":"","ast-hfb-above-header-display":"","ast-hfb-below-header-display":"","ast-hfb-mobile-header-display":"","site-post-title":"","ast-breadcrumbs-content":"","ast-featured-img":"","footer-sml-layout":"","theme-transparent-header-meta":"","adv-header-id-meta":"","stick-header-meta":"","header-above-stick-meta":"","header-main-stick-meta":"","header-below-stick-meta":"","footnotes":""},"class_list":["post-230","page","type-page","status-publish","hentry"],"acf":[],"yoast_head":"<!-- This site is optimized with the Yoast SEO plugin v26.3 - https:\/\/yoast.com\/wordpress\/plugins\/seo\/ -->\n<title>Accessibilit\u00e9 - McMillan Vantage<\/title>\n<meta name=\"robots\" content=\"index, follow, max-snippet:-1, max-image-preview:large, max-video-preview:-1\" \/>\n<link rel=\"canonical\" href=\"https:\/\/mcmillanvantage.com\/fr\/accessibilite\/\" \/>\n<meta property=\"og:locale\" content=\"fr_CA\" \/>\n<meta property=\"og:type\" content=\"article\" \/>\n<meta property=\"og:title\" content=\"Accessibilit\u00e9 - McMillan Vantage\" \/>\n<meta property=\"og:description\" content=\"McMillan Vantage s\u2019efforce toujours de promouvoir un environnement de travail \u00e9quitable et divers, tant pour nos clients que pour les membres du cabinet. Nous reconnaissons&hellip;Accessibilit\u00e9Lire plus\" \/>\n<meta property=\"og:url\" content=\"https:\/\/mcmillanvantage.com\/fr\/accessibilite\/\" \/>\n<meta property=\"og:site_name\" content=\"McMillan Vantage\" \/>\n<meta property=\"article:modified_time\" content=\"2022-06-20T17:04:27+00:00\" \/>\n<meta name=\"twitter:card\" content=\"summary_large_image\" \/>\n<meta name=\"twitter:label1\" content=\"Estimation du temps de lecture\" \/>\n\t<meta name=\"twitter:data1\" content=\"7 minutes\" \/>\n<script type=\"application\/ld+json\" class=\"yoast-schema-graph\">{\"@context\":\"https:\/\/schema.org\",\"@graph\":[{\"@type\":\"WebPage\",\"@id\":\"https:\/\/mcmillanvantage.com\/fr\/accessibilite\/\",\"url\":\"https:\/\/mcmillanvantage.com\/fr\/accessibilite\/\",\"name\":\"Accessibilit\u00e9 - McMillan Vantage\",\"isPartOf\":{\"@id\":\"https:\/\/mcmillanvantage.com\/fr\/#website\"},\"datePublished\":\"2019-01-16T00:14:24+00:00\",\"dateModified\":\"2022-06-20T17:04:27+00:00\",\"breadcrumb\":{\"@id\":\"https:\/\/mcmillanvantage.com\/fr\/accessibilite\/#breadcrumb\"},\"inLanguage\":\"fr-CA\",\"potentialAction\":[{\"@type\":\"ReadAction\",\"target\":[\"https:\/\/mcmillanvantage.com\/fr\/accessibilite\/\"]}]},{\"@type\":\"BreadcrumbList\",\"@id\":\"https:\/\/mcmillanvantage.com\/fr\/accessibilite\/#breadcrumb\",\"itemListElement\":[{\"@type\":\"ListItem\",\"position\":1,\"name\":\"Home\",\"item\":\"https:\/\/mcmillanvantage.com\/fr\/\"},{\"@type\":\"ListItem\",\"position\":2,\"name\":\"Accessibilit\u00e9\"}]},{\"@type\":\"WebSite\",\"@id\":\"https:\/\/mcmillanvantage.com\/fr\/#website\",\"url\":\"https:\/\/mcmillanvantage.com\/fr\/\",\"name\":\"McMillan Vantage\",\"description\":\"\",\"publisher\":{\"@id\":\"https:\/\/mcmillanvantage.com\/fr\/#organization\"},\"potentialAction\":[{\"@type\":\"SearchAction\",\"target\":{\"@type\":\"EntryPoint\",\"urlTemplate\":\"https:\/\/mcmillanvantage.com\/fr\/?s={search_term_string}\"},\"query-input\":{\"@type\":\"PropertyValueSpecification\",\"valueRequired\":true,\"valueName\":\"search_term_string\"}}],\"inLanguage\":\"fr-CA\"},{\"@type\":\"Organization\",\"@id\":\"https:\/\/mcmillanvantage.com\/fr\/#organization\",\"name\":\"McMillan Vantage\",\"url\":\"https:\/\/mcmillanvantage.com\/fr\/\",\"logo\":{\"@type\":\"ImageObject\",\"inLanguage\":\"fr-CA\",\"@id\":\"https:\/\/mcmillanvantage.com\/fr\/#\/schema\/logo\/image\/\",\"url\":\"https:\/\/mcmillanvantage.com\/fr\/wp-content\/uploads\/sites\/3\/2023\/02\/mv-logo-web.svg\",\"contentUrl\":\"https:\/\/mcmillanvantage.com\/fr\/wp-content\/uploads\/sites\/3\/2023\/02\/mv-logo-web.svg\",\"width\":255,\"height\":40,\"caption\":\"McMillan Vantage\"},\"image\":{\"@id\":\"https:\/\/mcmillanvantage.com\/fr\/#\/schema\/logo\/image\/\"},\"sameAs\":[\"https:\/\/www.linkedin.com\/company\/mcmillanvantage\"]}]}<\/script>\n<!-- \/ Yoast SEO plugin. -->","yoast_head_json":{"title":"Accessibilit\u00e9 - McMillan Vantage","robots":{"index":"index","follow":"follow","max-snippet":"max-snippet:-1","max-image-preview":"max-image-preview:large","max-video-preview":"max-video-preview:-1"},"canonical":"https:\/\/mcmillanvantage.com\/fr\/accessibilite\/","og_locale":"fr_CA","og_type":"article","og_title":"Accessibilit\u00e9 - McMillan Vantage","og_description":"McMillan Vantage s\u2019efforce toujours de promouvoir un environnement de travail \u00e9quitable et divers, tant pour nos clients que pour les membres du cabinet. Nous reconnaissons&hellip;Accessibilit\u00e9Lire plus","og_url":"https:\/\/mcmillanvantage.com\/fr\/accessibilite\/","og_site_name":"McMillan Vantage","article_modified_time":"2022-06-20T17:04:27+00:00","twitter_card":"summary_large_image","twitter_misc":{"Estimation du temps de lecture":"7 minutes"},"schema":{"@context":"https:\/\/schema.org","@graph":[{"@type":"WebPage","@id":"https:\/\/mcmillanvantage.com\/fr\/accessibilite\/","url":"https:\/\/mcmillanvantage.com\/fr\/accessibilite\/","name":"Accessibilit\u00e9 - McMillan Vantage","isPartOf":{"@id":"https:\/\/mcmillanvantage.com\/fr\/#website"},"datePublished":"2019-01-16T00:14:24+00:00","dateModified":"2022-06-20T17:04:27+00:00","breadcrumb":{"@id":"https:\/\/mcmillanvantage.com\/fr\/accessibilite\/#breadcrumb"},"inLanguage":"fr-CA","potentialAction":[{"@type":"ReadAction","target":["https:\/\/mcmillanvantage.com\/fr\/accessibilite\/"]}]},{"@type":"BreadcrumbList","@id":"https:\/\/mcmillanvantage.com\/fr\/accessibilite\/#breadcrumb","itemListElement":[{"@type":"ListItem","position":1,"name":"Home","item":"https:\/\/mcmillanvantage.com\/fr\/"},{"@type":"ListItem","position":2,"name":"Accessibilit\u00e9"}]},{"@type":"WebSite","@id":"https:\/\/mcmillanvantage.com\/fr\/#website","url":"https:\/\/mcmillanvantage.com\/fr\/","name":"McMillan Vantage","description":"","publisher":{"@id":"https:\/\/mcmillanvantage.com\/fr\/#organization"},"potentialAction":[{"@type":"SearchAction","target":{"@type":"EntryPoint","urlTemplate":"https:\/\/mcmillanvantage.com\/fr\/?s={search_term_string}"},"query-input":{"@type":"PropertyValueSpecification","valueRequired":true,"valueName":"search_term_string"}}],"inLanguage":"fr-CA"},{"@type":"Organization","@id":"https:\/\/mcmillanvantage.com\/fr\/#organization","name":"McMillan Vantage","url":"https:\/\/mcmillanvantage.com\/fr\/","logo":{"@type":"ImageObject","inLanguage":"fr-CA","@id":"https:\/\/mcmillanvantage.com\/fr\/#\/schema\/logo\/image\/","url":"https:\/\/mcmillanvantage.com\/fr\/wp-content\/uploads\/sites\/3\/2023\/02\/mv-logo-web.svg","contentUrl":"https:\/\/mcmillanvantage.com\/fr\/wp-content\/uploads\/sites\/3\/2023\/02\/mv-logo-web.svg","width":255,"height":40,"caption":"McMillan Vantage"},"image":{"@id":"https:\/\/mcmillanvantage.com\/fr\/#\/schema\/logo\/image\/"},"sameAs":["https:\/\/www.linkedin.com\/company\/mcmillanvantage"]}]}},"_links":{"self":[{"href":"https:\/\/mcmillanvantage.com\/fr\/wp-json\/wp\/v2\/pages\/230","targetHints":{"allow":["GET"]}}],"collection":[{"href":"https:\/\/mcmillanvantage.com\/fr\/wp-json\/wp\/v2\/pages"}],"about":[{"href":"https:\/\/mcmillanvantage.com\/fr\/wp-json\/wp\/v2\/types\/page"}],"author":[{"embeddable":true,"href":"https:\/\/mcmillanvantage.com\/fr\/wp-json\/wp\/v2\/users\/1"}],"replies":[{"embeddable":true,"href":"https:\/\/mcmillanvantage.com\/fr\/wp-json\/wp\/v2\/comments?post=230"}],"version-history":[{"count":0,"href":"https:\/\/mcmillanvantage.com\/fr\/wp-json\/wp\/v2\/pages\/230\/revisions"}],"wp:attachment":[{"href":"https:\/\/mcmillanvantage.com\/fr\/wp-json\/wp\/v2\/media?parent=230"}],"curies":[{"name":"wp","href":"https:\/\/api.w.org\/{rel}","templated":true}]}}