{"id":468,"date":"2019-05-02T13:44:40","date_gmt":"2019-05-02T17:44:40","guid":{"rendered":"http:\/\/mcmillanvantage.com\/cookie-policy\/"},"modified":"2022-06-20T13:04:39","modified_gmt":"2022-06-20T17:04:39","slug":"temoins","status":"publish","type":"page","link":"https:\/\/mcmillanvantage.com\/fr\/temoins\/","title":{"rendered":"Politique d\u2019utilisation de t\u00e9moins"},"content":{"rendered":"\n<hr class=\"wp-block-separator is-style-wide\"\/>\n\n\n\n<div style=\"height:32px\" aria-hidden=\"true\" class=\"wp-block-spacer\"><\/div>\n\n\n\n<p><strong>Ce site utilise des t\u00e9moins<\/strong> (ou&nbsp;<em>cookies<\/em>&nbsp;en anglais), soit de petits fichiers texte plac\u00e9s sur votre appareil pour aider le site \u00e0 vous offrir une meilleure exp\u00e9rience utilisateur. En g\u00e9n\u00e9ral, les t\u00e9moins sont utilis\u00e9s pour noter les pr\u00e9f\u00e9rences de l\u2019utilisateur, stocker de l\u2019information relative \u00e0 des \u00e9l\u00e9ments comme les paniers d\u2019achats et fournir des donn\u00e9es de suivi anonymis\u00e9es \u00e0 des applications tierces comme Google Analytics. En r\u00e8gle g\u00e9n\u00e9rale, les t\u00e9moins am\u00e9liorent votre exp\u00e9rience de navigation. Toutefois, vous pourriez pr\u00e9f\u00e9rer les d\u00e9sactiver sur ce site et sur d\u2019autres sites. La mani\u00e8re la plus efficace de le faire consiste \u00e0 d\u00e9sactiver les t\u00e9moins dans votre navigateur. Nous vous sugg\u00e9rons de consulter la section \u00ab&nbsp;Aide&nbsp;\u00bb de votre navigateur ou de jeter un coup d\u2019\u0153il au site Web&nbsp;<a href=\"https:\/\/www.aboutcookies.org\/\">About Cookies<\/a>&nbsp;qui offre des conseils pour tous les navigateurs modernes.&nbsp;<\/p>\n","protected":false},"excerpt":{"rendered":"<p>Ce site utilise des t\u00e9moins (ou&nbsp;cookies&nbsp;en anglais), soit de petits fichiers texte plac\u00e9s sur votre appareil pour aider le site \u00e0 vous offrir une meilleure&hellip;<\/p>\n<p class=\"read-more\"><a class=\"\" href=\"https:\/\/mcmillanvantage.com\/fr\/temoins\/\"><span class=\"screen-reader-text\">Politique d\u2019utilisation de t\u00e9moins<\/span>Lire plus<\/a><\/span><\/p>\n","protected":false},"author":1,"featured_media":0,"parent":0,"menu_order":16,"comment_status":"closed","ping_status":"closed","template":"","meta":{"_acf_changed":false,"site-sidebar-layout":"default","site-content-layout":"default","ast-global-header-display":"","ast-main-header-display":"","ast-hfb-above-header-display":"","ast-hfb-below-header-display":"","ast-hfb-mobile-header-display":"","site-post-title":"","ast-breadcrumbs-content":"","ast-featured-img":"","footer-sml-layout":"","theme-transparent-header-meta":"","adv-header-id-meta":"","stick-header-meta":"","header-above-stick-meta":"","header-main-stick-meta":"","header-below-stick-meta":"","footnotes":""},"class_list":["post-468","page","type-page","status-publish","hentry"],"acf":[],"yoast_head":"<!-- This site is optimized with the Yoast SEO plugin v26.3 - https:\/\/yoast.com\/wordpress\/plugins\/seo\/ -->\n<title>Politique d\u2019utilisation de t\u00e9moins - McMillan Vantage<\/title>\n<meta name=\"robots\" content=\"index, follow, max-snippet:-1, max-image-preview:large, max-video-preview:-1\" \/>\n<link rel=\"canonical\" href=\"https:\/\/mcmillanvantage.com\/fr\/temoins\/\" \/>\n<meta property=\"og:locale\" content=\"fr_CA\" \/>\n<meta property=\"og:type\" content=\"article\" \/>\n<meta property=\"og:title\" content=\"Politique d\u2019utilisation de t\u00e9moins - McMillan Vantage\" \/>\n<meta property=\"og:description\" content=\"Ce site utilise des t\u00e9moins (ou&nbsp;cookies&nbsp;en anglais), soit de petits fichiers texte plac\u00e9s sur votre appareil pour aider le site \u00e0 vous offrir une meilleure&hellip;Politique d\u2019utilisation de t\u00e9moinsLire plus\" \/>\n<meta property=\"og:url\" content=\"https:\/\/mcmillanvantage.com\/fr\/temoins\/\" \/>\n<meta property=\"og:site_name\" content=\"McMillan Vantage\" \/>\n<meta property=\"article:modified_time\" content=\"2022-06-20T17:04:39+00:00\" \/>\n<meta name=\"twitter:card\" content=\"summary_large_image\" \/>\n<meta name=\"twitter:label1\" content=\"Estimation du temps de lecture\" \/>\n\t<meta name=\"twitter:data1\" content=\"1 minute\" \/>\n<script type=\"application\/ld+json\" class=\"yoast-schema-graph\">{\"@context\":\"https:\/\/schema.org\",\"@graph\":[{\"@type\":\"WebPage\",\"@id\":\"https:\/\/mcmillanvantage.com\/fr\/temoins\/\",\"url\":\"https:\/\/mcmillanvantage.com\/fr\/temoins\/\",\"name\":\"Politique d\u2019utilisation de t\u00e9moins - McMillan Vantage\",\"isPartOf\":{\"@id\":\"https:\/\/mcmillanvantage.com\/fr\/#website\"},\"datePublished\":\"2019-05-02T17:44:40+00:00\",\"dateModified\":\"2022-06-20T17:04:39+00:00\",\"breadcrumb\":{\"@id\":\"https:\/\/mcmillanvantage.com\/fr\/temoins\/#breadcrumb\"},\"inLanguage\":\"fr-CA\",\"potentialAction\":[{\"@type\":\"ReadAction\",\"target\":[\"https:\/\/mcmillanvantage.com\/fr\/temoins\/\"]}]},{\"@type\":\"BreadcrumbList\",\"@id\":\"https:\/\/mcmillanvantage.com\/fr\/temoins\/#breadcrumb\",\"itemListElement\":[{\"@type\":\"ListItem\",\"position\":1,\"name\":\"Home\",\"item\":\"https:\/\/mcmillanvantage.com\/fr\/\"},{\"@type\":\"ListItem\",\"position\":2,\"name\":\"Politique d\u2019utilisation de t\u00e9moins\"}]},{\"@type\":\"WebSite\",\"@id\":\"https:\/\/mcmillanvantage.com\/fr\/#website\",\"url\":\"https:\/\/mcmillanvantage.com\/fr\/\",\"name\":\"McMillan Vantage\",\"description\":\"\",\"publisher\":{\"@id\":\"https:\/\/mcmillanvantage.com\/fr\/#organization\"},\"potentialAction\":[{\"@type\":\"SearchAction\",\"target\":{\"@type\":\"EntryPoint\",\"urlTemplate\":\"https:\/\/mcmillanvantage.com\/fr\/?s={search_term_string}\"},\"query-input\":{\"@type\":\"PropertyValueSpecification\",\"valueRequired\":true,\"valueName\":\"search_term_string\"}}],\"inLanguage\":\"fr-CA\"},{\"@type\":\"Organization\",\"@id\":\"https:\/\/mcmillanvantage.com\/fr\/#organization\",\"name\":\"McMillan Vantage\",\"url\":\"https:\/\/mcmillanvantage.com\/fr\/\",\"logo\":{\"@type\":\"ImageObject\",\"inLanguage\":\"fr-CA\",\"@id\":\"https:\/\/mcmillanvantage.com\/fr\/#\/schema\/logo\/image\/\",\"url\":\"https:\/\/mcmillanvantage.com\/fr\/wp-content\/uploads\/sites\/3\/2023\/02\/mv-logo-web.svg\",\"contentUrl\":\"https:\/\/mcmillanvantage.com\/fr\/wp-content\/uploads\/sites\/3\/2023\/02\/mv-logo-web.svg\",\"width\":255,\"height\":40,\"caption\":\"McMillan Vantage\"},\"image\":{\"@id\":\"https:\/\/mcmillanvantage.com\/fr\/#\/schema\/logo\/image\/\"},\"sameAs\":[\"https:\/\/www.linkedin.com\/company\/mcmillanvantage\"]}]}<\/script>\n<!-- \/ Yoast SEO plugin. -->","yoast_head_json":{"title":"Politique d\u2019utilisation de t\u00e9moins - McMillan Vantage","robots":{"index":"index","follow":"follow","max-snippet":"max-snippet:-1","max-image-preview":"max-image-preview:large","max-video-preview":"max-video-preview:-1"},"canonical":"https:\/\/mcmillanvantage.com\/fr\/temoins\/","og_locale":"fr_CA","og_type":"article","og_title":"Politique d\u2019utilisation de t\u00e9moins - McMillan Vantage","og_description":"Ce site utilise des t\u00e9moins (ou&nbsp;cookies&nbsp;en anglais), soit de petits fichiers texte plac\u00e9s sur votre appareil pour aider le site \u00e0 vous offrir une meilleure&hellip;Politique d\u2019utilisation de t\u00e9moinsLire plus","og_url":"https:\/\/mcmillanvantage.com\/fr\/temoins\/","og_site_name":"McMillan Vantage","article_modified_time":"2022-06-20T17:04:39+00:00","twitter_card":"summary_large_image","twitter_misc":{"Estimation du temps de lecture":"1 minute"},"schema":{"@context":"https:\/\/schema.org","@graph":[{"@type":"WebPage","@id":"https:\/\/mcmillanvantage.com\/fr\/temoins\/","url":"https:\/\/mcmillanvantage.com\/fr\/temoins\/","name":"Politique d\u2019utilisation de t\u00e9moins - McMillan Vantage","isPartOf":{"@id":"https:\/\/mcmillanvantage.com\/fr\/#website"},"datePublished":"2019-05-02T17:44:40+00:00","dateModified":"2022-06-20T17:04:39+00:00","breadcrumb":{"@id":"https:\/\/mcmillanvantage.com\/fr\/temoins\/#breadcrumb"},"inLanguage":"fr-CA","potentialAction":[{"@type":"ReadAction","target":["https:\/\/mcmillanvantage.com\/fr\/temoins\/"]}]},{"@type":"BreadcrumbList","@id":"https:\/\/mcmillanvantage.com\/fr\/temoins\/#breadcrumb","itemListElement":[{"@type":"ListItem","position":1,"name":"Home","item":"https:\/\/mcmillanvantage.com\/fr\/"},{"@type":"ListItem","position":2,"name":"Politique d\u2019utilisation de t\u00e9moins"}]},{"@type":"WebSite","@id":"https:\/\/mcmillanvantage.com\/fr\/#website","url":"https:\/\/mcmillanvantage.com\/fr\/","name":"McMillan Vantage","description":"","publisher":{"@id":"https:\/\/mcmillanvantage.com\/fr\/#organization"},"potentialAction":[{"@type":"SearchAction","target":{"@type":"EntryPoint","urlTemplate":"https:\/\/mcmillanvantage.com\/fr\/?s={search_term_string}"},"query-input":{"@type":"PropertyValueSpecification","valueRequired":true,"valueName":"search_term_string"}}],"inLanguage":"fr-CA"},{"@type":"Organization","@id":"https:\/\/mcmillanvantage.com\/fr\/#organization","name":"McMillan Vantage","url":"https:\/\/mcmillanvantage.com\/fr\/","logo":{"@type":"ImageObject","inLanguage":"fr-CA","@id":"https:\/\/mcmillanvantage.com\/fr\/#\/schema\/logo\/image\/","url":"https:\/\/mcmillanvantage.com\/fr\/wp-content\/uploads\/sites\/3\/2023\/02\/mv-logo-web.svg","contentUrl":"https:\/\/mcmillanvantage.com\/fr\/wp-content\/uploads\/sites\/3\/2023\/02\/mv-logo-web.svg","width":255,"height":40,"caption":"McMillan Vantage"},"image":{"@id":"https:\/\/mcmillanvantage.com\/fr\/#\/schema\/logo\/image\/"},"sameAs":["https:\/\/www.linkedin.com\/company\/mcmillanvantage"]}]}},"_links":{"self":[{"href":"https:\/\/mcmillanvantage.com\/fr\/wp-json\/wp\/v2\/pages\/468","targetHints":{"allow":["GET"]}}],"collection":[{"href":"https:\/\/mcmillanvantage.com\/fr\/wp-json\/wp\/v2\/pages"}],"about":[{"href":"https:\/\/mcmillanvantage.com\/fr\/wp-json\/wp\/v2\/types\/page"}],"author":[{"embeddable":true,"href":"https:\/\/mcmillanvantage.com\/fr\/wp-json\/wp\/v2\/users\/1"}],"replies":[{"embeddable":true,"href":"https:\/\/mcmillanvantage.com\/fr\/wp-json\/wp\/v2\/comments?post=468"}],"version-history":[{"count":0,"href":"https:\/\/mcmillanvantage.com\/fr\/wp-json\/wp\/v2\/pages\/468\/revisions"}],"wp:attachment":[{"href":"https:\/\/mcmillanvantage.com\/fr\/wp-json\/wp\/v2\/media?parent=468"}],"curies":[{"name":"wp","href":"https:\/\/api.w.org\/{rel}","templated":true}]}}